
{"id":6516,"date":"2022-12-11T09:32:00","date_gmt":"2022-12-11T09:32:00","guid":{"rendered":"https:\/\/www.overline-design.de\/poetry\/?page_id=6516"},"modified":"2022-12-12T16:11:54","modified_gmt":"2022-12-12T16:11:54","slug":"energiewirtschaft-misstwirtschaft","status":"publish","type":"page","link":"https:\/\/www.overline-design.de\/poetry\/?page_id=6516","title":{"rendered":"Energiewirtschaft = Miss(t)wirtschaft"},"content":{"rendered":"\n<p>Als ich dieses vernommen, da konnte ich es kaum glauben,<br>denn die Energielieferanten k\u00f6nnen sich wohl alles erlauben.<br>Bei Energieabrechnung die teuerste Energieerzeugung z\u00e4hlt,<br>vielleicht gesteuert, weil die Energielieferanten es so gew\u00e4hlt.<br><br>Sie haben es sogar in ihrer Macht bei ihrem Firmengeflecht,<br>dass die Energieberechnung wird dann zu geltendem Recht.<br>Mit einem Gaskraftwerk, was als teuerste Energie sich zeigt,<br>auch der Solar-, Wind-, Kohle-, Atomstrompreis mit ansteigt.<br><br>Hier erz\u00e4hlt der Spruch: \u201eEin Schelm der b\u00f6ses dabei denkt\u201c,<br>dass ein Energiekonzern, der danach seine Energiefluss lenkt.<br>Ein Gaskraftwerk f\u00fcr Strom bestimmt am \u201eMarkt\u201c den Preis<br>und schon wird so die ganze Energie teurer, ganz ohne Flei\u00df.<br><br>St\u00e4ndig gibt es dieses \u201eHase-und-Igel-Spiel\u201c und das ist wahr:<br>Die Energiepreise werden erst nach oben \u201ekorrigiert\u201c, ist klar,<br>dann wird abgesch\u00f6pft, weil es von der Politik wird finanziert,<br>dass B\u00fcrger die Zeche zahlen, die Konzerne nicht interessiert.<br><br>Die Biogasanlagen produzieren Strom und Gas f\u00fcr die Energie<br>und dieses ohne Import von Rohstoffen und fast in Autonomie.<br>Die Beh\u00f6rden tun sich mit Energiefreigaben doch sehr schwer.<br>so bleiben die \u201eRohre\u201c f\u00fcr diese Energieverwertung leider leer.<br><br>Das \u00fcbersch\u00fcssiges Gas wird durch Abfackeln dann vernichtet,<br>worauf man bei unserer derzeitigen Energienot gern verzichtet.<br>Unsere Beh\u00f6rden sind in ihrer Aufstellung schlecht strukturiert<br>und es ist klar, dass wieder nur der Verbraucher dabei verliert.<br><br>Das Kartellamt, das \u00dcberwachungsamt als \u201eTiger ohne Z\u00e4hne\u201c,<br>\u00fcberwacht zwar, aber macht nichts, ich nebenbei mit erw\u00e4hne.<br>Rufe nach Verstaatlichung der Firmen die Energie produzieren,<br>aber diese Firmen in staatlicher Hand, da werden wir verlieren.<br><br>\u00a9 Rainer Dambroth &#8211; 11.12.2021 &#8211; <strong><a href=\"https:\/\/www.overline-poetry.de\/\">www.overline-poetry.de<\/a><\/strong><\/p>\n\n\n\n<p><br>\ud83d\udd17 <a href=\"https:\/\/www.overline-design.de\/poetry\/?page_id=5839\" data-type=\"URL\" data-id=\"https:\/\/www.overline-design.de\/poetry\/?page_id=5839\"><strong>Biogasanlagen nur mit genutzer Abw\u00e4rme!<\/strong><\/a><\/p>\n\n\n\n<p><br><br><\/p>\n","protected":false},"excerpt":{"rendered":"<p>Als ich dieses vernommen, da konnte ich es kaum glauben,denn die Energielieferanten k\u00f6nnen sich wohl alles erlauben.Bei Energieabrechnung die teuerste Energieerzeugung z\u00e4hlt,vielleicht gesteuert, weil die Energielieferanten es so gew\u00e4hlt. Sie haben es sogar in ihrer Macht bei ihrem Firmengeflecht,dass die Energieberechnung wird dann zu geltendem Recht.Mit einem Gaskraftwerk, was als teuerste Energie sich zeigt,auch der [&hellip;]<\/p>\n","protected":false},"author":3,"featured_media":0,"parent":0,"menu_order":0,"comment_status":"closed","ping_status":"closed","template":"","meta":{"footnotes":""},"class_list":["post-6516","page","type-page","status-publish","hentry"],"jetpack_sharing_enabled":true,"_links":{"self":[{"href":"https:\/\/www.overline-design.de\/poetry\/index.php?rest_route=\/wp\/v2\/pages\/6516","targetHints":{"allow":["GET"]}}],"collection":[{"href":"https:\/\/www.overline-design.de\/poetry\/index.php?rest_route=\/wp\/v2\/pages"}],"about":[{"href":"https:\/\/www.overline-design.de\/poetry\/index.php?rest_route=\/wp\/v2\/types\/page"}],"author":[{"embeddable":true,"href":"https:\/\/www.overline-design.de\/poetry\/index.php?rest_route=\/wp\/v2\/users\/3"}],"replies":[{"embeddable":true,"href":"https:\/\/www.overline-design.de\/poetry\/index.php?rest_route=%2Fwp%2Fv2%2Fcomments&post=6516"}],"version-history":[{"count":4,"href":"https:\/\/www.overline-design.de\/poetry\/index.php?rest_route=\/wp\/v2\/pages\/6516\/revisions"}],"predecessor-version":[{"id":6534,"href":"https:\/\/www.overline-design.de\/poetry\/index.php?rest_route=\/wp\/v2\/pages\/6516\/revisions\/6534"}],"wp:attachment":[{"href":"https:\/\/www.overline-design.de\/poetry\/index.php?rest_route=%2Fwp%2Fv2%2Fmedia&parent=6516"}],"curies":[{"name":"wp","href":"https:\/\/api.w.org\/{rel}","templated":true}]}}