
{"id":6611,"date":"2023-01-01T09:44:24","date_gmt":"2023-01-01T09:44:24","guid":{"rendered":"https:\/\/www.overline-design.de\/poetry\/?page_id=6611"},"modified":"2023-01-23T16:32:59","modified_gmt":"2023-01-23T16:32:59","slug":"diese-chaoten-gehoeren-weggesperrt","status":"publish","type":"page","link":"https:\/\/www.overline-design.de\/poetry\/?page_id=6611","title":{"rendered":"Diese Chaoten geh\u00f6ren weggesperrt!"},"content":{"rendered":"\n<p>Vandalismus geh\u00f6rt ohne Einschr\u00e4nkung mit voller H\u00e4rte unter Strafe gestellt!<br>Egal, ob dieses den Richtern in unserem \u201eweichgesp\u00fclten\u201c Rechtssystem gef\u00e4llt.<br>Wird auch weiterhin die Kontrolle unserer Sicherheit an diese Chaoten \u00fcbergeben,<br>dann kann man Chaos und Vandalismus, wie am letzten Silvester, in Berlin erleben.<br><br>Wer mit Vorsatz unsere Sicherheit oder unser Rettungspersonal bewusst verletzt,<br>auch damit die Wehrhaftigkeit von unserem geltenden Rechtssystem untersch\u00e4tzt.<br>Sicherheitskr\u00e4fte, die f\u00fcr den Schutz der Bev\u00f6lkerung ihr eigenes Leben riskieren,<br>d\u00fcrfen nicht gegen diese Chaoten und Vandalen ihren pers\u00f6nlichen Schutz verlieren.<br><br>Wenn das gesetzlich vorgegebene Strafma\u00df wird auch voll in Anwendung gebracht,<br>werden die Chaoten sp\u00fcren, dass unser Rechtsstaat auch mal ganze Sachen macht.<br>Eine Kameravoll\u00fcberwachung, wie in China, auf allen Pl\u00e4tzen und an allen \u201eEcken\u201c,<br>so dass man beim \u00dcbergriff die Chaoten mit Namen und Adresse kann entdecken.<br><br>Selbst, wenn eine festgenommene Person aus der Gruppe stets vehement beteuert,<br>sie h\u00e4tte doch nicht selbst auf die Sicherheitskr\u00e4fte die B\u00f6ller dann \u201eabgefeuert\u201c,<br>so sollte auch das volle Strafma\u00df f\u00fcr jede Person aus der Gruppe hier angewendet,<br>um f\u00fcr die Zukunft auch sicherzustellen, dass so etwas nie wieder im Chaos endet.<br><br>Anstatt nur ein angedachtes Feuerwerksverbot f\u00fcr die Allgemeinheit durchzusetzen,<br>sollte man die Beschaffungskreativit\u00e4t dieses Personenkreises nicht untersch\u00e4tzen.<br>Gibt es in Deutschland, aufgrund eines Verbote, kein Feuerwerk mehr zu holen,<br>dann beschafft man sich diese eben illegal aus unserem Nachbarland, aus Polen.<br><br>Und wenn die illegalen \u201eB\u00f6ller\u201c gegen unsere Sicherheitskr\u00e4fte werden eingesetzt,<br>dann hat man seitens der Politik diese Vandalen und Chaoten sehr untersch\u00e4tzt.<br>Unser politisches System leider nur zu \u201eH\u00fchnerhofpanik\u201c und Aktionismus neigt,<br>wo sich beim Regieren, ohne die richtige Strategie, doch der gr\u00f6\u00dfte Fehler zeigt.<br><br>Die Vandalen d\u00fcrfen nicht sofort nach dem Protokoll und den Personalien erfassen,<br>wieder sofort in die Freiheit und am besten zum \u201eTatort des Geschehen\u201c entlassen.<br>Dieser Personenkreis geh\u00f6rt f\u00fcr mindestens einen Tag von der Chaosgruppe isoliert,<br>um so zu verhindert, dass \u201egesch\u00fctzt\u201c durch die Gruppe ein neues Unrecht passiert.<br><br>T\u00e4ter mit Migrationshintergrund sollte man aus dem Schutz der Gruppe entfernen,<br>damit sie durch Isolation von der Gruppe unsere Rechtsstaatlichkeit dann erlernen.<br>Wir spielen durch Unterlassung den rechtsextremen Parteien noch \u201ein die Karten\u201c,<br>wenn wir mit der Bestrafung nach unserem geltendem Recht auch zu lange warten.<br><br><strong>\u00a9<\/strong> Rainer Dambroth \u2013 01.01.2023\/14.01.2023 \u2013 <strong><a href=\"https:\/\/www.overline-poetry.de\/\">www.overline-poetry.de<\/a><\/strong><br><br><\/p>\n\n\n\n<p><br><\/p>\n","protected":false},"excerpt":{"rendered":"<p>Vandalismus geh\u00f6rt ohne Einschr\u00e4nkung mit voller H\u00e4rte unter Strafe gestellt!Egal, ob dieses den Richtern in unserem \u201eweichgesp\u00fclten\u201c Rechtssystem gef\u00e4llt.Wird auch weiterhin die Kontrolle unserer Sicherheit an diese Chaoten \u00fcbergeben,dann kann man Chaos und Vandalismus, wie am letzten Silvester, in Berlin erleben. Wer mit Vorsatz unsere Sicherheit oder unser Rettungspersonal bewusst verletzt,auch damit die Wehrhaftigkeit von [&hellip;]<\/p>\n","protected":false},"author":3,"featured_media":0,"parent":0,"menu_order":0,"comment_status":"closed","ping_status":"closed","template":"","meta":{"footnotes":""},"class_list":["post-6611","page","type-page","status-publish","hentry"],"jetpack_sharing_enabled":true,"_links":{"self":[{"href":"https:\/\/www.overline-design.de\/poetry\/index.php?rest_route=\/wp\/v2\/pages\/6611","targetHints":{"allow":["GET"]}}],"collection":[{"href":"https:\/\/www.overline-design.de\/poetry\/index.php?rest_route=\/wp\/v2\/pages"}],"about":[{"href":"https:\/\/www.overline-design.de\/poetry\/index.php?rest_route=\/wp\/v2\/types\/page"}],"author":[{"embeddable":true,"href":"https:\/\/www.overline-design.de\/poetry\/index.php?rest_route=\/wp\/v2\/users\/3"}],"replies":[{"embeddable":true,"href":"https:\/\/www.overline-design.de\/poetry\/index.php?rest_route=%2Fwp%2Fv2%2Fcomments&post=6611"}],"version-history":[{"count":5,"href":"https:\/\/www.overline-design.de\/poetry\/index.php?rest_route=\/wp\/v2\/pages\/6611\/revisions"}],"predecessor-version":[{"id":6731,"href":"https:\/\/www.overline-design.de\/poetry\/index.php?rest_route=\/wp\/v2\/pages\/6611\/revisions\/6731"}],"wp:attachment":[{"href":"https:\/\/www.overline-design.de\/poetry\/index.php?rest_route=%2Fwp%2Fv2%2Fmedia&parent=6611"}],"curies":[{"name":"wp","href":"https:\/\/api.w.org\/{rel}","templated":true}]}}