
{"id":6634,"date":"2023-01-06T16:44:06","date_gmt":"2023-01-06T16:44:06","guid":{"rendered":"https:\/\/www.overline-design.de\/poetry\/?page_id=6634"},"modified":"2023-01-06T17:11:37","modified_gmt":"2023-01-06T17:11:37","slug":"bremen-altenpflegeheim-pleite","status":"publish","type":"page","link":"https:\/\/www.overline-design.de\/poetry\/?page_id=6634","title":{"rendered":"Bremen &#8211; Altenpflegeheim &#8222;pleite&#8220;!"},"content":{"rendered":"\n<p>Ob sie als ein Altenpflegeheim angemeldet oder als ein privates Krankenhaus,<br>werden sie zahlungsunf\u00e4hig, dann wird das f\u00fcr die zu Pflegenden ein \u201eGraus\u201c.<br>Hier sind bei drohender Insolvenz vorzeitig die Sozialbeh\u00f6rden mit einzubinden,<br>ob sich mit einer st\u00fctzenden Finanzierung l\u00e4sst sich dann ein Ausweg noch finden.<br><br>Die Betreiber haben als Verpflichtung f\u00fcr den Schutz der Bewohner zu garantieren,<br>damit die nicht bei einer Insolvenz ungesch\u00fctzt ihre \u201eletzte\u201c Heimat dann verlieren.<br>Sollten die Betreiber der Meldepflicht einer m\u00f6glichen Insolvenz nicht nachkommen,<br>dann werden sie in pers\u00f6nlicher finanzieller Haftung oder auch in Arrest genommen.<br><br>Die Investoren, die Pflegeheime oder Krankenh\u00e4user ohne Verantwortung betreiben,<br>nur um hohe Renditen abzusch\u00f6pfen und staatliche Zusch\u00fcsse sich einzuverleiben.<br>Als Pflegeheim eine Zulassung zu bekommen, m\u00fcssen sie f\u00fcr Personal garantieren,<br>denn so wird vermieden, dass durch eine Unterversorgung die Pflegenden verlieren.<br><br>Die Senioren, die sich im Altenpflegeheim zu einer Gruppe dann zusammenf\u00fcgen,<br>diese Gruppe darf man nicht einfach auseinander dividieren und dadurch bel\u00fcgen.<br>Denn sie das soziale Zusammenleben als eine wichtige Komponente wert sch\u00e4tzen,<br>wird man durch die Behandlung als finanzielle Man\u00f6vriermasse auch sehr verletzen.<br><br>Sie werden dadurch auch ihre gefundenen freundschaftlichen Strukturen verlieren,<br>so etwas darf es in einer verantwortllch handelnden Gesellschaft nicht passieren.<br>Die Pflegeheime als Gesellschaften nur mit eingeschr\u00e4nkter Haftung zu erlauben,<br>z\u00e4hlt zu den Naivit\u00e4ten und unsere Aussichtsbeh\u00f6rden sollten nicht alles glauben.<br><br>Es geht um pflegebed\u00fcrftige Menschen, die ihren Lebensabend wollen beschlie\u00dfen<br>und mit anderen Gleichgesinnten die Fr\u00fcchte ihres Lebens gemeinsam zu genie\u00dfen.<br>Au\u00dfer nur einer Zertifizierung als ein anerkanntes Altenpflegeheim zu durchlaufen,<br>muss auch festgestellt werden, ob sie solvent und die Lebensmittel k\u00f6nnen kaufen.<br><br><strong>\u00a9<\/strong> Rainer Dambroth &#8211; 05.01.2023 &#8211; <strong><a href=\"https:\/\/www.overline-poetry.de\/\">www.overline-poetry.de<\/a><\/strong><br><br><\/p>\n\n\n\n<p><br><br><\/p>\n\n\n\n<p><br><\/p>\n","protected":false},"excerpt":{"rendered":"<p>Ob sie als ein Altenpflegeheim angemeldet oder als ein privates Krankenhaus,werden sie zahlungsunf\u00e4hig, dann wird das f\u00fcr die zu Pflegenden ein \u201eGraus\u201c.Hier sind bei drohender Insolvenz vorzeitig die Sozialbeh\u00f6rden mit einzubinden,ob sich mit einer st\u00fctzenden Finanzierung l\u00e4sst sich dann ein Ausweg noch finden. Die Betreiber haben als Verpflichtung f\u00fcr den Schutz der Bewohner zu garantieren,damit [&hellip;]<\/p>\n","protected":false},"author":3,"featured_media":0,"parent":0,"menu_order":0,"comment_status":"closed","ping_status":"closed","template":"","meta":{"footnotes":""},"class_list":["post-6634","page","type-page","status-publish","hentry"],"jetpack_sharing_enabled":true,"_links":{"self":[{"href":"https:\/\/www.overline-design.de\/poetry\/index.php?rest_route=\/wp\/v2\/pages\/6634","targetHints":{"allow":["GET"]}}],"collection":[{"href":"https:\/\/www.overline-design.de\/poetry\/index.php?rest_route=\/wp\/v2\/pages"}],"about":[{"href":"https:\/\/www.overline-design.de\/poetry\/index.php?rest_route=\/wp\/v2\/types\/page"}],"author":[{"embeddable":true,"href":"https:\/\/www.overline-design.de\/poetry\/index.php?rest_route=\/wp\/v2\/users\/3"}],"replies":[{"embeddable":true,"href":"https:\/\/www.overline-design.de\/poetry\/index.php?rest_route=%2Fwp%2Fv2%2Fcomments&post=6634"}],"version-history":[{"count":4,"href":"https:\/\/www.overline-design.de\/poetry\/index.php?rest_route=\/wp\/v2\/pages\/6634\/revisions"}],"predecessor-version":[{"id":6641,"href":"https:\/\/www.overline-design.de\/poetry\/index.php?rest_route=\/wp\/v2\/pages\/6634\/revisions\/6641"}],"wp:attachment":[{"href":"https:\/\/www.overline-design.de\/poetry\/index.php?rest_route=%2Fwp%2Fv2%2Fmedia&parent=6634"}],"curies":[{"name":"wp","href":"https:\/\/api.w.org\/{rel}","templated":true}]}}