
{"id":6662,"date":"2023-01-10T10:00:00","date_gmt":"2023-01-10T10:00:00","guid":{"rendered":"https:\/\/www.overline-design.de\/poetry\/?page_id=6662"},"modified":"2023-03-14T14:25:00","modified_gmt":"2023-03-14T14:25:00","slug":"demokratie-ein-auslaufmodell","status":"publish","type":"page","link":"https:\/\/www.overline-design.de\/poetry\/?page_id=6662","title":{"rendered":"Demokratie, ein Auslaufmodell?"},"content":{"rendered":"\n<p>Immer mehr bisher freie und demokratische Staaten,<br>die werden jetzt regiert von skrupellosen Autokraten.<br>Sie nehmen sich ihre Macht mit Hilfe militanter Gewalt,<br>oder erscheinen links oder rechts in \u201eFriedensgestalt\u201c.<br><br>Sie organisieren hinter sich eigenes oder fremdes Milit\u00e4r<br>und damit ist eine Regentschaft dann nicht mehr schwer.<br>Sie wollen nur die alleinige Macht und mit Befehlsgewalt,<br>und entledigen sich ihrer Konkurrenz und das sehr bald.<br><br>Sie wollen die Macht, ohne fremden Einspruch, genie\u00dfen<br>und das \u201eKorruptionsgelder\u201c nur in eigene Tasche flie\u00dfen.<br>Sie umgehen so Verhandlungen mit \u201eKoalitionsparteien\u201c,<br>und lassen uneingeschr\u00e4nkt ihr Herrschertum gedeihen.<br><br>Meistens helfen auch S\u00f6ldner, ein Land zu destabilisieren,<br>die dadurch dann die demokratischen Strukturen verlieren.<br>Andere Autokraten die Macht des neuen Despoten st\u00fctzen,<br>indem sie mit ihrem Milit\u00e4r die Autokratie dann sch\u00fctzen.<br><br>Die Autokraten \u00fcberzeugen die Anh\u00e4ngerschaft mit L\u00fcgen<br>und ihre Anh\u00e4nger lassen sich \u00fcberzeugen und betr\u00fcgen.<br>Die Autokraten zweifeln an das richtige Ergebnis einer Wahl<br>und \u00fcberzeugen ihre Anh\u00e4nger, die leider gro\u00df an der Zahl.<br><br>In Europa gibt es Staaten mit autokratischen Ambitionen,<br>denn f\u00fcr Ungarn oder Serbien muss sich die Macht lohnen.<br>Man wird Allianzen mit dem Despoten Putin organisieren,<br>denn man will doch keinen Machtverlust f\u00fcr sich riskieren.<br><br>Wenn f\u00fcr ein gemeinsames Europa \u201eT\u00fcren offen stehen\u201c,<br>aber auch mit russischer Verbindung, wie soll das gehen?<br>Als demokratischer Staat, da muss man sich entscheiden,<br>will man die Demokratie, sollte man die Autokratie meiden.<br><br><strong>\u00a9<\/strong> Rainer Dambroth \u2013 10.01.2023 \u2013 <strong><a href=\"https:\/\/www.overline-poetry.de\/\">www.overline-poetry.de<\/a><\/strong><br><br>Victor Orban blockiert vehement die Sanktionen gegen Russland und h\u00e4lt sich damit &#8222;alle T\u00fcren offen&#8220;.<br><br>\ud83d\udd17 <strong><a href=\"https:\/\/www.overline-design.de\/poetry\/wp-admin\/post.php?post=5541&amp;action=edit\">Pressefreiheit in Demokratien und Autokratien<\/a><\/strong><\/p>\n\n\n\n<p><\/p>\n","protected":false},"excerpt":{"rendered":"<p>Immer mehr bisher freie und demokratische Staaten,die werden jetzt regiert von skrupellosen Autokraten.Sie nehmen sich ihre Macht mit Hilfe militanter Gewalt,oder erscheinen links oder rechts in \u201eFriedensgestalt\u201c. Sie organisieren hinter sich eigenes oder fremdes Milit\u00e4rund damit ist eine Regentschaft dann nicht mehr schwer.Sie wollen nur die alleinige Macht und mit Befehlsgewalt,und entledigen sich ihrer Konkurrenz [&hellip;]<\/p>\n","protected":false},"author":3,"featured_media":0,"parent":0,"menu_order":0,"comment_status":"closed","ping_status":"closed","template":"","meta":{"footnotes":""},"class_list":["post-6662","page","type-page","status-publish","hentry"],"jetpack_sharing_enabled":true,"_links":{"self":[{"href":"https:\/\/www.overline-design.de\/poetry\/index.php?rest_route=\/wp\/v2\/pages\/6662","targetHints":{"allow":["GET"]}}],"collection":[{"href":"https:\/\/www.overline-design.de\/poetry\/index.php?rest_route=\/wp\/v2\/pages"}],"about":[{"href":"https:\/\/www.overline-design.de\/poetry\/index.php?rest_route=\/wp\/v2\/types\/page"}],"author":[{"embeddable":true,"href":"https:\/\/www.overline-design.de\/poetry\/index.php?rest_route=\/wp\/v2\/users\/3"}],"replies":[{"embeddable":true,"href":"https:\/\/www.overline-design.de\/poetry\/index.php?rest_route=%2Fwp%2Fv2%2Fcomments&post=6662"}],"version-history":[{"count":5,"href":"https:\/\/www.overline-design.de\/poetry\/index.php?rest_route=\/wp\/v2\/pages\/6662\/revisions"}],"predecessor-version":[{"id":7114,"href":"https:\/\/www.overline-design.de\/poetry\/index.php?rest_route=\/wp\/v2\/pages\/6662\/revisions\/7114"}],"wp:attachment":[{"href":"https:\/\/www.overline-design.de\/poetry\/index.php?rest_route=%2Fwp%2Fv2%2Fmedia&parent=6662"}],"curies":[{"name":"wp","href":"https:\/\/api.w.org\/{rel}","templated":true}]}}