
{"id":6692,"date":"2023-01-12T17:54:17","date_gmt":"2023-01-12T17:54:17","guid":{"rendered":"https:\/\/www.overline-design.de\/poetry\/?page_id=6692"},"modified":"2023-02-13T05:06:26","modified_gmt":"2023-02-13T05:06:26","slug":"luetzerath-ein-versagen-der-politik","status":"publish","type":"page","link":"https:\/\/www.overline-design.de\/poetry\/?page_id=6692","title":{"rendered":"L\u00fctzerath &#8211; ein Versagen der Politik?"},"content":{"rendered":"\n<p>Als die Politik dem Energie-Konzern RWE hat den Abbau von Braunkohle zugesagt,<br>da hatten wir noch keine Klimaziele f\u00fcr den Ausstieg aus der (Braun)Kohle abgefragt.<br>Die Regierung in Nordrhein-Westfalen hatte wohl in der Zusage nicht daran gedacht,<br>dass ein Energiekonzern wie RWE planerisch doch wohl keine halben Sachen macht.<br><br>Das die Politik den Ausweg f\u00fcr eine sp\u00e4teren politische Umkehr hat ausgeschlossen,<br>dass macht Kohleverstromungsgegner und Klimaaktivisten noch mehr verdrossen.<br>Die Bosse der Energiewirtschaft lenken Geschicke unserer Politik, nicht umgekehrt,<br>denn bei den Bossen sieht man nur die Gewinne, aber \u00fcber Klimaziele nichts erf\u00e4hrt.<br><br>Denn Energie-Konzerne planen gewinnorientiert ohne jegliche klimatische Vernunft<br>und da verliert die kurzsichtig regierende Politik auch den Weitblick in die Zukunft.<br>Vertr\u00e4ge sollten mit Ausstiegsklausel bei neuen Erkenntnissen geschlossen werden,<br>denn wenn Klimavorgaben nicht eingehalten, sind Vertr\u00e4ge &#8222;nichtig hier auf Erden&#8220;.<br><br>Die Politik bei jeder Drohung der Energiekonzerne sofort in derem Sinne einknicken,<br>bei drohender Energieversorgungsnot Planungen der Energiekonzerne &#8222;abnicken&#8220;.<br>So wird mit Polizeigewalt auf Staatskosten das Braunkohlef\u00f6rdergel\u00e4nde freiger\u00e4umt<br>und der Traum von einer sauberen Welt ist f\u00fcr Klimaaktivisten vorerst ausgetr\u00e4umt.<br><br>Die Energiekonzerne haben doch der regierenden Politik wieder einmal vorgef\u00fchrt,<br>was passiert, wenn Politik in den T\u00f6pfen gegen die Interessen der Konzerne r\u00fchrt.<br>Die Energiekonzerne nach dem Bedarf zur Braunkohle f\u00fcr die Verstromung befragt<br>dann h\u00e4tten sie einen dringenden Bedarf und das zu jeder Zeit doch vorher gesagt.<br><br><strong>\u00a9<\/strong> Rainer Dambroth \u2013 12.01.2023 \u2013 <strong><a href=\"https:\/\/www.overline-poetry.de\/\">www.overline-poetry.de<\/a><\/strong><\/p>\n\n\n\n<p>\ud83d\udd17 <strong><a href=\"https:\/\/www.overline-design.de\/poetry\/wp-admin\/post.php?post=6420&amp;action=edit\">Klimagipfel<\/a><\/strong><br>\ud83d\udd17 <strong><a href=\"https:\/\/www.overline-design.de\/poetry\/wp-admin\/post.php?post=1326&amp;action=edit\">Klimawandel<\/a><\/strong><br>\ud83d\udd17 <strong><a href=\"https:\/\/www.overline-design.de\/poetry\/wp-admin\/post.php?post=2012&amp;action=edit\">(Braun)Kohlekraftwerke<\/a><\/strong><br>\ud83d\udd17  <strong><a href=\"https:\/\/www.overline-design.de\/poetry\/wp-admin\/post.php?post=6516&amp;action=edit\">Energiewirtschaft = Miss(t)wirtschaft<\/a><\/strong><\/p>\n\n\n\n<p><\/p>\n","protected":false},"excerpt":{"rendered":"<p>Als die Politik dem Energie-Konzern RWE hat den Abbau von Braunkohle zugesagt,da hatten wir noch keine Klimaziele f\u00fcr den Ausstieg aus der (Braun)Kohle abgefragt.Die Regierung in Nordrhein-Westfalen hatte wohl in der Zusage nicht daran gedacht,dass ein Energiekonzern wie RWE planerisch doch wohl keine halben Sachen macht. Das die Politik den Ausweg f\u00fcr eine sp\u00e4teren politische [&hellip;]<\/p>\n","protected":false},"author":3,"featured_media":0,"parent":0,"menu_order":0,"comment_status":"closed","ping_status":"closed","template":"","meta":{"footnotes":""},"class_list":["post-6692","page","type-page","status-publish","hentry"],"jetpack_sharing_enabled":true,"_links":{"self":[{"href":"https:\/\/www.overline-design.de\/poetry\/index.php?rest_route=\/wp\/v2\/pages\/6692","targetHints":{"allow":["GET"]}}],"collection":[{"href":"https:\/\/www.overline-design.de\/poetry\/index.php?rest_route=\/wp\/v2\/pages"}],"about":[{"href":"https:\/\/www.overline-design.de\/poetry\/index.php?rest_route=\/wp\/v2\/types\/page"}],"author":[{"embeddable":true,"href":"https:\/\/www.overline-design.de\/poetry\/index.php?rest_route=\/wp\/v2\/users\/3"}],"replies":[{"embeddable":true,"href":"https:\/\/www.overline-design.de\/poetry\/index.php?rest_route=%2Fwp%2Fv2%2Fcomments&post=6692"}],"version-history":[{"count":17,"href":"https:\/\/www.overline-design.de\/poetry\/index.php?rest_route=\/wp\/v2\/pages\/6692\/revisions"}],"predecessor-version":[{"id":6964,"href":"https:\/\/www.overline-design.de\/poetry\/index.php?rest_route=\/wp\/v2\/pages\/6692\/revisions\/6964"}],"wp:attachment":[{"href":"https:\/\/www.overline-design.de\/poetry\/index.php?rest_route=%2Fwp%2Fv2%2Fmedia&parent=6692"}],"curies":[{"name":"wp","href":"https:\/\/api.w.org\/{rel}","templated":true}]}}