
{"id":6718,"date":"2023-01-10T17:26:00","date_gmt":"2023-01-10T17:26:00","guid":{"rendered":"https:\/\/www.overline-design.de\/poetry\/?page_id=6718"},"modified":"2024-11-07T15:54:15","modified_gmt":"2024-11-07T15:54:15","slug":"mit-den-taliban-vorwaerts-in-die-vergangenheit","status":"publish","type":"page","link":"https:\/\/www.overline-design.de\/poetry\/?page_id=6718","title":{"rendered":"Mit den Taliban vorw\u00e4rts in die Vergangenheit"},"content":{"rendered":"\n<p>Der Glaube wird von den Taliban mit brutaler Waffengewalt diktiert,<br>aber der reine und ehrliche Glaube f\u00fcr die Gl\u00e4ubigen dabei verliert.<br>So wie ein Wunschzettel nur f\u00fcr die M\u00e4nner in Afghanistan gemacht,<br>wurde von den Glaubensw\u00e4chtern an die Rechte der M\u00e4nner gedacht.<br><br>Wer hat den selbsternannten Glaubensw\u00e4chtern des Taliban erz\u00e4hlt,<br>dass sie von Allah als die Vertreter des Glaubens wurden auserw\u00e4hlt.<br>Auch Kleider der Gl\u00e4ubigen sollten dem eigenen Willen entsprechen,<br>aber dieses anzuordnen, als von Allah befohlen, wird sich nur r\u00e4chen.<br><br>Im Namen Allahs kann man keinen Staat als Gottesstaat verwalten,<br>denn die Glaubensw\u00e4chter den Staat nach eigenem Recht gestaltet.<br>Sie nutzen Waffengewalt, um ihre \u201eGlaubensmacht\u201c durchzusetzen<br>und wer nicht in ihrem Sinne funktioniert, den lassen sie \u201everletzen\u201c.<br><br>Der &#8222;islamische Staat&#8220; sieht sich als Verfechter des wahren Glauben,<br>aber wenn Allah das so gewollt h\u00e4tte, w\u00fcrde er nur diesen erlauben.<br>S\u00e4mtliche Texte wurden von M\u00e4nnern f\u00fcr den Koran so geschrieben,<br>und alles genauso \u00fcbernommen, wie nur die M\u00e4nner es dann lieben.<br><br>Die katholische Kirche hat es in ihrer Geschichte gezeigt, was passiert,<br>wenn man nicht den katholischen Glauben, als den Wahren, akzeptiert.<br>Bei der Inquisition der katholische Glaube als der Einzige nahegelegt<br>und mit Folter die \u201eUnentschlossenen\u201c zum Katholizismus dann bewegt.<br><br>An etwas glauben, hei\u00dft aber auch, um dessen Existenz nicht wissen,<br>aber die Gl\u00e4ubigen die Existenz des &#8222;nicht Sichtbaren\u201c nicht vermissen<br>F\u00fcr viele Gl\u00e4ubige ist der Glaube der Halt und \u201eSt\u00fctze\u201c in ihrem Leben,<br>aber das der Glaube mit Waffen durchgesetzt wird, darf es nicht geben.<strong><br><br>\u00a9<\/strong> Rainer Dambroth \u2013 10.01.2023 \u2013 <strong><a href=\"https:\/\/www.overline-poetry.de\/\">www.overline-poetry.de<\/a><\/strong><br><br>Der Unterschied zwischen den Taliban und dem Islamischen Staat in Afghanistan ist religi\u00f6s begr\u00fcndet.<\/p>\n","protected":false},"excerpt":{"rendered":"<p>Der Glaube wird von den Taliban mit brutaler Waffengewalt diktiert,aber der reine und ehrliche Glaube f\u00fcr die Gl\u00e4ubigen dabei verliert.So wie ein Wunschzettel nur f\u00fcr die M\u00e4nner in Afghanistan gemacht,wurde von den Glaubensw\u00e4chtern an die Rechte der M\u00e4nner gedacht. Wer hat den selbsternannten Glaubensw\u00e4chtern des Taliban erz\u00e4hlt,dass sie von Allah als die Vertreter des Glaubens [&hellip;]<\/p>\n","protected":false},"author":3,"featured_media":0,"parent":0,"menu_order":0,"comment_status":"closed","ping_status":"closed","template":"","meta":{"footnotes":""},"class_list":["post-6718","page","type-page","status-publish","hentry"],"jetpack_sharing_enabled":true,"_links":{"self":[{"href":"https:\/\/www.overline-design.de\/poetry\/index.php?rest_route=\/wp\/v2\/pages\/6718","targetHints":{"allow":["GET"]}}],"collection":[{"href":"https:\/\/www.overline-design.de\/poetry\/index.php?rest_route=\/wp\/v2\/pages"}],"about":[{"href":"https:\/\/www.overline-design.de\/poetry\/index.php?rest_route=\/wp\/v2\/types\/page"}],"author":[{"embeddable":true,"href":"https:\/\/www.overline-design.de\/poetry\/index.php?rest_route=\/wp\/v2\/users\/3"}],"replies":[{"embeddable":true,"href":"https:\/\/www.overline-design.de\/poetry\/index.php?rest_route=%2Fwp%2Fv2%2Fcomments&post=6718"}],"version-history":[{"count":7,"href":"https:\/\/www.overline-design.de\/poetry\/index.php?rest_route=\/wp\/v2\/pages\/6718\/revisions"}],"predecessor-version":[{"id":9350,"href":"https:\/\/www.overline-design.de\/poetry\/index.php?rest_route=\/wp\/v2\/pages\/6718\/revisions\/9350"}],"wp:attachment":[{"href":"https:\/\/www.overline-design.de\/poetry\/index.php?rest_route=%2Fwp%2Fv2%2Fmedia&parent=6718"}],"curies":[{"name":"wp","href":"https:\/\/api.w.org\/{rel}","templated":true}]}}