
{"id":6750,"date":"2023-01-06T07:21:00","date_gmt":"2023-01-06T07:21:00","guid":{"rendered":"https:\/\/www.overline-design.de\/poetry\/?page_id=6750"},"modified":"2023-01-24T18:45:09","modified_gmt":"2023-01-24T18:45:09","slug":"denkmalschutz-der-treppenwitz","status":"publish","type":"page","link":"https:\/\/www.overline-design.de\/poetry\/?page_id=6750","title":{"rendered":"Denkmalschutz &#8211; der Treppenwitz!"},"content":{"rendered":"\n<p>Weil die Stufen nicht normgerecht, wurden die Treppen gesperrt,<br>diese Beh\u00f6rdendenkweise nat\u00fcrlich jeder rationalen Logik entbehrt.<br>Somit k\u00f6nnen die Treppen f\u00fcr den Auf- oder Abstieg nicht genutzt,<br>aber auch nicht ver\u00e4ndert werden, wegen dem \u201eDenkmalschutz\u201c(?)<br><br>Die Amtsschimmel in den Amtsstuben wiehern wieder mal sehr laut.<br>Hat man in der Amtsschimmelreiterei etwa wieder mal Mist gebaut?<br>Man stolpert \u00fcber die Gesetze und somit \u00fcber die \u201eeigenen F\u00fc\u00dfe\u201c,<br>aber mehr Einsicht vom Amt als ein normaler B\u00fcrger man begr\u00fc\u00dfe.<br><br><strong>\u00a9<\/strong> Rainer Dambroth &#8211; 06.01.2023 &#8211; <strong><a href=\"http:\/\/www.overline-poetry.de\/\">www.overline-poetry.de<\/a><\/strong><\/p>\n","protected":false},"excerpt":{"rendered":"<p>Weil die Stufen nicht normgerecht, wurden die Treppen gesperrt,diese Beh\u00f6rdendenkweise nat\u00fcrlich jeder rationalen Logik entbehrt.Somit k\u00f6nnen die Treppen f\u00fcr den Auf- oder Abstieg nicht genutzt,aber auch nicht ver\u00e4ndert werden, wegen dem \u201eDenkmalschutz\u201c(?) Die Amtsschimmel in den Amtsstuben wiehern wieder mal sehr laut.Hat man in der Amtsschimmelreiterei etwa wieder mal Mist gebaut?Man stolpert \u00fcber die Gesetze [&hellip;]<\/p>\n","protected":false},"author":3,"featured_media":0,"parent":0,"menu_order":0,"comment_status":"closed","ping_status":"closed","template":"","meta":{"footnotes":""},"class_list":["post-6750","page","type-page","status-publish","hentry"],"jetpack_sharing_enabled":true,"_links":{"self":[{"href":"https:\/\/www.overline-design.de\/poetry\/index.php?rest_route=\/wp\/v2\/pages\/6750","targetHints":{"allow":["GET"]}}],"collection":[{"href":"https:\/\/www.overline-design.de\/poetry\/index.php?rest_route=\/wp\/v2\/pages"}],"about":[{"href":"https:\/\/www.overline-design.de\/poetry\/index.php?rest_route=\/wp\/v2\/types\/page"}],"author":[{"embeddable":true,"href":"https:\/\/www.overline-design.de\/poetry\/index.php?rest_route=\/wp\/v2\/users\/3"}],"replies":[{"embeddable":true,"href":"https:\/\/www.overline-design.de\/poetry\/index.php?rest_route=%2Fwp%2Fv2%2Fcomments&post=6750"}],"version-history":[{"count":4,"href":"https:\/\/www.overline-design.de\/poetry\/index.php?rest_route=\/wp\/v2\/pages\/6750\/revisions"}],"predecessor-version":[{"id":6782,"href":"https:\/\/www.overline-design.de\/poetry\/index.php?rest_route=\/wp\/v2\/pages\/6750\/revisions\/6782"}],"wp:attachment":[{"href":"https:\/\/www.overline-design.de\/poetry\/index.php?rest_route=%2Fwp%2Fv2%2Fmedia&parent=6750"}],"curies":[{"name":"wp","href":"https:\/\/api.w.org\/{rel}","templated":true}]}}