
{"id":6759,"date":"2023-01-10T10:16:00","date_gmt":"2023-01-10T10:16:00","guid":{"rendered":"https:\/\/www.overline-design.de\/poetry\/?page_id=6759"},"modified":"2025-08-26T09:50:53","modified_gmt":"2025-08-26T09:50:53","slug":"bayern-nur-ein-bundesland-in-deutschland","status":"publish","type":"page","link":"https:\/\/www.overline-design.de\/poetry\/?page_id=6759","title":{"rendered":"Bayern, nur ein Bundesland in Deutschland!"},"content":{"rendered":"\n<p>Da es den \u201eHerrgott\u201c nur im Glauben und in der Einmaligkeit gibt,<br>aber S\u00f6der sieht sich schon als \u201egottgleich\u201c und ist &#8222;selbstverliebt!.<br>Kein anderer deutscher Ministerpr\u00e4sident sich st\u00e4ndig so pr\u00e4sentiert,<br>so dass nur Bayern \u00fcberragend \u201egewinnt\u201c und Deutschland verliert.<br><br>Man h\u00f6rte, dass S\u00f6der nach Ratzingers Tod zum Vatikan gefahren sei<br>und dort angemerkt, dass die Papststelle w\u00e4re doch f\u00fcr ihn jetzt frei.<br>Aber dort hatte man ihn belehrt, dass die Stelle vom Papst sei belegt<br>und der emeritierte Papst hatte sich nur zu der \u201eletzten Ruhe\u201c gelegt.<br><br>Au\u00dferdem wurde angemerkt, S\u00f6der w\u00fcrde wohl nicht z\u00f6libat\u00e4r leben,<br>denn eine Ehefrau darf f\u00fcr das \u201eBodenpersonal\u201c von Gott nicht geben.<br>Eine bayrische &#8222;Trachtenkapelle&#8220; hat den S\u00f6der zum Vatikan begleitet,<br>so dass man mit bayrischen Kulturgut dem Papst eine Freude bereitet.<br><br>Bayern ist mit seinen Bergen und Seen ein sehr sch\u00f6nes Bundesland,<br>aber darum muss es nicht st\u00e4ndig als der \u201eFreistaat Bayern\u201c benannt.<br>Man kann seine Heimat Bayern vertreten und auch grenzenlos lieben,<br>aber warum sind diese CSU-Politiker nicht in ihrem Bayern geblieben.<br><br>Die Bayern sind &#8222;eigen&#8220; und k\u00f6nnen wohl die Deutschen nicht leiden,<br>aber ohne Strom in Dunkelheit, das sollten die Bayern doch meiden.<br>Sie haben doch vers\u00e4umt, Energie mit Wind und Solar zu installieren,<br>aber sich bei der Regierung beschweren, dass nur die Bayern verlieren.<br><br>Gegen Stromtrassen aus dem Norden werden die Bayern protestieren,<br>aber es gibt Autobahntrassen, um Strom nach Bayern zu transportieren.<br>So k\u00f6nnten wir Bayern, ohne g\u00f6ttliche Erleuchtung, richtig \u201ebelichten\u201c,<br>aber wir sollten es gemeinsam angehen, dann werden wir es richten.<br><br><strong>\u00a9<\/strong> Rainer Dambroth &#8211; 10.01.2023 &#8211; <strong><a href=\"http:\/\/www.overline-poetry.de\/\">www.overline-poetry.de<\/a><\/strong><\/p>\n\n\n\n<p>\ud83d\udd17 <strong><a href=\"https:\/\/www.overline-design.de\/poetry\/wp-admin\/post.php?post=5690&amp;action=edit\">Bayern und die Energieversorgungsnot<\/a><\/strong><br>\ud83d\udd17 <strong><a href=\"https:\/\/www.overline-design.de\/poetry\/wp-admin\/post.php?post=6393&amp;action=edit\">S\u00f6der, der Freistaat Bayern und Deutschland<\/a><\/strong><\/p>\n","protected":false},"excerpt":{"rendered":"<p>Da es den \u201eHerrgott\u201c nur im Glauben und in der Einmaligkeit gibt,aber S\u00f6der sieht sich schon als \u201egottgleich\u201c und ist &#8222;selbstverliebt!.Kein anderer deutscher Ministerpr\u00e4sident sich st\u00e4ndig so pr\u00e4sentiert,so dass nur Bayern \u00fcberragend \u201egewinnt\u201c und Deutschland verliert. Man h\u00f6rte, dass S\u00f6der nach Ratzingers Tod zum Vatikan gefahren seiund dort angemerkt, dass die Papststelle w\u00e4re doch f\u00fcr [&hellip;]<\/p>\n","protected":false},"author":3,"featured_media":0,"parent":0,"menu_order":0,"comment_status":"closed","ping_status":"closed","template":"","meta":{"footnotes":""},"class_list":["post-6759","page","type-page","status-publish","hentry"],"jetpack_sharing_enabled":true,"_links":{"self":[{"href":"https:\/\/www.overline-design.de\/poetry\/index.php?rest_route=\/wp\/v2\/pages\/6759","targetHints":{"allow":["GET"]}}],"collection":[{"href":"https:\/\/www.overline-design.de\/poetry\/index.php?rest_route=\/wp\/v2\/pages"}],"about":[{"href":"https:\/\/www.overline-design.de\/poetry\/index.php?rest_route=\/wp\/v2\/types\/page"}],"author":[{"embeddable":true,"href":"https:\/\/www.overline-design.de\/poetry\/index.php?rest_route=\/wp\/v2\/users\/3"}],"replies":[{"embeddable":true,"href":"https:\/\/www.overline-design.de\/poetry\/index.php?rest_route=%2Fwp%2Fv2%2Fcomments&post=6759"}],"version-history":[{"count":20,"href":"https:\/\/www.overline-design.de\/poetry\/index.php?rest_route=\/wp\/v2\/pages\/6759\/revisions"}],"predecessor-version":[{"id":10530,"href":"https:\/\/www.overline-design.de\/poetry\/index.php?rest_route=\/wp\/v2\/pages\/6759\/revisions\/10530"}],"wp:attachment":[{"href":"https:\/\/www.overline-design.de\/poetry\/index.php?rest_route=%2Fwp%2Fv2%2Fmedia&parent=6759"}],"curies":[{"name":"wp","href":"https:\/\/api.w.org\/{rel}","templated":true}]}}