
{"id":6806,"date":"2023-01-02T16:14:00","date_gmt":"2023-01-02T16:14:00","guid":{"rendered":"https:\/\/www.overline-design.de\/poetry\/?page_id=6806"},"modified":"2023-01-23T16:24:59","modified_gmt":"2023-01-23T16:24:59","slug":"liebe-mitbuergerinnen-liebe-mitbuerger","status":"publish","type":"page","link":"https:\/\/www.overline-design.de\/poetry\/?page_id=6806","title":{"rendered":"Liebe Mitb\u00fcrgerinnen, liebe Mitb\u00fcrger!"},"content":{"rendered":"\n<p>Wie oft muss man diese Schwachsinnswerbung noch ertragen,<br>um uns \u201eDamit wir gut durch den Winter kommen\u201c zu sagen.<br>Vielleicht sollte dieses das daf\u00fcr zust\u00e4ndige Ressort abfragen<br>und dieser sinnlosen Werbung dann endlich wieder entsagen.<br><br>Oder ist von dem zust\u00e4ndigen Ressort zu erf\u00fcllen eine Pflicht,<br>denn die \u201ewohlgesonnenen\u201c Sponsoren, die vergisst man nicht.<br>Frage: Mit welchem Ziel soll uns dieser \u201eWerbespot\u201c belehren?<br>Gegen eine nicht sinnvolle Werbung, da muss man sich wehren!<br><br><strong>\u00a9<\/strong> Rainer Dambroth &#8211; 02.01.2023 &#8211; <strong><a href=\"http:\/\/www.overline-poetry.de\/\">www.overline-poetry.de<\/a><\/strong><\/p>\n","protected":false},"excerpt":{"rendered":"<p>Wie oft muss man diese Schwachsinnswerbung noch ertragen,um uns \u201eDamit wir gut durch den Winter kommen\u201c zu sagen.Vielleicht sollte dieses das daf\u00fcr zust\u00e4ndige Ressort abfragenund dieser sinnlosen Werbung dann endlich wieder entsagen. Oder ist von dem zust\u00e4ndigen Ressort zu erf\u00fcllen eine Pflicht,denn die \u201ewohlgesonnenen\u201c Sponsoren, die vergisst man nicht.Frage: Mit welchem Ziel soll uns dieser [&hellip;]<\/p>\n","protected":false},"author":3,"featured_media":0,"parent":0,"menu_order":0,"comment_status":"closed","ping_status":"closed","template":"","meta":{"footnotes":""},"class_list":["post-6806","page","type-page","status-publish","hentry"],"jetpack_sharing_enabled":true,"_links":{"self":[{"href":"https:\/\/www.overline-design.de\/poetry\/index.php?rest_route=\/wp\/v2\/pages\/6806","targetHints":{"allow":["GET"]}}],"collection":[{"href":"https:\/\/www.overline-design.de\/poetry\/index.php?rest_route=\/wp\/v2\/pages"}],"about":[{"href":"https:\/\/www.overline-design.de\/poetry\/index.php?rest_route=\/wp\/v2\/types\/page"}],"author":[{"embeddable":true,"href":"https:\/\/www.overline-design.de\/poetry\/index.php?rest_route=\/wp\/v2\/users\/3"}],"replies":[{"embeddable":true,"href":"https:\/\/www.overline-design.de\/poetry\/index.php?rest_route=%2Fwp%2Fv2%2Fcomments&post=6806"}],"version-history":[{"count":2,"href":"https:\/\/www.overline-design.de\/poetry\/index.php?rest_route=\/wp\/v2\/pages\/6806\/revisions"}],"predecessor-version":[{"id":6808,"href":"https:\/\/www.overline-design.de\/poetry\/index.php?rest_route=\/wp\/v2\/pages\/6806\/revisions\/6808"}],"wp:attachment":[{"href":"https:\/\/www.overline-design.de\/poetry\/index.php?rest_route=%2Fwp%2Fv2%2Fmedia&parent=6806"}],"curies":[{"name":"wp","href":"https:\/\/api.w.org\/{rel}","templated":true}]}}