
{"id":6836,"date":"2022-12-07T15:31:00","date_gmt":"2022-12-07T15:31:00","guid":{"rendered":"https:\/\/www.overline-design.de\/poetry\/?page_id=6836"},"modified":"2023-01-27T05:26:09","modified_gmt":"2023-01-27T05:26:09","slug":"wirre-irre-reichbuerger-angriff-auf-unsere-demokratie","status":"publish","type":"page","link":"https:\/\/www.overline-design.de\/poetry\/?page_id=6836","title":{"rendered":"Wirre irre Reichb\u00fcrger \u2013 Angriff auf unsere Demokratie!"},"content":{"rendered":"\n<p>Wirre irre Reichsb\u00fcrger wollten unsere demokratischen Strukturen zerst\u00f6ren<br>und das wir ihre \u201eBotschaften\u201c aus den l\u00e4ngst vergangenen Zeiten erh\u00f6ren.<br>Mit einem Prinzen aus altem Adelsgeschlecht als Regenten zur\u00fcck ins Reich<br>und das nat\u00fcrlich mit einer national organisierten Geschlossenheit zugleich.<br><br>Die Reichsb\u00fcrger \u201erauschen\u201c wieder durch das deutsche \u201eReichsb\u00fcrgerland\u201c<br>und sind mit ihrem Ansinnen und ihren Anh\u00e4ngern au\u00dfer \u201eRand und Band\u201c.<br>Sie wollen das deutsche Reich wie zu Kaisers Zeiten und sich neu formieren<br>und wollen mit Gewalt die \u201ealtkaiserliche\u201c Vergangenheit wieder forcieren.<\/p>\n\n\n\n<p><br>Die wirren Irren sich aus dem Irrenhaus, dem Reichsb\u00fcrgerhaus, entfernen<br>und versuchen unsere Demokratie mit ihren irren Ideen dann zu entkernen.<br>Diese Irren wollen mit ihren wirren Aktionen unsere Demokratie zerst\u00f6ren<br>und das wir diese irren Botschaften der irren Reichsb\u00fcrger sollen erh\u00f6ren.<br><br>Die gesamte Reichsb\u00fcrgerszene geh\u00f6rt doch endlich entwaffnet und verboten,<br>denn in meinen Augen sind das \u201ein der Geschichte stehengebliebene\u201c Idioten.<br>Diese irren Anh\u00e4nger sich aus auf Posten gierende Personen zusammensetzt<br>und ein irrer Adliger, der als Oberirrer sich schon als Staatsregent einsch\u00e4tzt.<br><br>Diese irren Reichsb\u00fcrger geh\u00f6ren dauerhaft in ein Irrenhaus weggeschlossen,<br>sie machen mit wirren Gedanken \u201evorw\u00e4rts in die Vergangenheit\u201c verdrossen.<br>Das gesamte Netzwerk dieser Reichsb\u00fcrgerszene geh\u00f6rt endlich \u201eentwirrt\u201c,<br>denn in die vergangenen Zeiten der normale B\u00fcrger sich nicht gerne \u201everirrt\u201c.<br><br><strong>\u00a9<\/strong> Rainer Dambroth &#8211; 07.12.2022 &#8211; <strong><a href=\"http:\/\/www.overline-poetry.de\">www.overline-poetry.de<\/a><\/strong><br><br>Die Reichsb\u00fcrgerbewegung bestreitet die Existenz der Bundesrepublik Deutschland und lehnt unsere demokratische Regierung und unser Rechtssystem komplett ab.<br>Die Reichsb\u00fcrgerbewegung entstand in den 1980-Jahren.<\/p>\n","protected":false},"excerpt":{"rendered":"<p>Wirre irre Reichsb\u00fcrger wollten unsere demokratischen Strukturen zerst\u00f6renund das wir ihre \u201eBotschaften\u201c aus den l\u00e4ngst vergangenen Zeiten erh\u00f6ren.Mit einem Prinzen aus altem Adelsgeschlecht als Regenten zur\u00fcck ins Reichund das nat\u00fcrlich mit einer national organisierten Geschlossenheit zugleich. Die Reichsb\u00fcrger \u201erauschen\u201c wieder durch das deutsche \u201eReichsb\u00fcrgerland\u201cund sind mit ihrem Ansinnen und ihren Anh\u00e4ngern au\u00dfer \u201eRand und Band\u201c.Sie [&hellip;]<\/p>\n","protected":false},"author":3,"featured_media":0,"parent":0,"menu_order":0,"comment_status":"closed","ping_status":"closed","template":"","meta":{"footnotes":""},"class_list":["post-6836","page","type-page","status-publish","hentry"],"jetpack_sharing_enabled":true,"_links":{"self":[{"href":"https:\/\/www.overline-design.de\/poetry\/index.php?rest_route=\/wp\/v2\/pages\/6836","targetHints":{"allow":["GET"]}}],"collection":[{"href":"https:\/\/www.overline-design.de\/poetry\/index.php?rest_route=\/wp\/v2\/pages"}],"about":[{"href":"https:\/\/www.overline-design.de\/poetry\/index.php?rest_route=\/wp\/v2\/types\/page"}],"author":[{"embeddable":true,"href":"https:\/\/www.overline-design.de\/poetry\/index.php?rest_route=\/wp\/v2\/users\/3"}],"replies":[{"embeddable":true,"href":"https:\/\/www.overline-design.de\/poetry\/index.php?rest_route=%2Fwp%2Fv2%2Fcomments&post=6836"}],"version-history":[{"count":4,"href":"https:\/\/www.overline-design.de\/poetry\/index.php?rest_route=\/wp\/v2\/pages\/6836\/revisions"}],"predecessor-version":[{"id":6843,"href":"https:\/\/www.overline-design.de\/poetry\/index.php?rest_route=\/wp\/v2\/pages\/6836\/revisions\/6843"}],"wp:attachment":[{"href":"https:\/\/www.overline-design.de\/poetry\/index.php?rest_route=%2Fwp%2Fv2%2Fmedia&parent=6836"}],"curies":[{"name":"wp","href":"https:\/\/api.w.org\/{rel}","templated":true}]}}