
{"id":6919,"date":"2023-02-08T07:09:09","date_gmt":"2023-02-08T07:09:09","guid":{"rendered":"https:\/\/www.overline-design.de\/poetry\/?page_id=6919"},"modified":"2023-02-08T16:04:33","modified_gmt":"2023-02-08T16:04:33","slug":"die-hersteller-klauen-ihre-produkte","status":"publish","type":"page","link":"https:\/\/www.overline-design.de\/poetry\/?page_id=6919","title":{"rendered":"Die Hersteller \u201eklauen\u201c ihre Produkte aus den Verpackungen!"},"content":{"rendered":"\n<p>Die Hersteller \u201eklauen\u201c Inhalt, nur f\u00fcr den Gewinn,<br>denn in einigen Produkten fehlt jetzt doch ein St\u00fcck!<br>Wo ist f\u00fcr diesen \u201eProduktdiebstahl\u201c denn der Sinn,<br>das ist eine Preiserh\u00f6hung ohne eigenes \u201eGeschick\u201c!<br><br>Um die Preise f\u00fcr diese Produkte nicht zu verteuern,<br>wird die St\u00fcckzahl in der Verpackung dann reduziert.<br>Denn einen Mehrpreis, den m\u00fcssten sie versteuern,<br>aber so in beiden F\u00e4llen nur der Konsument verliert.<br><br>Wenn dann die Hersteller den Produktpreis anheben,<br>bekommt man gerechnet auch dann weniger Waren!<br>Bei h\u00f6heren Preisen, bleibt weniger Geld zum Leben,<br>dann kann man nur beim Einkauf von Waren sparen!<br><br><strong>\u00a9<\/strong> Rainer Dambroth &#8211; 08.02.2023 &#8211; <strong><a href=\"http:\/\/www.overline-poetry.de\/\">www.overline-poetry.de<\/a><\/strong><\/p>\n","protected":false},"excerpt":{"rendered":"<p>Die Hersteller \u201eklauen\u201c Inhalt, nur f\u00fcr den Gewinn,denn in einigen Produkten fehlt jetzt doch ein St\u00fcck!Wo ist f\u00fcr diesen \u201eProduktdiebstahl\u201c denn der Sinn,das ist eine Preiserh\u00f6hung ohne eigenes \u201eGeschick\u201c! Um die Preise f\u00fcr diese Produkte nicht zu verteuern,wird die St\u00fcckzahl in der Verpackung dann reduziert.Denn einen Mehrpreis, den m\u00fcssten sie versteuern,aber so in beiden F\u00e4llen [&hellip;]<\/p>\n","protected":false},"author":3,"featured_media":0,"parent":0,"menu_order":0,"comment_status":"closed","ping_status":"closed","template":"","meta":{"footnotes":""},"class_list":["post-6919","page","type-page","status-publish","hentry"],"jetpack_sharing_enabled":true,"_links":{"self":[{"href":"https:\/\/www.overline-design.de\/poetry\/index.php?rest_route=\/wp\/v2\/pages\/6919","targetHints":{"allow":["GET"]}}],"collection":[{"href":"https:\/\/www.overline-design.de\/poetry\/index.php?rest_route=\/wp\/v2\/pages"}],"about":[{"href":"https:\/\/www.overline-design.de\/poetry\/index.php?rest_route=\/wp\/v2\/types\/page"}],"author":[{"embeddable":true,"href":"https:\/\/www.overline-design.de\/poetry\/index.php?rest_route=\/wp\/v2\/users\/3"}],"replies":[{"embeddable":true,"href":"https:\/\/www.overline-design.de\/poetry\/index.php?rest_route=%2Fwp%2Fv2%2Fcomments&post=6919"}],"version-history":[{"count":2,"href":"https:\/\/www.overline-design.de\/poetry\/index.php?rest_route=\/wp\/v2\/pages\/6919\/revisions"}],"predecessor-version":[{"id":6924,"href":"https:\/\/www.overline-design.de\/poetry\/index.php?rest_route=\/wp\/v2\/pages\/6919\/revisions\/6924"}],"wp:attachment":[{"href":"https:\/\/www.overline-design.de\/poetry\/index.php?rest_route=%2Fwp%2Fv2%2Fmedia&parent=6919"}],"curies":[{"name":"wp","href":"https:\/\/api.w.org\/{rel}","templated":true}]}}