
{"id":6999,"date":"2023-02-24T08:00:00","date_gmt":"2023-02-24T08:00:00","guid":{"rendered":"https:\/\/www.overline-design.de\/poetry\/?page_id=6999"},"modified":"2023-02-27T05:12:07","modified_gmt":"2023-02-27T05:12:07","slug":"flaschen-pfand-system","status":"publish","type":"page","link":"https:\/\/www.overline-design.de\/poetry\/?page_id=6999","title":{"rendered":"Flaschen-Pfand-System"},"content":{"rendered":"\n<p>Das Pfand-Flaschen-System ist f\u00fcr die R\u00fcckgabe noch zu billig,<br>denn die Menschen sind oftmals f\u00fcr eine R\u00fcckgabe nicht willig,<br>die geleerten Flaschen zu der Verkaufsstelle zur\u00fcck zu bringen<br>und man kann sie nur durch ein hohes Pfandgeld dazu zwingen.<br><br>Letztens ist es mir auf einem Supermarktparkplatz mir passiert,<br>dass jemand auf dem Parkplatz eine Glaspfandflasche \u201everliert\u201c.<br>Sie stand doch mitten auf dem von mir anvisierten Parkstreifen<br>und ich habe sie entfernt, um nicht zu verletzen die Autoreifen.<br><br>Denn w\u00e4re sie beim Auto mir wohl \u201eunter die R\u00e4der gekommen\u201c,<br>dann an dem zerbrochenen Glas ein Reifen Schaden genommen.<br>Warum ist es nicht einheitlich viel h\u00f6her, das Pfandflaschengeld,<br>dann h\u00e4tte der Trinker sie nicht einfach achtlos dahin abgestellt.<br><br>F\u00fcr Pfandflaschen fehlt auf dem Platz eine \u201eAbstellm\u00f6glichkeit\u201c,<br>zum Vorteil f\u00fcr diejenigen, die zur R\u00fcckgabe haben \u201ekeine Zeit\u201c.<br>F\u00fcr Flaschensammler stehen sie sauber bereit und nicht im M\u00fcll,<br>denn so bleibt es ihnen erspart, in dem M\u00fclleimer das \u201eGew\u00fchl\u201c.<br><br>Wenn Plastik und Flaschen achtlos in der Gegend herumfliegen<br>und durch Wind in die Natur und ins Wasser werden getrieben.<br>Durch Umweltfrevel k\u00f6nnen Menschen und Tiere sich verletzen<br>und man sollte m\u00f6gliche Sch\u00e4den nicht zu harmlos einsch\u00e4tzen.<br><br>Beim \u201eD\u00fcmmerbrand\u201c, wir den D\u00fcmmer mit dem Rad umrunden<br>und da haben wir viele Pfandflaschen an dem Radweg gefunden.<br>Die habe ich dann aufgelesen und am Pfandautomat verwendet<br>und das Pfandgeld aufgerundet f\u00fcr den guten Zweck gespendet.<br><br>Am offenen Meer, wo wir verbringen im Sommer die Urlaubszeit,<br>halte ich immer einen Beutel f\u00fcr Flaschen und Plastikm\u00fcll bereit.<br>Das wird dann sachgerecht in der Tonne entsorgt, wie jedes mal<br>und entsorgt nicht f\u00fcr Mensch und Tier zu einer Verletzungsqual.<br><br>\u00a9 Rainer Dambroth \u2013 22.11.20 &#8211; <strong><a href=\"http:\/\/www.overline-poetry.de\/\">www.overline-poetry.de<\/a><br><br>*) \u201eD\u00fcmmerbrand\u201c = Ein j\u00e4hrlich stattfindendes Sommerfest<\/strong> <strong>am<\/strong><br><strong>D\u00fcmmer mit einem spektakul\u00e4ren H\u00f6henfeuerwerk abwechselnd<\/strong><br><strong>in den Orten H\u00fcde oder Lembruch!<\/strong><\/p>\n","protected":false},"excerpt":{"rendered":"<p>Das Pfand-Flaschen-System ist f\u00fcr die R\u00fcckgabe noch zu billig,denn die Menschen sind oftmals f\u00fcr eine R\u00fcckgabe nicht willig,die geleerten Flaschen zu der Verkaufsstelle zur\u00fcck zu bringenund man kann sie nur durch ein hohes Pfandgeld dazu zwingen. Letztens ist es mir auf einem Supermarktparkplatz mir passiert,dass jemand auf dem Parkplatz eine Glaspfandflasche \u201everliert\u201c.Sie stand doch mitten [&hellip;]<\/p>\n","protected":false},"author":3,"featured_media":0,"parent":0,"menu_order":0,"comment_status":"closed","ping_status":"closed","template":"","meta":{"footnotes":""},"class_list":["post-6999","page","type-page","status-publish","hentry"],"jetpack_sharing_enabled":true,"_links":{"self":[{"href":"https:\/\/www.overline-design.de\/poetry\/index.php?rest_route=\/wp\/v2\/pages\/6999","targetHints":{"allow":["GET"]}}],"collection":[{"href":"https:\/\/www.overline-design.de\/poetry\/index.php?rest_route=\/wp\/v2\/pages"}],"about":[{"href":"https:\/\/www.overline-design.de\/poetry\/index.php?rest_route=\/wp\/v2\/types\/page"}],"author":[{"embeddable":true,"href":"https:\/\/www.overline-design.de\/poetry\/index.php?rest_route=\/wp\/v2\/users\/3"}],"replies":[{"embeddable":true,"href":"https:\/\/www.overline-design.de\/poetry\/index.php?rest_route=%2Fwp%2Fv2%2Fcomments&post=6999"}],"version-history":[{"count":7,"href":"https:\/\/www.overline-design.de\/poetry\/index.php?rest_route=\/wp\/v2\/pages\/6999\/revisions"}],"predecessor-version":[{"id":7051,"href":"https:\/\/www.overline-design.de\/poetry\/index.php?rest_route=\/wp\/v2\/pages\/6999\/revisions\/7051"}],"wp:attachment":[{"href":"https:\/\/www.overline-design.de\/poetry\/index.php?rest_route=%2Fwp%2Fv2%2Fmedia&parent=6999"}],"curies":[{"name":"wp","href":"https:\/\/api.w.org\/{rel}","templated":true}]}}