
{"id":7009,"date":"2023-02-22T18:14:00","date_gmt":"2023-02-22T18:14:00","guid":{"rendered":"https:\/\/www.overline-design.de\/poetry\/?page_id=7009"},"modified":"2023-02-23T10:38:15","modified_gmt":"2023-02-23T10:38:15","slug":"soeders-politischer-aschermittwoch-2023","status":"publish","type":"page","link":"https:\/\/www.overline-design.de\/poetry\/?page_id=7009","title":{"rendered":"S\u00f6ders politischer Aschermittwoch 2023"},"content":{"rendered":"\n<p>Der S\u00f6der gab dem \u201ebayrischen Biervolk\u201c zu verstehen:<br>\u201eDie jetzige Regierung, die Schlechteste, die er gesehen\u201c.<br>Der S\u00f6der hat wohl die letzten Jahrzehnte ausgeblendet,<br>auch das der CSU-Scheuer hat Steuergeld verschwendet.<br><br>Die Energiekrise wurde der neuen Regierung \u00fcberlassen,<br>aber das scheint in seiner Erinnerung schon zu verblassen.<br>Die Abh\u00e4ngigkeiten von Russland uns sehr einschr\u00e4nken,<br>aber soweit mag der Bayer-Pr\u00e4sident wohl nicht denken.<br><br>Die Annexion der Krim von Putin wurde wissend ignoriert,<br>man wollte nicht, dass die Lieferung von Gas dabei verliert.<br>Auch als die Donbass-Region wurde von Putin angegriffen,<br>man dieses ignorierte und Kritiker wurden zur\u00fcck gepfiffen.<br><br>Auch weiterhin hat man den Putin \u201eumgarnt\u201c und \u201ehofiert\u201c<br>und sich auf Putins Spr\u00fcche verlassen, jetzt damit blamiert.<br>In der Politik hat diese gezeigte Naivit\u00e4t nichts zu suchen.<br>Als Heilbehandlung den Termin beim Therapeuten buchen!<br><br>Die Abh\u00e4ngigkeit von Russland wurde sogar \u201eausgebaut\u201c,<br>wenn man sich die zweite Pipeline Nordstream-2 anschaut.<br>Zum Einsatz ist diese Pipeline nun nicht mehr gekommen,<br>die Pipeline wurde mit Sprengstoff \u201evom Netz genommen\u201c.<br><br>Putin hat eine Friedensmission gegen die Ukraine anvisiert<br>und wenn dieses nicht gef\u00e4llt, wird die Ukraine ausradiert.<br>Er will wieder ein \u201eGro\u00dfreich Russland\u201c f\u00fcr sich errichten<br>und will dann auf kein \u201enoch-Nato-freies Land\u201c verzichten.<br><br>Finnland und Schweden haben den Nato-Betritt beantragt,<br>denn hier hatte Putin einen m\u00f6glichen \u00dcbergriff zugesagt.<br>Von Putin einen Krieg gegen Nato-Verb\u00fcndete zu riskieren,<br>dabei w\u00fcrde nicht nur Russland, sondern die Welt verlieren.<br><br>Mit Biertischreden kann man nur bei den Bayern gewinnen,<br>denn bei den Deutschen diese Spr\u00fcche am Ohr &#8222;zerrinnen&#8220;.<br>Der bayrischer Ministerpr\u00e4sident will gerne weiterregieren,<br>aber f\u00fcr &#8222;P\u00f6beleien&#8220; sich die Deutschen nicht interessieren.<br><br>\u00a9 Rainer Dambroth \u2013 22.11.23 &#8211; <strong><a href=\"http:\/\/www.overline-poetry.de\/\">www.overline-poetry.de<\/a><\/strong><\/p>\n\n\n\n<p>\ud83d\udd17 <strong><a href=\"https:\/\/www.overline-design.de\/poetry\/wp-admin\/post.php?post=4522&amp;action=edit\">Die Orgel der alten Bundesregierung<\/a><\/strong><\/p>\n","protected":false},"excerpt":{"rendered":"<p>Der S\u00f6der gab dem \u201ebayrischen Biervolk\u201c zu verstehen:\u201eDie jetzige Regierung, die Schlechteste, die er gesehen\u201c.Der S\u00f6der hat wohl die letzten Jahrzehnte ausgeblendet,auch das der CSU-Scheuer hat Steuergeld verschwendet. Die Energiekrise wurde der neuen Regierung \u00fcberlassen,aber das scheint in seiner Erinnerung schon zu verblassen.Die Abh\u00e4ngigkeiten von Russland uns sehr einschr\u00e4nken,aber soweit mag der Bayer-Pr\u00e4sident wohl nicht [&hellip;]<\/p>\n","protected":false},"author":3,"featured_media":0,"parent":0,"menu_order":0,"comment_status":"closed","ping_status":"closed","template":"","meta":{"footnotes":""},"class_list":["post-7009","page","type-page","status-publish","hentry"],"jetpack_sharing_enabled":true,"_links":{"self":[{"href":"https:\/\/www.overline-design.de\/poetry\/index.php?rest_route=\/wp\/v2\/pages\/7009","targetHints":{"allow":["GET"]}}],"collection":[{"href":"https:\/\/www.overline-design.de\/poetry\/index.php?rest_route=\/wp\/v2\/pages"}],"about":[{"href":"https:\/\/www.overline-design.de\/poetry\/index.php?rest_route=\/wp\/v2\/types\/page"}],"author":[{"embeddable":true,"href":"https:\/\/www.overline-design.de\/poetry\/index.php?rest_route=\/wp\/v2\/users\/3"}],"replies":[{"embeddable":true,"href":"https:\/\/www.overline-design.de\/poetry\/index.php?rest_route=%2Fwp%2Fv2%2Fcomments&post=7009"}],"version-history":[{"count":4,"href":"https:\/\/www.overline-design.de\/poetry\/index.php?rest_route=\/wp\/v2\/pages\/7009\/revisions"}],"predecessor-version":[{"id":7017,"href":"https:\/\/www.overline-design.de\/poetry\/index.php?rest_route=\/wp\/v2\/pages\/7009\/revisions\/7017"}],"wp:attachment":[{"href":"https:\/\/www.overline-design.de\/poetry\/index.php?rest_route=%2Fwp%2Fv2%2Fmedia&parent=7009"}],"curies":[{"name":"wp","href":"https:\/\/api.w.org\/{rel}","templated":true}]}}