
{"id":7083,"date":"2023-02-28T07:31:00","date_gmt":"2023-02-28T07:31:00","guid":{"rendered":"https:\/\/www.overline-design.de\/poetry\/?page_id=7083"},"modified":"2026-03-20T08:45:53","modified_gmt":"2026-03-20T08:45:53","slug":"der-nutri-score-der-grosse-wurf","status":"publish","type":"page","link":"https:\/\/www.overline-design.de\/poetry\/?page_id=7083","title":{"rendered":"Der Nutri-Score &#8211; der \u201egro\u00dfe Wurf\u201c?"},"content":{"rendered":"\n<p>Die Wissenschaft den <strong>Nutri-Score<\/strong> als den \u201egro\u00dfen Wurf\u201c dargestellt<br>und sie hoffen, dass dieses den Verbrauchern hilft und somit gef\u00e4llt.<br>Ob der <strong>Nutri-Score<\/strong> den \u201eEink\u00e4ufern\u201c wird eine gro\u00dfe Hilfe werden,<br>lasse ich so stehen, denn \u201eWunschdenker\u201c, gibt es genug auf Erden.<br><br>Der <strong>Nutri-Score<\/strong> w\u00e4re sehr einfach und benutzerfreundlich erkl\u00e4rt,<br>der Verbraucher eine \u201eern\u00e4hrungspsysiologische Beratung\u201c erf\u00e4hrt.<br>Ich meine, dass der <strong>Nutri-Score<\/strong> den Verbraucher eher \u201everwirrt\u201c,<br>wenn er dann orientierungslos durch die Lebensmittelabteilung irrt.<br><br>Verbraucher die gerne K\u00e4se essen, sind entsetzt und haben Fragen,<br>denn alle K\u00e4se meistens den <strong>Nutri-Score<\/strong> \u201eD\u201c und \u201eE\u201c dann tragen.<br>Was sollte der <strong>Nutri-Score<\/strong> dem Verbraucher als Erkenntnis geben,<br>dass, wenn er viel K\u00e4se isst, wird er nicht mehr lange dann leben?<br><br>Welche Produkte wird der <strong>Nutri-Score<\/strong> den Verbraucher empfehlen,<br>soll er f\u00fcr seine Ern\u00e4hrung beim Einkauf keinen K\u00e4se mehr w\u00e4hlen?<br>Der <strong>Nutri-Score<\/strong> soll uns zu einer bewussteren Ern\u00e4hrung bringen,<br>ohne den Verbraucher zu einem vorbestimmten Einkauf zu zwingen.<br><br>Als Erkenntnis, mangels Aufkl\u00e4rung, komme ich zu dem Entschluss,<br>der <strong>Nutri-Score<\/strong> ist von den Regierungen ein zu schneller \u201eSchuss\u201c.<br>Hat etwa die Lebensmittellobby auch mit am <strong>Nutri-Score<\/strong> gedreht,<br>denn sie kennen \u201epolitische Wege\u201c und wissen, wie so etwas geht?<br><br>Zur Zeit die Hersteller von \u201eungesunden Waren\u201c dieses relativieren,<br>denn sie wollen mit einem \u201enegativen\u201c <strong>Nutri-Score<\/strong> nicht verlieren.<br>So die Hersteller dieses Produkt an Konkurrenz Produkte angepasst,<br>so dass das Produkt, \u00fcber den <strong>Nutri-Score <\/strong>wird auch \u201eangefasst\u201c.<br><br>Der Verbraucher sich nur von <strong>Nutri-Score<\/strong> &#8222;A&#8220;-Produkten ern\u00e4hrt,<br>dann gilt die Ern\u00e4hrung als nicht ausgewogen, so wird man belehrt.<br>Ich werde mich auch ohne <strong>Nutri-Score<\/strong> weiter vielf\u00e4ltig ern\u00e4hren,<br>aber gegen eine staatliche Bevormundung werde ich mich wehren.<br><br>\u00a9 Rainer Dambroth \u2013 28.02.2023 &#8211; <strong><a href=\"http:\/\/www.overline-poetry.de\/\">www.overline-poetry.de<\/a><\/strong><\/p>\n","protected":false},"excerpt":{"rendered":"<p>Die Wissenschaft den Nutri-Score als den \u201egro\u00dfen Wurf\u201c dargestelltund sie hoffen, dass dieses den Verbrauchern hilft und somit gef\u00e4llt.Ob der Nutri-Score den \u201eEink\u00e4ufern\u201c wird eine gro\u00dfe Hilfe werden,lasse ich so stehen, denn \u201eWunschdenker\u201c, gibt es genug auf Erden. Der Nutri-Score w\u00e4re sehr einfach und benutzerfreundlich erkl\u00e4rt,der Verbraucher eine \u201eern\u00e4hrungspsysiologische Beratung\u201c erf\u00e4hrt.Ich meine, dass der Nutri-Score [&hellip;]<\/p>\n","protected":false},"author":3,"featured_media":0,"parent":0,"menu_order":0,"comment_status":"closed","ping_status":"closed","template":"","meta":{"footnotes":""},"class_list":["post-7083","page","type-page","status-publish","hentry"],"jetpack_sharing_enabled":true,"_links":{"self":[{"href":"https:\/\/www.overline-design.de\/poetry\/index.php?rest_route=\/wp\/v2\/pages\/7083","targetHints":{"allow":["GET"]}}],"collection":[{"href":"https:\/\/www.overline-design.de\/poetry\/index.php?rest_route=\/wp\/v2\/pages"}],"about":[{"href":"https:\/\/www.overline-design.de\/poetry\/index.php?rest_route=\/wp\/v2\/types\/page"}],"author":[{"embeddable":true,"href":"https:\/\/www.overline-design.de\/poetry\/index.php?rest_route=\/wp\/v2\/users\/3"}],"replies":[{"embeddable":true,"href":"https:\/\/www.overline-design.de\/poetry\/index.php?rest_route=%2Fwp%2Fv2%2Fcomments&post=7083"}],"version-history":[{"count":5,"href":"https:\/\/www.overline-design.de\/poetry\/index.php?rest_route=\/wp\/v2\/pages\/7083\/revisions"}],"predecessor-version":[{"id":11266,"href":"https:\/\/www.overline-design.de\/poetry\/index.php?rest_route=\/wp\/v2\/pages\/7083\/revisions\/11266"}],"wp:attachment":[{"href":"https:\/\/www.overline-design.de\/poetry\/index.php?rest_route=%2Fwp%2Fv2%2Fmedia&parent=7083"}],"curies":[{"name":"wp","href":"https:\/\/api.w.org\/{rel}","templated":true}]}}