
{"id":7119,"date":"2023-03-19T18:53:13","date_gmt":"2023-03-19T18:53:13","guid":{"rendered":"https:\/\/www.overline-design.de\/poetry\/?page_id=7119"},"modified":"2024-04-17T17:07:26","modified_gmt":"2024-04-17T17:07:26","slug":"der-bundestag-wird-wieder-normal-gross","status":"publish","type":"page","link":"https:\/\/www.overline-design.de\/poetry\/?page_id=7119","title":{"rendered":"Hurra! Der Bundestag wird wieder normal (gro\u00df)!"},"content":{"rendered":"\n<p>Diese notwendige Reform kann man doch als sehr gerecht erkl\u00e4ren,<br>denn gegen &#8222;Aufbl\u00e4hung&#8220; sollte sich der w\u00e4hlende B\u00fcrger wehren.<br>Wenn Direktmandate reichen dann nicht f\u00fcr den Bundestagseinzug,<br>aber auch nur, wenn f\u00fcr die 5%-H\u00fcrde waren nicht Stimmen genug.<br><br>Der S\u00f6der sieht die Wahlreform sehr kritisch und will intervenieren,<br>denn er hat Angst, die CSU k\u00f6nnte bei dieser Reform nur verlieren.<br>Sie sehen sich als den wichtigeren Partner bei ihrer Schwester CDU,<br>aber geben mit unqualifizierter Kritik an vielen Dingen keine Ruh&#8216;.<br><br>Hoffentlich wird die CSU bei dieser Reform auf Normalma\u00df gestutzt,<br>denn bisher haben sie die Kooperation nur f\u00fcr ihren Vorteil benutzt.<br>Vielleicht bleibt die CSU nach der n\u00e4chsten Bundeswahl in Bayern,<br>dann k\u00f6nnen wir die \u201edeutsche&#8220; Unabh\u00e4ngigkeit von Bayern feiern.<br><br>Auch die Partei der Linken gegen die \u201eVerkleinerung\u201c protestieren,<br>denn auch sie wollen nicht bei der Bundestagswahlreform verlieren.<br>Bei der letzten Bundestagswahl Stimmen f\u00fcr die 5%-H\u00fcrde fehlten<br>und so nur Direktmandate f\u00fcr den Einzug in den Bundestag z\u00e4hlten.<br><br>Wenn die erforderliche 5%-H\u00fcrde prozentual wird nicht genommen,<br>dann wird diese Partei dann nicht in den Bundestag hinein kommen.<br>Nur bei nationalen Minderheiten wird eine Ausnahme dann gemacht<br>und ich hoffe, dass man dabei nicht an die Bayern CSU hat gedacht.<br><br>Wenn der Bundestag durch \u201e\u00dcberhang\u201c w\u00fcrde weiter so aufgebl\u00e4ht,<br>m\u00fcssten wir eine &#8222;Arena&#8220; anmieten, damit es politisch weiter geht.<br>Die CDU\/CSU m\u00fcssen bei der Sitzverteilung sich dann arrangieren,<br>denn werden beide Schwestern gewinnen und keiner wird verlieren.<br><br>\u00a9 Rainer Dambroth \u2013 19.03.2023 &#8211; <strong><a href=\"http:\/\/www.overline-poetry.de\/\">www.overline-poetry.de<\/a><\/strong><br><br><strong>Die Reform:<\/strong> <br>&#8211; Das neue Wahlrecht deckelt die Zahl der Sitze im Bundestag bei 630 Gesamtsitze.<br>&#8211; Gew\u00e4hlt wird wie bisher mit Erst- und Zweitstimme.<br>&#8211; Entscheidend f\u00fcr die Sitzverteilung ist die Zweitstimme und das Prozentergebnis.<br>&#8211; Es gibt keine \u00dcberhang- und Ausgleichsmandate mehr!<\/p>\n","protected":false},"excerpt":{"rendered":"<p>Diese notwendige Reform kann man doch als sehr gerecht erkl\u00e4ren,denn gegen &#8222;Aufbl\u00e4hung&#8220; sollte sich der w\u00e4hlende B\u00fcrger wehren.Wenn Direktmandate reichen dann nicht f\u00fcr den Bundestagseinzug,aber auch nur, wenn f\u00fcr die 5%-H\u00fcrde waren nicht Stimmen genug. Der S\u00f6der sieht die Wahlreform sehr kritisch und will intervenieren,denn er hat Angst, die CSU k\u00f6nnte bei dieser Reform nur [&hellip;]<\/p>\n","protected":false},"author":3,"featured_media":0,"parent":0,"menu_order":0,"comment_status":"closed","ping_status":"closed","template":"","meta":{"footnotes":""},"class_list":["post-7119","page","type-page","status-publish","hentry"],"jetpack_sharing_enabled":true,"_links":{"self":[{"href":"https:\/\/www.overline-design.de\/poetry\/index.php?rest_route=\/wp\/v2\/pages\/7119","targetHints":{"allow":["GET"]}}],"collection":[{"href":"https:\/\/www.overline-design.de\/poetry\/index.php?rest_route=\/wp\/v2\/pages"}],"about":[{"href":"https:\/\/www.overline-design.de\/poetry\/index.php?rest_route=\/wp\/v2\/types\/page"}],"author":[{"embeddable":true,"href":"https:\/\/www.overline-design.de\/poetry\/index.php?rest_route=\/wp\/v2\/users\/3"}],"replies":[{"embeddable":true,"href":"https:\/\/www.overline-design.de\/poetry\/index.php?rest_route=%2Fwp%2Fv2%2Fcomments&post=7119"}],"version-history":[{"count":12,"href":"https:\/\/www.overline-design.de\/poetry\/index.php?rest_route=\/wp\/v2\/pages\/7119\/revisions"}],"predecessor-version":[{"id":8666,"href":"https:\/\/www.overline-design.de\/poetry\/index.php?rest_route=\/wp\/v2\/pages\/7119\/revisions\/8666"}],"wp:attachment":[{"href":"https:\/\/www.overline-design.de\/poetry\/index.php?rest_route=%2Fwp%2Fv2%2Fmedia&parent=7119"}],"curies":[{"name":"wp","href":"https:\/\/api.w.org\/{rel}","templated":true}]}}