
{"id":7166,"date":"2023-03-25T15:39:00","date_gmt":"2023-03-25T15:39:00","guid":{"rendered":"https:\/\/www.overline-design.de\/poetry\/?page_id=7166"},"modified":"2023-03-28T12:55:37","modified_gmt":"2023-03-28T12:55:37","slug":"wer-hat-man-den-wendlers-in-die-soup-gespuckt","status":"publish","type":"page","link":"https:\/\/www.overline-design.de\/poetry\/?page_id=7166","title":{"rendered":"Wer hat man den Wendlers in die \u201eSoup\u201c gespuckt?"},"content":{"rendered":"\n<p>Sie hatten sich das gew\u00fcnscht, als das gro\u00dfes Comeback,<br>aber auch nur gedacht, als das (heilige) Mittel zum Zweck.<br>Oder war doch der Spruch: \u201eDer Zweck heiligt die Mittel\u201c?<br>Bekanntheit verliert sich, um zu landen einen Schlagertitel.<br><br>Nat\u00fcrlich auch, um wieder Geld in die Kasse zu bekommen,<br>h\u00e4tten sie ihr Leben gezeigt und daf\u00fcr das Geld genommen.<br>Nun hat RTL die Sendefolgen dieser Doku Soup abgesetzt!<br>Haben sich die Wendlers mit ihrer \u201eWiederkehr\u201c versch\u00e4tzt?<br><br>Man munkelt: Das zweitklassierte Stars haben interveniert<br>und somit daf\u00fcr gesorgt, dass die Doku Soup nicht passiert.<br>Das ist gut, denn noch haben die Zuschauer die Senderwahl<br>und nicht \u201ejeder gesendete Mist\u201c den Zuschauern auch egal.<br><br>Die Wendlers sollten weiter ihr Leben in den USA aufbauen<br>und nicht immer nach den deutschen Fans dann &#8222;schauen&#8220;.<br>Oder sind die Amis nicht f\u00fcr Lauras \u201ePayLiveShow\u201c zu haben<br>und k\u00f6nnen sich nicht ans Michaels Gesang dann \u201eerlaben\u201c?<br><br>Auch am Ballermann ist die Showb\u00fchne schon neu besetzt,<br>auch hier der \u201eWendler\u201c seine Situation falsch eingesch\u00e4tzt.<br>Zu Corona wurde er ungefragt auch zu einem Kommentator<br>und wie auch Xavier Naidoo er nicht gewann, sondern verlor.<br><br>F\u00fcr den Unterhalt kann Wendler Arbeit f\u00fcr die H\u00e4nde suchen,<br>anstatt darauf zu hoffen, dass man ihn wird wieder buchen.<br>Dann hat er Zeit, \u00fcber die gemachten Fehler nachzudenken,<br>wo er als Coronaleugner versucht hat, Menschen zu lenken.<br><br>Man sollte doch auch erkennen, wenn die Show ist gelaufen,<br>wenn die Fans sich neu orientieren und nichts mehr kaufen.<br>Nun hoffe ich, das \u201eWendler-Buch\u201c wird endlich geschlossen<br>und sie nicht mit ihren Problemen machen uns verdrossen.<br><br><strong>\u00a9<\/strong> Rainer Dambroth &#8211; 25.03.2023 &#8211; <strong><a href=\"https:\/\/www.overline-poetry.de\/\">www.overline-poetry.de<\/a><\/strong><br><br><strong>Die geplante Doku Soup wurde von RTL abgesetzt!<\/strong><br><br>\ud83d\udd17 <strong><a href=\"https:\/\/www.overline-design.de\/poetry\/wp-admin\/post.php?post=4599&amp;action=edit\">Wie quer denken Querdenker?<\/a><\/strong><br><\/p>\n","protected":false},"excerpt":{"rendered":"<p>Sie hatten sich das gew\u00fcnscht, als das gro\u00dfes Comeback,aber auch nur gedacht, als das (heilige) Mittel zum Zweck.Oder war doch der Spruch: \u201eDer Zweck heiligt die Mittel\u201c?Bekanntheit verliert sich, um zu landen einen Schlagertitel. Nat\u00fcrlich auch, um wieder Geld in die Kasse zu bekommen,h\u00e4tten sie ihr Leben gezeigt und daf\u00fcr das Geld genommen.Nun hat RTL [&hellip;]<\/p>\n","protected":false},"author":3,"featured_media":0,"parent":0,"menu_order":0,"comment_status":"closed","ping_status":"closed","template":"","meta":{"footnotes":""},"class_list":["post-7166","page","type-page","status-publish","hentry"],"jetpack_sharing_enabled":true,"_links":{"self":[{"href":"https:\/\/www.overline-design.de\/poetry\/index.php?rest_route=\/wp\/v2\/pages\/7166","targetHints":{"allow":["GET"]}}],"collection":[{"href":"https:\/\/www.overline-design.de\/poetry\/index.php?rest_route=\/wp\/v2\/pages"}],"about":[{"href":"https:\/\/www.overline-design.de\/poetry\/index.php?rest_route=\/wp\/v2\/types\/page"}],"author":[{"embeddable":true,"href":"https:\/\/www.overline-design.de\/poetry\/index.php?rest_route=\/wp\/v2\/users\/3"}],"replies":[{"embeddable":true,"href":"https:\/\/www.overline-design.de\/poetry\/index.php?rest_route=%2Fwp%2Fv2%2Fcomments&post=7166"}],"version-history":[{"count":11,"href":"https:\/\/www.overline-design.de\/poetry\/index.php?rest_route=\/wp\/v2\/pages\/7166\/revisions"}],"predecessor-version":[{"id":7189,"href":"https:\/\/www.overline-design.de\/poetry\/index.php?rest_route=\/wp\/v2\/pages\/7166\/revisions\/7189"}],"wp:attachment":[{"href":"https:\/\/www.overline-design.de\/poetry\/index.php?rest_route=%2Fwp%2Fv2%2Fmedia&parent=7166"}],"curies":[{"name":"wp","href":"https:\/\/api.w.org\/{rel}","templated":true}]}}