
{"id":7215,"date":"2023-04-03T17:15:01","date_gmt":"2023-04-03T17:15:01","guid":{"rendered":"https:\/\/www.overline-design.de\/poetry\/?page_id=7215"},"modified":"2023-04-04T05:47:36","modified_gmt":"2023-04-04T05:47:36","slug":"verwendung-und-die-sorglose-entsorgung-ausgedienter-legehuehner","status":"publish","type":"page","link":"https:\/\/www.overline-design.de\/poetry\/?page_id=7215","title":{"rendered":"Verwendung und die &#8222;sorglose&#8220; Entsorgung \u201eausgedienter\u201c Legeh\u00fchner"},"content":{"rendered":"\n<p>Ausgediente Legeh\u00fchner werden ihr Leben im Suppentopf beenden,<br>wenn man sie ausgemergelt als Suppenh\u00fchner wird noch verwenden.<br>Wenn man sie aus den St\u00e4llen greift und in Transportkisten verstaut,<br>dann manches Mal schon vom Anblick dieser Kreaturen einem graut.<br><br>Tiersch\u00fctzer lassen die H\u00fchner in nat\u00fcrlicher Umgebung weiterleben<br>und ihnen auch einen sch\u00f6nen Ruhestand bis ans Lebensende geben.<br>Zum Dank legen die H\u00fchner den Gastgebern ab und zu noch ein Ei<br>und sie genie\u00dfen ihr Leben, denn sie sind endlich doch wieder frei.<br><br>\u201eAlte Legeh\u00fchner\u201c die ihre maximale Legeleistung haben absolviert<br>und die man kosteng\u00fcnstig als \u201eMasse\u201c in Biogasanlagen \u201einvestiert\u201c.<br>Mit den \u201eausgedienten Legeh\u00fchnern\u201c wird somit Strom produzieren<br>und die Legeh\u00fchner \u201everschrottet\u201c als Biomasse ihr Leben verlieren.<br><br>F\u00fcr die \u201eH\u00fchnerbarone\u201c sind die H\u00fchner nur Produktionsmaschinen<br>und man wird sich derer nur als Eierlegemaschinen dann bedienen.<br>Zu der entsorgenden Firma werde ich keine Kommentare verlieren,<br>denn ich will f\u00fcr meine Kritik keine weitere Abmahnung \u201ekassieren\u201c.<br><br>Auch wurden Alth\u00fchner per LKW lebend in Erdgruben hineingekippt<br>und anschlie\u00dfend wurde die Erdgrube mit Sand dann \u201ezugeschippt\u201c.<br>Dieses ist allerdings tierschutzrechtlich nicht in Deutschland passiert,<br>dann h\u00e4tten die \u201eEntsorger\u201c eine Anzeige wegen Tierqu\u00e4lerei riskiert.<br><br>Weil hier zwar noch Eier, aber immer weniger Fleisch wird konsumiert,<br>werden sie tiefgefroren nach Schlachtung in \u201eDrittl\u00e4nder\u201c exportiert.<br>Die gefrorenen Alth\u00fchner dann \u201ebillig\u201c auf den M\u00e4rkten konkurrieren,<br>dadurch die einheimischen Erzeuger mit ihren Erzeugnissen verlieren.<br><br><strong>\u00a9<\/strong> Rainer Dambroth &#8211; 03.04.2023 &#8211; <strong><a href=\"http:\/\/www.overline-poetry.de\/\">www.overline-poetry.de<\/a><\/strong><br><br>\ud83d\udd17<strong><a href=\"https:\/\/www.overline-design.de\/poetry\/wp-admin\/post.php?post=836&amp;action=edit\">Die moderne Landwirtschaft oder der Kampf gegen den Hunger<\/a><\/strong><br>\ud83d\udd17<strong><a href=\"https:\/\/www.overline-design.de\/poetry\/wp-admin\/post.php?post=7205&amp;action=edit\">42 Tage bis zur \u201eHinrichtung\u201c \u2013 Folter und Qu\u00e4lerei in der Gefl\u00fcgelmassenhaltung<\/a><\/strong><\/p>\n","protected":false},"excerpt":{"rendered":"<p>Ausgediente Legeh\u00fchner werden ihr Leben im Suppentopf beenden,wenn man sie ausgemergelt als Suppenh\u00fchner wird noch verwenden.Wenn man sie aus den St\u00e4llen greift und in Transportkisten verstaut,dann manches Mal schon vom Anblick dieser Kreaturen einem graut. Tiersch\u00fctzer lassen die H\u00fchner in nat\u00fcrlicher Umgebung weiterlebenund ihnen auch einen sch\u00f6nen Ruhestand bis ans Lebensende geben.Zum Dank legen die [&hellip;]<\/p>\n","protected":false},"author":3,"featured_media":0,"parent":0,"menu_order":0,"comment_status":"closed","ping_status":"closed","template":"","meta":{"footnotes":""},"class_list":["post-7215","page","type-page","status-publish","hentry"],"jetpack_sharing_enabled":true,"_links":{"self":[{"href":"https:\/\/www.overline-design.de\/poetry\/index.php?rest_route=\/wp\/v2\/pages\/7215","targetHints":{"allow":["GET"]}}],"collection":[{"href":"https:\/\/www.overline-design.de\/poetry\/index.php?rest_route=\/wp\/v2\/pages"}],"about":[{"href":"https:\/\/www.overline-design.de\/poetry\/index.php?rest_route=\/wp\/v2\/types\/page"}],"author":[{"embeddable":true,"href":"https:\/\/www.overline-design.de\/poetry\/index.php?rest_route=\/wp\/v2\/users\/3"}],"replies":[{"embeddable":true,"href":"https:\/\/www.overline-design.de\/poetry\/index.php?rest_route=%2Fwp%2Fv2%2Fcomments&post=7215"}],"version-history":[{"count":9,"href":"https:\/\/www.overline-design.de\/poetry\/index.php?rest_route=\/wp\/v2\/pages\/7215\/revisions"}],"predecessor-version":[{"id":7239,"href":"https:\/\/www.overline-design.de\/poetry\/index.php?rest_route=\/wp\/v2\/pages\/7215\/revisions\/7239"}],"wp:attachment":[{"href":"https:\/\/www.overline-design.de\/poetry\/index.php?rest_route=%2Fwp%2Fv2%2Fmedia&parent=7215"}],"curies":[{"name":"wp","href":"https:\/\/api.w.org\/{rel}","templated":true}]}}