
{"id":7260,"date":"2023-04-07T16:34:20","date_gmt":"2023-04-07T16:34:20","guid":{"rendered":"https:\/\/www.overline-design.de\/poetry\/?page_id=7260"},"modified":"2023-04-21T15:56:48","modified_gmt":"2023-04-21T15:56:48","slug":"der-pfau-pavo-ist-spurlos-verschwunden","status":"publish","type":"page","link":"https:\/\/www.overline-design.de\/poetry\/?page_id=7260","title":{"rendered":"Der Pfau \u201ePavo\u201c wird seit dem 29. M\u00e4rz vermisst!"},"content":{"rendered":"\n<p>Unserer Stra\u00dfenpfau \u201ePavo\u201c ist seit Tagen spurlos verschwunden<br>und sein Fehlen haben wir dann noch nicht so ganz \u00fcberwunden.<br>Er kam seit acht Monaten regelm\u00e4\u00dfig t\u00e4glich zu den Futterzeiten,<br>zu denen wir seine t\u00e4gliche Futterration f\u00fcr ihn dann zubereiten.<br><br>W\u00e4re er noch in Freiheit und vielleicht sogar auf \u201eFreiersf\u00fc\u00dfen\u201c,<br>dass w\u00fcrden wir sofort akzeptieren und dieses auch begr\u00fc\u00dfen.<br>Vielleicht sucht der sch\u00f6ne Pfau \u201ePavo\u201c auch die \u201eZweisamkeit\u201c,<br>wo die Pfaudame seines Herzen ist f\u00fcr eine Partnerschaft bereit.<br><br>Wurde der Pfau gefangen, so h\u00e4tten wir das gerne mitbekommen,<br>ob jemand den Pfau zur Zierde seines Gartens hat mitgenommen.<br>Wenn \u201ePavo\u201c bei einem Tierfreund seine neue Heimat gefunden,<br>so freuen wir uns und w\u00fcnschen ihm noch viele sch\u00f6ne Stunden.<br><br>Vielleicht wurde er von einem \u201eschie\u00dfw\u00fctigen\u201c J\u00e4ger erschossen,<br>der die schmucken Pfauenfedern als Jagdtroph\u00e4en hat genossen?<br>Ist er beim Queren unserer befahrenen Landesstra\u00dfe verunfallt?<br>Dann eine Nachricht an uns, die um ihn Sorgenden, das alsbald!<br><br>Auf den D\u00e4chern von Neubruchhausen hat er so manche Nacht,<br>auf dem Dach an der h\u00f6chsten Stelle und \u201eabgesetzt\u201c zugebracht.<br>Morgens, nach dem Wachwerden, das Gefieder gr\u00fcndlich geputzt,<br>wof\u00fcr er seinen Schnabel geschickt als Reinigungsutensil benutzt<br><br>Der Schwanz, auch Schleppe genannt, wurde zum Putzen aufstellt<br>das am Morgensonnenhimmel als ein imposantes Bild sehr gef\u00e4llt.<br>Bevor er auf einen Rasen als Landefl\u00e4che dann herunter schwebt<br>und angek\u00fcndigt mit seinem Schrei, man die Landung mit erlebt.<br><br>Spiegelnde Glasscheiben hatten es dem Pfau \u201ePavo\u201c doch angetan,<br>so dass er seine ganze Sch\u00f6nheit als Spiegelbild bewundern kann.<br>Ich sah ihn in der Nachbarschaft, sein Spiegelbild dann betrachten<br>und auch an der T\u00fcr vom Friseur sein Spiegelbild \u201eanschmachten\u201c.<br><br><strong>\u00a9<\/strong> Rainer Dambroth &#8211; 07.04.2023 &#8211; <strong><a href=\"http:\/\/www.overline-poetry.de\/\">www.overline-poetry.de<\/a><\/strong><br><br><strong>&#8222;Pavo&#8220; war vom 22.07.2022 &#8211; 29.03.2023 unser st\u00e4ndiger Gast und wurde t\u00e4glich mit Futter versorgt.<\/strong><br><strong>Sachdienliche Hinweise \u00fcber den Verbleib erbeten! Diskretion wird zugesichert! Danke!<\/strong><\/p>\n\n\n\n<p>\ud83d\udd17 <strong><a href=\"https:\/\/www.overline-design.de\/poetry\/wp-admin\/post.php?post=6163&amp;action=edit\">\u201ePavo\u201c \u2013 ein Pfau lebt in unserer Stra\u00dfe<\/a><\/strong><br><br><\/p>\n","protected":false},"excerpt":{"rendered":"<p>Unserer Stra\u00dfenpfau \u201ePavo\u201c ist seit Tagen spurlos verschwundenund sein Fehlen haben wir dann noch nicht so ganz \u00fcberwunden.Er kam seit acht Monaten regelm\u00e4\u00dfig t\u00e4glich zu den Futterzeiten,zu denen wir seine t\u00e4gliche Futterration f\u00fcr ihn dann zubereiten. W\u00e4re er noch in Freiheit und vielleicht sogar auf \u201eFreiersf\u00fc\u00dfen\u201c,dass w\u00fcrden wir sofort akzeptieren und dieses auch begr\u00fc\u00dfen.Vielleicht sucht [&hellip;]<\/p>\n","protected":false},"author":3,"featured_media":7348,"parent":0,"menu_order":0,"comment_status":"closed","ping_status":"closed","template":"","meta":{"footnotes":""},"class_list":["post-7260","page","type-page","status-publish","has-post-thumbnail","hentry"],"jetpack_sharing_enabled":true,"_links":{"self":[{"href":"https:\/\/www.overline-design.de\/poetry\/index.php?rest_route=\/wp\/v2\/pages\/7260","targetHints":{"allow":["GET"]}}],"collection":[{"href":"https:\/\/www.overline-design.de\/poetry\/index.php?rest_route=\/wp\/v2\/pages"}],"about":[{"href":"https:\/\/www.overline-design.de\/poetry\/index.php?rest_route=\/wp\/v2\/types\/page"}],"author":[{"embeddable":true,"href":"https:\/\/www.overline-design.de\/poetry\/index.php?rest_route=\/wp\/v2\/users\/3"}],"replies":[{"embeddable":true,"href":"https:\/\/www.overline-design.de\/poetry\/index.php?rest_route=%2Fwp%2Fv2%2Fcomments&post=7260"}],"version-history":[{"count":4,"href":"https:\/\/www.overline-design.de\/poetry\/index.php?rest_route=\/wp\/v2\/pages\/7260\/revisions"}],"predecessor-version":[{"id":7324,"href":"https:\/\/www.overline-design.de\/poetry\/index.php?rest_route=\/wp\/v2\/pages\/7260\/revisions\/7324"}],"wp:featuredmedia":[{"embeddable":true,"href":"https:\/\/www.overline-design.de\/poetry\/index.php?rest_route=\/wp\/v2\/media\/7348"}],"wp:attachment":[{"href":"https:\/\/www.overline-design.de\/poetry\/index.php?rest_route=%2Fwp%2Fv2%2Fmedia&parent=7260"}],"curies":[{"name":"wp","href":"https:\/\/api.w.org\/{rel}","templated":true}]}}