
{"id":7266,"date":"2023-04-10T09:49:40","date_gmt":"2023-04-10T09:49:40","guid":{"rendered":"https:\/\/www.overline-design.de\/poetry\/?page_id=7266"},"modified":"2024-06-27T17:33:57","modified_gmt":"2024-06-27T17:33:57","slug":"das-regierungsschiff-mit-ampelsteuerung","status":"publish","type":"page","link":"https:\/\/www.overline-design.de\/poetry\/?page_id=7266","title":{"rendered":"Das Regierungsschiff mit Ampelsteuerung"},"content":{"rendered":"\n<p>Die CDU-Kapit\u00e4nin Angela hat sich in den verdienten Ruhestand versetzt,<br>der designierte Kapit\u00e4n Friedrich mit der Befehls\u00fcbernahme \u00fcbersch\u00e4tzt.<br>Als die Kommandoebene der deutschen Bundesflotte wurde neu gew\u00e4hlt,<br>dann das W\u00e4hlervotum zu Gunsten der SPD und den Gr\u00fcnen ausgez\u00e4hlt.<br><br>Es reichte f\u00fcr das alleinige Kommando auf dem Schiff noch nicht so ganz<br>und so orderte man die FDP, hoffte, wegen der Prozente, sie auf Distanz.<br>Der Steuermann Christian will f\u00fcr die FDP-W\u00e4hlerschaft Akzente setzen,<br>er forderte ein Schl\u00fcsselamt und konnte das Amt der Finanzen sch\u00e4tzen.<br><br>Der Kapit\u00e4n Olaf in der von ihm doch gewohnten aber zu stillen Funktion<br>und hier fehlt oftmals ein \u201eMachtwort\u201c auf der Kommandobr\u00fccke schon.<br>Ausgetragen werden vor versammelter Mannschaft oft Unstimmigkeiten,<br>die dann in der Mannschaft das Gef\u00fchl von Autorit\u00e4tsverlust verbreiten.<br><br>Ist der Kapit\u00e4n Olaf irgendwann mal auf der Br\u00fccke im Kommandoraum,<br>h\u00f6rt man seine \u201efast lautlosen\u201c Befehle auf der Kommandobr\u00fccke kaum.<br>Die Dispute zwischen Offizier und Steuermann oft aus dem Ruder laufen.<br>Man kann hoffen, dass das nicht die Titanic und die Fahrg\u00e4ste ersaufen.<br><br>Der 1. Offizier Robert sich zu oft mit dem Steuermann Christian streitet,<br>weil dieser mit eigenm\u00e4chtigen Kurskorrekturen st\u00e4ndig Sorgen bereitet.<br>Gibt Robert Befehle, doch nun die Segel f\u00fcr die Windenergie zu setzen,<br>scheint er den Widerstand des Steuermanns doch sehr zu untersch\u00e4tzen.<br><br>Der Steuermann Christian, der nur mit Verbrenner das Schiff fahren will,<br>befielt dem Maschinisten Volker \u201evolle Kraft voraus\u201c und der befolgt still.<br>Christian als der Zahlmeister hat Kontrolle der Finanzen auf dem Schiff<br>und er steuert so manches Mal mit voller Fahrt fast auf das Koalitionsriff.<br><br>Der Maschinist Volker will auch die Rechte der \u201eRaser Lobby\u201c sch\u00fctzen<br>und wie Steuermann Christian die Seerouten nur f\u00fcr Schnellfahrer n\u00fctzen.<br>Er sich verst\u00e4rkt f\u00fcr den Ausbau der Autobahnen in Deutschland einsetzt<br>und ich will hoffen, dass er die Macht der FDP nicht dabei \u00fcbersch\u00e4tzt.<br><br>Sie haben zur Zeit mit den kriegerischen russischen Piraten zu k\u00e4mpfen,<br>die alle ihre Wirtschaftserfolge und ihre Energiesparstrategien d\u00e4mpfen.<br>Das Kommando zum Schutz der Flotte Kanonen gegen Piraten einsetzen<br>und die Piraten oftmals die St\u00e4rke der NATO-Schiffsflotte untersch\u00e4tzen.<br><br>Das Flottenschutzkommando wurde erst von der Christine administriert,<br>aber sie war dieser Aufgabe nicht gewachsen und hat uns dann blamiert.<br>Der Nachfolger Boris hat das Schutzkommando der Flotte \u00fcbernommen<br>und ist so endlich zu einem Schutz gegen russischen Piraten gekommen.<br><br>Die Navigationsfrau Annalena hat die Weltkarten unter ihrer Kontrolle,<br>denn navigieren nach Karten in alle Welth\u00e4fen ist ihre \u201etragende Rolle\u201c.<br>Sie navigiert mit ihrem Flottenschiff der \u201eAnnalena\u201c sehr viele H\u00e4fen an<br>und erkundet, ob sie politisch in diesen L\u00e4ndern etwas verbessern kann.<br><br>Auch gibt es auf den Begleitschiffen der Flotte auch st\u00e4ndig Meutereien,<br>denn die Oppositionellen wollen doch die Kommandogewalten entzweien.<br>Von Backbord kam zwar Kritik, aber sie sind nicht m\u00e4chtig, zum Gl\u00fcck<br>und von Steuerbord, kommt nur an allen Befehlsentscheidungen Kritik.<br><br><strong>\u00a9<\/strong> Rainer Dambroth &#8211; 10.04.2023 &#8211; <strong><a href=\"http:\/\/www.overline-poetry.de\/\">www.overline-poetry.de<\/a><br><br>Backbord = Links = Die Linken<br>Steuerbord = Rechts = Die AFD<\/strong><\/p>\n","protected":false},"excerpt":{"rendered":"<p>Die CDU-Kapit\u00e4nin Angela hat sich in den verdienten Ruhestand versetzt,der designierte Kapit\u00e4n Friedrich mit der Befehls\u00fcbernahme \u00fcbersch\u00e4tzt.Als die Kommandoebene der deutschen Bundesflotte wurde neu gew\u00e4hlt,dann das W\u00e4hlervotum zu Gunsten der SPD und den Gr\u00fcnen ausgez\u00e4hlt. Es reichte f\u00fcr das alleinige Kommando auf dem Schiff noch nicht so ganzund so orderte man die FDP, hoffte, wegen [&hellip;]<\/p>\n","protected":false},"author":3,"featured_media":0,"parent":0,"menu_order":0,"comment_status":"closed","ping_status":"closed","template":"","meta":{"footnotes":""},"class_list":["post-7266","page","type-page","status-publish","hentry"],"jetpack_sharing_enabled":true,"_links":{"self":[{"href":"https:\/\/www.overline-design.de\/poetry\/index.php?rest_route=\/wp\/v2\/pages\/7266","targetHints":{"allow":["GET"]}}],"collection":[{"href":"https:\/\/www.overline-design.de\/poetry\/index.php?rest_route=\/wp\/v2\/pages"}],"about":[{"href":"https:\/\/www.overline-design.de\/poetry\/index.php?rest_route=\/wp\/v2\/types\/page"}],"author":[{"embeddable":true,"href":"https:\/\/www.overline-design.de\/poetry\/index.php?rest_route=\/wp\/v2\/users\/3"}],"replies":[{"embeddable":true,"href":"https:\/\/www.overline-design.de\/poetry\/index.php?rest_route=%2Fwp%2Fv2%2Fcomments&post=7266"}],"version-history":[{"count":5,"href":"https:\/\/www.overline-design.de\/poetry\/index.php?rest_route=\/wp\/v2\/pages\/7266\/revisions"}],"predecessor-version":[{"id":8799,"href":"https:\/\/www.overline-design.de\/poetry\/index.php?rest_route=\/wp\/v2\/pages\/7266\/revisions\/8799"}],"wp:attachment":[{"href":"https:\/\/www.overline-design.de\/poetry\/index.php?rest_route=%2Fwp%2Fv2%2Fmedia&parent=7266"}],"curies":[{"name":"wp","href":"https:\/\/api.w.org\/{rel}","templated":true}]}}