
{"id":7325,"date":"2022-12-05T15:19:00","date_gmt":"2022-12-05T15:19:00","guid":{"rendered":"https:\/\/www.overline-design.de\/poetry\/?page_id=7325"},"modified":"2024-01-05T08:42:30","modified_gmt":"2024-01-05T08:42:30","slug":"lebensverlaengerungspraeparate","status":"publish","type":"page","link":"https:\/\/www.overline-design.de\/poetry\/?page_id=7325","title":{"rendered":"Lebensverl\u00e4ngerungspr\u00e4parate"},"content":{"rendered":"\n<p>Damit wir gesund durch unser gesamtes Leben kommen,<br>werden allerlei Medikamente und Tinkturen eingenommen.<br>Auch die Pr\u00e4parate, die dann sollen verl\u00e4ngern unser Leben,<br>wird es mit Hoffnung auch immer \u00f6fter f\u00fcr uns dann geben.<br><br>Die Hersteller werden sich f\u00fcr den Kauf bei euch bedanken,<br>denn nur beim Gewinn ihrer Produkte sind ihre Gedanken.<br>Denn sie leben bei diesen teuren Pr\u00e4paraten vom Verkauf<br>und Ihr mit der Hoffnung, sie verl\u00e4ngern euren Lebenslauf.<br><br>Auch die Einnahme der blauen \u201eleistungsf\u00f6rdernden\u201c Pillen,<br>scheitern dann auch \u00f6fter und das liegt nicht nur am Willen.<br>Denn wo der Alltagsstress macht sich dann in euch \u201ebreit\u201c,<br>ist man trotz gutem Willen nicht jederzeit auch dazu bereit.<br><br>Wenn man dadurch das Lebensende viele Jahre verschiebt,<br>dann ist es nur verst\u00e4ndlich, dass man diese Produkte liebt.<br>Oft ist der Glaube st\u00e4rker als die Wirkung dieser Pr\u00e4parate<br>und zu einem \u201ebesonnenen\u201c Umgang ich euch hiermit rate.<br><br>Zu viel von \u201elebensverl\u00e4ngernden\u201c Pr\u00e4paraten genommen,<br>dann kann es auch zu unerw\u00fcnschten Reaktionen kommen.<br>Bei \u00fcbertriebener Einnahme kann es das Leben verk\u00fcrzen,<br>anstatt eure Lebenszeit mit einer Verl\u00e4ngerung zu w\u00fcrzen.<br><br>Ist aufgebraucht die vorbestimmte Zeit vom eurem Leben,<br>dann wird es auch keinen Nachschlag f\u00fcr euch dann geben.<br>Anders wie beim Fu\u00dfball, gibt es auch keine Nachspielzeit,<br>werden wir zeitlich abberufen, dann sollten wir dazu bereit.<br><br>Wir arbeiten, um mit dem Lohn unser Leben zu finanzieren<br>und leben nicht nur, um zu arbeiten und daf\u00fcr zu existieren.<br>Erf\u00fcllen wir unsere Arbeit mit Freuden, dann sei\u00b4s gedankt,<br>denn wird die Arbeit ein \u201eJoch\u201c, daran der Mensch erkrankt.<br><br>Einen guten Rat, m\u00f6chte ich euch auf dem Weg mitgeben:<br>Lebt bewusst, gesund und mit all euren Sinnen euer Leben.<br>Und sagt bitte nicht diesen Satz an eurem Lebensschluss:<br>Ich konnte nicht leben, weil ich doch immer arbeiten muss.<br><br><strong>\u00a9<\/strong> Rainer Dambroth &#8211; 05.12.2022 &#8211; <strong><a href=\"http:\/\/www.overline-poetry.de\/\">www.overline-poetry.de<\/a><\/strong><br><br><\/p>\n","protected":false},"excerpt":{"rendered":"<p>Damit wir gesund durch unser gesamtes Leben kommen,werden allerlei Medikamente und Tinkturen eingenommen.Auch die Pr\u00e4parate, die dann sollen verl\u00e4ngern unser Leben,wird es mit Hoffnung auch immer \u00f6fter f\u00fcr uns dann geben. Die Hersteller werden sich f\u00fcr den Kauf bei euch bedanken,denn nur beim Gewinn ihrer Produkte sind ihre Gedanken.Denn sie leben bei diesen teuren Pr\u00e4paraten [&hellip;]<\/p>\n","protected":false},"author":3,"featured_media":0,"parent":0,"menu_order":0,"comment_status":"closed","ping_status":"closed","template":"","meta":{"footnotes":""},"class_list":["post-7325","page","type-page","status-publish","hentry"],"jetpack_sharing_enabled":true,"_links":{"self":[{"href":"https:\/\/www.overline-design.de\/poetry\/index.php?rest_route=\/wp\/v2\/pages\/7325","targetHints":{"allow":["GET"]}}],"collection":[{"href":"https:\/\/www.overline-design.de\/poetry\/index.php?rest_route=\/wp\/v2\/pages"}],"about":[{"href":"https:\/\/www.overline-design.de\/poetry\/index.php?rest_route=\/wp\/v2\/types\/page"}],"author":[{"embeddable":true,"href":"https:\/\/www.overline-design.de\/poetry\/index.php?rest_route=\/wp\/v2\/users\/3"}],"replies":[{"embeddable":true,"href":"https:\/\/www.overline-design.de\/poetry\/index.php?rest_route=%2Fwp%2Fv2%2Fcomments&post=7325"}],"version-history":[{"count":3,"href":"https:\/\/www.overline-design.de\/poetry\/index.php?rest_route=\/wp\/v2\/pages\/7325\/revisions"}],"predecessor-version":[{"id":7328,"href":"https:\/\/www.overline-design.de\/poetry\/index.php?rest_route=\/wp\/v2\/pages\/7325\/revisions\/7328"}],"wp:attachment":[{"href":"https:\/\/www.overline-design.de\/poetry\/index.php?rest_route=%2Fwp%2Fv2%2Fmedia&parent=7325"}],"curies":[{"name":"wp","href":"https:\/\/api.w.org\/{rel}","templated":true}]}}