
{"id":7353,"date":"2023-04-18T16:00:00","date_gmt":"2023-04-18T16:00:00","guid":{"rendered":"https:\/\/www.overline-design.de\/poetry\/?page_id=7353"},"modified":"2023-05-01T09:55:12","modified_gmt":"2023-05-01T09:55:12","slug":"der-freie-pfau-pavo-in-der-gemeinde-weyhe","status":"publish","type":"page","link":"https:\/\/www.overline-design.de\/poetry\/?page_id=7353","title":{"rendered":"Der freie Pfau \u201ePavo\u201c in der Gemeinde Weyhe?"},"content":{"rendered":"\n<p>Mit gro\u00dfen Freuden haben wir es doch f\u00fcr uns vernommen,<br>dass \u201ePavo\u201c gesund in der Gemeinde Weyhe angekommen.<br>Der Pfau hat \u00fcber acht Monate in Neubruchhausen gelebt,<br>bevor er zu seiner Expedition nach Weyhe sich dann erhebt.<br><br>Bitte nicht den Pfau \u201ePavo\u201c von zwei Seiten sehr bedr\u00e4ngen,<br>um ihn, als letzten Ausweg, dann auf die Stra\u00dfe zu zw\u00e4ngen<br>\u201cPavo\u201c verbringt die N\u00e4chte auf D\u00e4chern oder den B\u00e4umen,<br>um dort gesichert, von dem Erlebten des Tages zu tr\u00e4umen.<\/p>\n\n\n\n<p><strong>\u00a9<\/strong> Rainer Dambroth &#8211; 18.04.2023 &#8211; <strong><a href=\"http:\/\/www.overline-poetry.de\/\">www.overline-poetry.de<\/a><\/strong><br><br><strong><a href=\"https:\/\/www.overline-design.de\/poetry\/?page_id=6163\" data-type=\"URL\" data-id=\"https:\/\/www.overline-design.de\/poetry\/?page_id=6163\">\u201ePavo\u201c \u2013 ein Pfau lebt in unserer Stra\u00dfe<\/a><\/strong><br>Wir waren sehr \u00fcberrascht und machten ein erstauntes Gesicht,<br>denn was wir erblickten, da trauten wir erst unseren Augen nicht.<br>Denn an unseren Terrassenfenstern schreitet doch vorbei ein Pfau,<br>in den wundersch\u00f6nen Farben mit Schwarz, Gr\u00fcn, Gelb und Blau.<br><a href=\"https:\/\/www.overline-design.de\/poetry\/?page_id=6163\" data-type=\"URL\" data-id=\"https:\/\/www.overline-design.de\/poetry\/?page_id=6163\"><strong>Weiterlesen \/ read more<\/strong><\/a> &#8211; 11.09.2022<br><br><strong><a href=\"https:\/\/www.overline-design.de\/poetry\/?page_id=7260\" data-type=\"URL\" data-id=\"https:\/\/www.overline-design.de\/poetry\/?page_id=7260\">Der Pfau \u201ePavo\u201c wird seit dem 29. M\u00e4rz vermisst!<\/a><\/strong><br>Unserer Stra\u00dfenpfau \u201ePavo\u201c ist seit Tagen spurlos verschwunden<br>und sein Fehlen haben wir dann noch nicht so ganz \u00fcberwunden.<br>Er kam seit acht Monaten regelm\u00e4\u00dfig t\u00e4glich zu den Futterzeiten,<br>zu denen wir seine t\u00e4gliche Futterration f\u00fcr ihn dann zubereiten.<br><strong><a href=\"https:\/\/www.overline-design.de\/poetry\/?page_id=7260\" data-type=\"URL\" data-id=\"https:\/\/www.overline-design.de\/poetry\/?page_id=7260\">Weiterlesen \/ read more<\/a><\/strong> &#8211; 07.04.2023<\/p>\n\n\n\n<p><\/p>\n","protected":false},"excerpt":{"rendered":"<p>Mit gro\u00dfen Freuden haben wir es doch f\u00fcr uns vernommen,dass \u201ePavo\u201c gesund in der Gemeinde Weyhe angekommen.Der Pfau hat \u00fcber acht Monate in Neubruchhausen gelebt,bevor er zu seiner Expedition nach Weyhe sich dann erhebt. Bitte nicht den Pfau \u201ePavo\u201c von zwei Seiten sehr bedr\u00e4ngen,um ihn, als letzten Ausweg, dann auf die Stra\u00dfe zu zw\u00e4ngen\u201cPavo\u201c verbringt [&hellip;]<\/p>\n","protected":false},"author":3,"featured_media":7369,"parent":0,"menu_order":0,"comment_status":"open","ping_status":"closed","template":"","meta":{"footnotes":""},"class_list":["post-7353","page","type-page","status-publish","has-post-thumbnail","hentry"],"jetpack_sharing_enabled":true,"_links":{"self":[{"href":"https:\/\/www.overline-design.de\/poetry\/index.php?rest_route=\/wp\/v2\/pages\/7353","targetHints":{"allow":["GET"]}}],"collection":[{"href":"https:\/\/www.overline-design.de\/poetry\/index.php?rest_route=\/wp\/v2\/pages"}],"about":[{"href":"https:\/\/www.overline-design.de\/poetry\/index.php?rest_route=\/wp\/v2\/types\/page"}],"author":[{"embeddable":true,"href":"https:\/\/www.overline-design.de\/poetry\/index.php?rest_route=\/wp\/v2\/users\/3"}],"replies":[{"embeddable":true,"href":"https:\/\/www.overline-design.de\/poetry\/index.php?rest_route=%2Fwp%2Fv2%2Fcomments&post=7353"}],"version-history":[{"count":8,"href":"https:\/\/www.overline-design.de\/poetry\/index.php?rest_route=\/wp\/v2\/pages\/7353\/revisions"}],"predecessor-version":[{"id":7368,"href":"https:\/\/www.overline-design.de\/poetry\/index.php?rest_route=\/wp\/v2\/pages\/7353\/revisions\/7368"}],"wp:featuredmedia":[{"embeddable":true,"href":"https:\/\/www.overline-design.de\/poetry\/index.php?rest_route=\/wp\/v2\/media\/7369"}],"wp:attachment":[{"href":"https:\/\/www.overline-design.de\/poetry\/index.php?rest_route=%2Fwp%2Fv2%2Fmedia&parent=7353"}],"curies":[{"name":"wp","href":"https:\/\/api.w.org\/{rel}","templated":true}]}}