
{"id":7398,"date":"2023-04-29T07:14:18","date_gmt":"2023-04-29T07:14:18","guid":{"rendered":"https:\/\/www.overline-design.de\/poetry\/?page_id=7398"},"modified":"2023-04-29T16:45:58","modified_gmt":"2023-04-29T16:45:58","slug":"klebeaktionen-der-letzten-generationkleben-und-dann-kleben-lassen","status":"publish","type":"page","link":"https:\/\/www.overline-design.de\/poetry\/?page_id=7398","title":{"rendered":"Klebeaktionen der letzten Generation:<br>\u201e(K)leben und (dann k)leben lassen!\u201c"},"content":{"rendered":"\n<p>Die Klebeaktivisten bestrafen die B\u00fcrger durch Blockaden<br>und f\u00fcr unbeteiligte B\u00fcrger entsteht ein gro\u00dfer Schaden.<br>Sie wollen die B\u00fcrger durch ihre Klebeaktionen gewinnen,<br>aber die Proteste am Unverst\u00e4ndnis der B\u00fcrger zerrinnen.<br><br>Sie wollen f\u00fcr sich Aufmerksamkeit, aber ernten viel Kritik,<br>denn sie wollen mit Kleben erpressen die regierende Politik.<br>Sie wollen mit einem Expertenteam die Regierung beraten,<br>aber sie sollten wissen, dass wir dadurch Zeit \u201everbraten\u201c.<br><br>Sollen wir die gesamte produzierende Industrie abschalten,<br>aber woher wollen wir ab morgen das t\u00e4glich Brot erhalten?<br>Sollen wir f\u00fcr den Klimafrieden dann die Waren importieren,<br>um keine \u201eKlimazielverletzungen\u201c bei uns dann zu riskieren?<br><br>Die Windturbinen m\u00fcssen erst gebaut, um zu funktionieren,<br>aber das scheint die \u201eKlebeaktivisten\u201c nicht zu interessieren.<br>Auch die Solarmodule m\u00fcssen gebaut, um sie zu installieren,<br>oder dann importieren, um Klimaneutralit\u00e4t zu garantieren?<br><br>Bei Klimaprotesten sollte die Welt doch als Ganzes gesehen,<br>denn Klimaver\u00e4nderungen ohne Zaun zu uns her\u00fcberwehen.<br>Das Ziel f\u00fcr das \u201eAnkleben\u201c ist f\u00fcr die B\u00fcrger nicht erkl\u00e4rlich,<br>au\u00dfer das dieses f\u00fcr die Akteure wird dann auch gef\u00e4hrlich.<br><br>Anders als \u201eFridays for Future\u201c ist dieses nicht zu verstehen,<br>denn hier gibt es keinen Erfolg, f\u00fcr diese Aktionen zu sehen.<br>Vielleicht sollte man den Klebeprotest nochmals \u00fcberdenken,<br>um wirkungsvoll Proteste in die richtige Richtung zu lenken.<br><br>Zur Versorgung h\u00e4tte ich die Atombrennst\u00e4be aufgebraucht,<br>bevor bei dem Kohlekraftwerk der Kamin dann wieder raucht.<br>Denn das Atomkraftwerk ist doch bereits schon kontaminiert<br>und nur als Energiebr\u00fccke, bis die Nachhaltigkeit funktioniert!<br><br><strong>\u00a9<\/strong> Rainer Dambroth &#8211; 28.04.2023 &#8211; <strong><a href=\"http:\/\/www.overline-poetry.de\/\">www.overline-poetry.de<\/a><\/strong><br><br>\ud83d\udd17 <strong><a href=\"https:\/\/www.overline-design.de\/poetry\/wp-admin\/post.php?post=6420&amp;action=edit\">Klimagipfel \/ \u201eKlimakleber\u201c<\/a><\/strong><\/p>\n","protected":false},"excerpt":{"rendered":"<p>Die Klebeaktivisten bestrafen die B\u00fcrger durch Blockadenund f\u00fcr unbeteiligte B\u00fcrger entsteht ein gro\u00dfer Schaden.Sie wollen die B\u00fcrger durch ihre Klebeaktionen gewinnen,aber die Proteste am Unverst\u00e4ndnis der B\u00fcrger zerrinnen. Sie wollen f\u00fcr sich Aufmerksamkeit, aber ernten viel Kritik,denn sie wollen mit Kleben erpressen die regierende Politik.Sie wollen mit einem Expertenteam die Regierung beraten,aber sie sollten wissen, [&hellip;]<\/p>\n","protected":false},"author":3,"featured_media":0,"parent":0,"menu_order":0,"comment_status":"closed","ping_status":"closed","template":"","meta":{"footnotes":""},"class_list":["post-7398","page","type-page","status-publish","hentry"],"jetpack_sharing_enabled":true,"_links":{"self":[{"href":"https:\/\/www.overline-design.de\/poetry\/index.php?rest_route=\/wp\/v2\/pages\/7398","targetHints":{"allow":["GET"]}}],"collection":[{"href":"https:\/\/www.overline-design.de\/poetry\/index.php?rest_route=\/wp\/v2\/pages"}],"about":[{"href":"https:\/\/www.overline-design.de\/poetry\/index.php?rest_route=\/wp\/v2\/types\/page"}],"author":[{"embeddable":true,"href":"https:\/\/www.overline-design.de\/poetry\/index.php?rest_route=\/wp\/v2\/users\/3"}],"replies":[{"embeddable":true,"href":"https:\/\/www.overline-design.de\/poetry\/index.php?rest_route=%2Fwp%2Fv2%2Fcomments&post=7398"}],"version-history":[{"count":4,"href":"https:\/\/www.overline-design.de\/poetry\/index.php?rest_route=\/wp\/v2\/pages\/7398\/revisions"}],"predecessor-version":[{"id":7406,"href":"https:\/\/www.overline-design.de\/poetry\/index.php?rest_route=\/wp\/v2\/pages\/7398\/revisions\/7406"}],"wp:attachment":[{"href":"https:\/\/www.overline-design.de\/poetry\/index.php?rest_route=%2Fwp%2Fv2%2Fmedia&parent=7398"}],"curies":[{"name":"wp","href":"https:\/\/api.w.org\/{rel}","templated":true}]}}