
{"id":7408,"date":"2023-05-05T17:11:28","date_gmt":"2023-05-05T17:11:28","guid":{"rendered":"https:\/\/www.overline-design.de\/poetry\/?page_id=7408"},"modified":"2023-06-19T18:07:07","modified_gmt":"2023-06-19T18:07:07","slug":"fdp-frei-demontierende-partei-mit-rueckwaertssalto","status":"publish","type":"page","link":"https:\/\/www.overline-design.de\/poetry\/?page_id=7408","title":{"rendered":"FDP \u2013 Frei demontierende Partei mit \u201eR\u00fcckw\u00e4rtssalto\u201c"},"content":{"rendered":"\n<p>Gemeinsam wurde der Koalitionsvertrag verbindlich geschlossen,<br>aber wie die FDP jetzt \u201emitregiert\u201c, macht die B\u00fcrger verdrossen.<br>Die FDP will f\u00fcr ihre W\u00e4hlerschaft nur ihr Programm durchsetzen,<br>aber sie sollten wissen, dass sie damit ihre Macht \u00fcbersch\u00e4tzen.<br><br>Sie weichen st\u00e4ndig mit eigenen Ideen vom Koalitionsvertrag ab<br>und halten damit die Koalitionspartner dann gewollt \u201eauf Trab\u201c.<br>Was st\u00f6ren uns die Vereinbarungen der letzten Zusammenkunft,<br>denn wir handeln nur im Sinne der Partei und nicht mit Vernunft.<br><br>Ein Tempo-Limit auf den Autobahnen wird nicht fest geschrieben,<br>weil Mitglieder der <strong>F<\/strong>rei<strong> D<\/strong>emontierende<strong> P<\/strong>artei die Raserei lieben.<br>In Nachbarl\u00e4ndern wurde das Tempo-Limit problemlos realisiert,<br>aber durch Veto der \u201eRaser-Lobby-Partei\u201c bei uns nicht anvisiert.<br><br>Entscheidend f\u00fcr Lindner, was der W\u00e4hlerschaft wurde zugesagt,<br>und uninteressant, womit er von der Koalition wurde beauftragt.<br>Beim FDP-Parteitag, h\u00f6rt man ihn von der Rednerb\u00fchne schallen<br>und er redet so, wie es den Parteimitgliedern wird dann gefallen.<br><br>So wurde er mit gro\u00dfer Mehrheit von Mitgliedern wieder gew\u00e4hlt<br>und das ist, was dem Lindner als Parteivorsitzender sehr gef\u00e4llt.<br>Das diese \u00f6ffentlich ausgetragene Uneinigkeit die B\u00fcrger irritiert,<br>wird bei der n\u00e4chsten Wahl als das Programm der FDP favorisiert.<br><br>Entscheidend f\u00fcr Lindner, was seine W\u00e4hlerschaft ihn beauftragt,<br>und uninteressant, was von ihm den Koalitionsparteien zugesagt.<br>Lindner ist ein Wind, denn in welcher Umgebung er sich befindet,<br>aus der, von den Zuschauer gew\u00fcnschte Richtung, dann \u201ewindet\u201c.<br><br>Ich hoffe, dass die W\u00e4hler, die f\u00fcr die FDP wollen wieder votieren,<br>dieses Spiel \u201eim Kopf behalten\u201c und nicht ihre Stimme \u201everlieren\u201c.<br>Wir brauchen nur eine Richtung, worauf sich die B\u00fcrger verlassen,<br>denn alles andere, wird dann bei der n\u00e4chsten Wahl \u201everblassen\u201c!<br><br><strong>\u00a9<\/strong> Rainer Dambroth &#8211; 05.05.2023 &#8211; <strong><a href=\"http:\/\/www.overline-poetry.de\/\">www.overline-poetry.de<\/a><\/strong><\/p>\n\n\n\n<p>\ud83d\udd17 <strong><a href=\"https:\/\/www.overline-design.de\/poetry\/wp-admin\/post.php?post=5640&amp;action=edit\">FDP \u2013 Partei der Mitte?<\/a><\/strong><br>\ud83d\udd17 <strong><a href=\"https:\/\/www.overline-design.de\/poetry\/wp-admin\/post.php?post=5718&amp;action=edit\">Christian Lindner und sein Porschegate<\/a><\/strong><br>\ud83d\udd17 <strong><a href=\"https:\/\/www.overline-design.de\/poetry\/wp-admin\/post.php?post=7266&amp;action=edit\">Das Regierungsschiff mit Ampelsteuerung<\/a><\/strong><\/p>\n","protected":false},"excerpt":{"rendered":"<p>Gemeinsam wurde der Koalitionsvertrag verbindlich geschlossen,aber wie die FDP jetzt \u201emitregiert\u201c, macht die B\u00fcrger verdrossen.Die FDP will f\u00fcr ihre W\u00e4hlerschaft nur ihr Programm durchsetzen,aber sie sollten wissen, dass sie damit ihre Macht \u00fcbersch\u00e4tzen. Sie weichen st\u00e4ndig mit eigenen Ideen vom Koalitionsvertrag abund halten damit die Koalitionspartner dann gewollt \u201eauf Trab\u201c.Was st\u00f6ren uns die Vereinbarungen der [&hellip;]<\/p>\n","protected":false},"author":3,"featured_media":0,"parent":0,"menu_order":0,"comment_status":"closed","ping_status":"closed","template":"","meta":{"footnotes":""},"class_list":["post-7408","page","type-page","status-publish","hentry"],"jetpack_sharing_enabled":true,"_links":{"self":[{"href":"https:\/\/www.overline-design.de\/poetry\/index.php?rest_route=\/wp\/v2\/pages\/7408","targetHints":{"allow":["GET"]}}],"collection":[{"href":"https:\/\/www.overline-design.de\/poetry\/index.php?rest_route=\/wp\/v2\/pages"}],"about":[{"href":"https:\/\/www.overline-design.de\/poetry\/index.php?rest_route=\/wp\/v2\/types\/page"}],"author":[{"embeddable":true,"href":"https:\/\/www.overline-design.de\/poetry\/index.php?rest_route=\/wp\/v2\/users\/3"}],"replies":[{"embeddable":true,"href":"https:\/\/www.overline-design.de\/poetry\/index.php?rest_route=%2Fwp%2Fv2%2Fcomments&post=7408"}],"version-history":[{"count":7,"href":"https:\/\/www.overline-design.de\/poetry\/index.php?rest_route=\/wp\/v2\/pages\/7408\/revisions"}],"predecessor-version":[{"id":7474,"href":"https:\/\/www.overline-design.de\/poetry\/index.php?rest_route=\/wp\/v2\/pages\/7408\/revisions\/7474"}],"wp:attachment":[{"href":"https:\/\/www.overline-design.de\/poetry\/index.php?rest_route=%2Fwp%2Fv2%2Fmedia&parent=7408"}],"curies":[{"name":"wp","href":"https:\/\/api.w.org\/{rel}","templated":true}]}}