
{"id":7417,"date":"2023-05-12T05:00:00","date_gmt":"2023-05-12T05:00:00","guid":{"rendered":"https:\/\/www.overline-design.de\/poetry\/?page_id=7417"},"modified":"2023-05-14T04:36:24","modified_gmt":"2023-05-14T04:36:24","slug":"tierausbeutung-fuer-den-tourismus","status":"publish","type":"page","link":"https:\/\/www.overline-design.de\/poetry\/?page_id=7417","title":{"rendered":"Tierausbeutung f\u00fcr den Tourismus"},"content":{"rendered":"\n<p>In der Urlaubszeit beginnt f\u00fcr viele Tiere dann eine Qu\u00e4lerei<br>und da man Spa\u00df haben will, sieht man das Leid nicht dabei.<br>Aber das Tiere gequ\u00e4lt und geschunden m\u00fcssen dann leiden,<br>dass sollte man als verantwortungsvoller Tourist vermeiden.<br>F\u00fcr die zahlenden Touristen werden dann die Tiere gequ\u00e4lt,<br>weil f\u00fcr Veranstalter nur das \u201elose\u201c Geld der Touristen z\u00e4hlt.<br><br>Die Stierk\u00e4mpfe, wo sich Touristen diese Qu\u00e4lerei anschauen<br>und das wahrscheinlich, um sich am \u201eGemetzel\u201c zu erbauen.<br>Anders l\u00e4sst sich die \u201eStierhatz\u201c in Pamplona nicht erkl\u00e4ren,<br>dass die Stiere get\u00f6tet, dagegen wird man sich nicht wehren.<br>Der Torero pr\u00e4sentiert sich eitel, um Zuschauern zu gefallen<br>und liebt es, wenn Ole-Rufe f\u00fcr ihn durch die Arena schallen.<br><br>In \u00c4gypten m\u00fcssen Kamele f\u00fcr den Tourismus funktionieren,<br>dass mit Schl\u00e4gen gef\u00fcgig gemacht, wird nicht interessieren.<br>Eine Karawane, gebildet mit Pferden und mehreren Kamelen<br>wird man die Route zu der imagin\u00e4ren Karawanserei w\u00e4hlen.<br>Hier k\u00f6nnen die Touristen dann Tee und Souvenirs erstehen,<br>bevor es \u201efinanziell erleichtert\u201c auf die R\u00fccktour wird gehen.<br><br>Ein Kamel, am Boden liegend, wird mit dem LKW weggezerrt<br>und weil zu sehr geschw\u00e4cht, sich nicht dagegen dann wehrt.<br>Es wurde r\u00fcckw\u00e4rts dann liegend an einem LKW angebunden<br>und es scheint normal, dass man das Tier wird so verwunden.<br>Das Kamel wurde \u00fcber die liegend \u00fcber die Stra\u00dfe geschleift<br>diese Tierqual man als empfindsamer Mensch nicht begreift.<br><br>Mit den Kutschfahrten in \u00c4gypten steht es nicht zum Besten,<br>denn Pferde ziehen die schweren Karren mit den Fahrg\u00e4sten<br>Einachsige Kutschen mit vorgespanntem Pferd f\u00fcr Touristen,<br>qu\u00e4len sich \u00fcber Steigungen und Gef\u00e4lle unwegsamer Pisten.<br>Aufw\u00e4rts mit allerletzter Kraft durch die Steigung erschwert<br>und bergab ist das Pferd dann die Bremse von dem Gef\u00e4hrt.<br><br>Die Esel auf Santorin warten auf Touristen in der Sonnenglut<br>und der Umgang mit den Eseln, der kommt nun gar nicht gut.<br>Die Kreuzfahrt-Touristen, die die Kraterinsel wollen erkunden,<br>haben f\u00fcr den gebuchten Landgang auch nur wenige Stunden.<br>Zu dicke Touristen, mit dem Treppenaufstieg v\u00f6llig \u00fcberfordert,<br>die werden dann auf Esel gesetzt, die daf\u00fcr werden geordert.<br><br>Mit dieser \u201e\u00dcberlast\u201c sich die Esel die Treppen hinauf qu\u00e4len<br>und diese \u00dcberbelastung scheint f\u00fcr die Treiber nicht zu z\u00e4hlen.<br>Dann mit oder ohne schwere Last wieder nach unten getrieben,<br>wo noch zahlende Touristen f\u00fcr einen Ritt mit Eseln geblieben.<br>Auch eine \u201etierfreundliche\u201c Seilbahn f\u00fchrt nach oben zum Ziel,<br>wenn man dann die \u201eBergstadt\u201c Santorin oben besichtigen will.<br><br>In Marrakesch stehen Pferdekutschen in gl\u00fchender Hitze bereit<br>und mehrere Kutschen verbringen in langer Schlange die Zeit.<br>Sie bieten den Touristen verschiedene Ziele in Marrakesch an,<br>die man als Touristen mit einer Pferdekutsche erfahren kann.<br>Nat\u00fcrlich ein Halt mit einem Besuch bei einem \u201eTouristenbasar\u201c,<br>dass die Kutscher f\u00fcr den Besuch werden entlohnt, das ist klar!<br><br>Elefantenzirkus, wo Elefanten brutal zu Kunstst\u00fccken abgerichtet,<br>auf den Besuch solcher \u201eQual-Shows\u201c man besser doch verzichtet.<br>Wo Tiere werden brutal mit Gewalt gezwungen und m\u00fcssen leiden,<br>w\u00e4re es besser, wenn man als Tourist solche Shows wird meiden.<br>Besonders Publikumswirksam werden Elefantenbabys ausgew\u00e4hlt,<br>denn man kann sie sehr gut vermarkten und nur das dabei z\u00e4hlt.<br><br>Delphinarien, wo die intelligenten Tiere zu Kunstst\u00fccken gedr\u00e4ngt<br>und sie mit anderen Tieren in viel zu kleinen Becken eingezw\u00e4ngt.<br>Hier m\u00fcssen Tiere den Zuschauern ihre Kunstst\u00fccke pr\u00e4sentieren,<br>aber wie es den Tieren geht, wird keinem Zuschauer interessieren.<br>Sind die Shows vorbei, dann verbringen sie stumpfsinnig die Zeit,<br>bevor sie trainieren oder zur n\u00e4chsten Show m\u00fcssen wieder bereit.<br><br><strong>\u00a9<\/strong> Rainer Dambroth &#8211; 12.05.2023 &#8211; <strong><a href=\"http:\/\/www.overline-poetry.de\/\">www.overline-poetry.de<\/a><\/strong><\/p>\n\n\n\n<p><br><br><\/p>\n","protected":false},"excerpt":{"rendered":"<p>In der Urlaubszeit beginnt f\u00fcr viele Tiere dann eine Qu\u00e4lereiund da man Spa\u00df haben will, sieht man das Leid nicht dabei.Aber das Tiere gequ\u00e4lt und geschunden m\u00fcssen dann leiden,dass sollte man als verantwortungsvoller Tourist vermeiden.F\u00fcr die zahlenden Touristen werden dann die Tiere gequ\u00e4lt,weil f\u00fcr Veranstalter nur das \u201elose\u201c Geld der Touristen z\u00e4hlt. Die Stierk\u00e4mpfe, wo [&hellip;]<\/p>\n","protected":false},"author":3,"featured_media":0,"parent":0,"menu_order":0,"comment_status":"closed","ping_status":"closed","template":"","meta":{"footnotes":""},"class_list":["post-7417","page","type-page","status-publish","hentry"],"jetpack_sharing_enabled":true,"_links":{"self":[{"href":"https:\/\/www.overline-design.de\/poetry\/index.php?rest_route=\/wp\/v2\/pages\/7417","targetHints":{"allow":["GET"]}}],"collection":[{"href":"https:\/\/www.overline-design.de\/poetry\/index.php?rest_route=\/wp\/v2\/pages"}],"about":[{"href":"https:\/\/www.overline-design.de\/poetry\/index.php?rest_route=\/wp\/v2\/types\/page"}],"author":[{"embeddable":true,"href":"https:\/\/www.overline-design.de\/poetry\/index.php?rest_route=\/wp\/v2\/users\/3"}],"replies":[{"embeddable":true,"href":"https:\/\/www.overline-design.de\/poetry\/index.php?rest_route=%2Fwp%2Fv2%2Fcomments&post=7417"}],"version-history":[{"count":4,"href":"https:\/\/www.overline-design.de\/poetry\/index.php?rest_route=\/wp\/v2\/pages\/7417\/revisions"}],"predecessor-version":[{"id":7431,"href":"https:\/\/www.overline-design.de\/poetry\/index.php?rest_route=\/wp\/v2\/pages\/7417\/revisions\/7431"}],"wp:attachment":[{"href":"https:\/\/www.overline-design.de\/poetry\/index.php?rest_route=%2Fwp%2Fv2%2Fmedia&parent=7417"}],"curies":[{"name":"wp","href":"https:\/\/api.w.org\/{rel}","templated":true}]}}