
{"id":7435,"date":"2023-06-07T09:32:00","date_gmt":"2023-06-07T09:32:00","guid":{"rendered":"https:\/\/www.overline-design.de\/poetry\/?page_id=7435"},"modified":"2023-06-11T19:33:38","modified_gmt":"2023-06-11T19:33:38","slug":"hamburg-eine-weltstadt-geht-frueh-schlafen","status":"publish","type":"page","link":"https:\/\/www.overline-design.de\/poetry\/?page_id=7435","title":{"rendered":"Hamburg &#8211; eine Weltstadt geht fr\u00fch schlafen!"},"content":{"rendered":"\n<p>In Hamburg versp\u00e4tet mit dem Flugzeug angekommen,<br>hat das unorganisierte Hamburg seinen Lauf genommen.<br>Die Touristeninformation mit \u201eGlockenschlag\u201c geschlossen<br>und das macht ankommende Touristen schon verdrossen.<br>Ein Tourist sah man hilflos klopfend vor der T\u00fcre stehen,<br>denn drinnen konnte man das Personal aufr\u00e4umen sehen.<br>Die Touristeninfo geh\u00f6rt doch am Flughafen l\u00e4nger besetzt,<br>aber bei den kurzen \u00d6ffnungszeiten ist man doch entsetzt.<br><br>Der Ticketautomat deckte nur den Bereich Hamburg ab<br>und h\u00e4lt damit die ankommenden Touristen \u201eauf Trab\u201c.<br>Au\u00dferdem geh\u00f6ren die Touchscreens mal wieder justiert,<br>weil man bei der Eingabe fast den \u201eGeduldsfaden\u201c verliert.<br>Hat man mit viel M\u00fchen die Eingaben endlich vollzogen,<br>und will bezahlen, dann ist leider zu viel Zeit verflogen.<br>Oder wie wir konnten erleben, beim Einstecken von Geld,<br>vor Einwurf der letzten M\u00fcnze, die Verbindung ausf\u00e4llt.<br><br>Die meisten Touristen wollen doch zum Hauptbahnhof hin,<br>aber wie, wo und in welche Richtung ergibt keinen Sinn.<br>Den Hinweis \u201eHamburger Hauptbahnhof\u201c sollte man sehen<br>und sollte am Abfahrtsteig in mehreren Sprachen stehen.<br>So irrt man auf dem Flughafenbahnsteig dann hin und her, <br>aber Hinweise f\u00fcr die Richtung zu finden, ist sehr schwer.<br>Irgendwelchen Leuten mit Koffern hinterher zu \u201etrollen\u201c,<br>denn es gibt Hamburger Urlauber, die nach Hause wollen.<br><br>Das auch Hamburger B\u00fcrger sind aufgelegt zum Scherzen,<br>dass kann man durchreisender Tourist noch verschmerzen.<br>So dann auf die Frage, ob das die Bahn zum Bahnhof sei,<br>auf dem R\u00fcckweg kommt die Bahn hier auch wieder vorbei. <br>Das k\u00f6nnte hei\u00dfen, wenn man die falsche Richtung f\u00e4hrt,<br>man zum Hamburger Flughafen wieder zur\u00fcck dann kehrt.<br>Nun, letztendlich sind wir am Hauptbahnhof angekommen<br>und haben den richtigen Zug zu unserem Ort genommen.<br><br><strong>\u00a9<\/strong> Rainer Dambroth &#8211; 07.06.2023 &#8211; <strong><a href=\"http:\/\/www.overline-poetry.de\/\">www.overline-poetry.de<\/a><\/strong><\/p>\n\n\n\n<p>\ud83d\udd17 <a href=\"https:\/\/www.overline-design.de\/poetry\/?page_id=7450\" data-type=\"URL\" data-id=\"https:\/\/www.overline-design.de\/poetry\/?page_id=7450\"><strong>Touristeninformation Hamburg Flughafen<\/strong><\/a><\/p>\n","protected":false},"excerpt":{"rendered":"<p>In Hamburg versp\u00e4tet mit dem Flugzeug angekommen,hat das unorganisierte Hamburg seinen Lauf genommen.Die Touristeninformation mit \u201eGlockenschlag\u201c geschlossenund das macht ankommende Touristen schon verdrossen.Ein Tourist sah man hilflos klopfend vor der T\u00fcre stehen,denn drinnen konnte man das Personal aufr\u00e4umen sehen.Die Touristeninfo geh\u00f6rt doch am Flughafen l\u00e4nger besetzt,aber bei den kurzen \u00d6ffnungszeiten ist man doch entsetzt. Der [&hellip;]<\/p>\n","protected":false},"author":3,"featured_media":0,"parent":0,"menu_order":0,"comment_status":"closed","ping_status":"closed","template":"","meta":{"footnotes":""},"class_list":["post-7435","page","type-page","status-publish","hentry"],"jetpack_sharing_enabled":true,"_links":{"self":[{"href":"https:\/\/www.overline-design.de\/poetry\/index.php?rest_route=\/wp\/v2\/pages\/7435","targetHints":{"allow":["GET"]}}],"collection":[{"href":"https:\/\/www.overline-design.de\/poetry\/index.php?rest_route=\/wp\/v2\/pages"}],"about":[{"href":"https:\/\/www.overline-design.de\/poetry\/index.php?rest_route=\/wp\/v2\/types\/page"}],"author":[{"embeddable":true,"href":"https:\/\/www.overline-design.de\/poetry\/index.php?rest_route=\/wp\/v2\/users\/3"}],"replies":[{"embeddable":true,"href":"https:\/\/www.overline-design.de\/poetry\/index.php?rest_route=%2Fwp%2Fv2%2Fcomments&post=7435"}],"version-history":[{"count":3,"href":"https:\/\/www.overline-design.de\/poetry\/index.php?rest_route=\/wp\/v2\/pages\/7435\/revisions"}],"predecessor-version":[{"id":7455,"href":"https:\/\/www.overline-design.de\/poetry\/index.php?rest_route=\/wp\/v2\/pages\/7435\/revisions\/7455"}],"wp:attachment":[{"href":"https:\/\/www.overline-design.de\/poetry\/index.php?rest_route=%2Fwp%2Fv2%2Fmedia&parent=7435"}],"curies":[{"name":"wp","href":"https:\/\/api.w.org\/{rel}","templated":true}]}}