
{"id":7439,"date":"2023-05-30T04:15:00","date_gmt":"2023-05-30T04:15:00","guid":{"rendered":"https:\/\/www.overline-design.de\/poetry\/?page_id=7439"},"modified":"2023-06-10T05:28:10","modified_gmt":"2023-06-10T05:28:10","slug":"die-tuerkei-hat-eine-chance-vertan","status":"publish","type":"page","link":"https:\/\/www.overline-design.de\/poetry\/?page_id=7439","title":{"rendered":"Die T\u00fcrkei hat eine Chance vertan"},"content":{"rendered":"\n<p>Mit der Wiederwahl von dem Pr\u00e4sidenten Erdogan,<br>haben die T\u00fcrken die Chance der Erneuerung vertan.<br>Mit Wahrscheinlichkeit wurde diese Wahl manipuliert,<br>denn die AKP wollte nicht, dass der Erdogan verliert.<br>Das die t\u00fcrkische Wirtschaft wird weiter geschw\u00e4cht.<br>Hauptsache, Erdogan regiert weiter, egal wie schlecht.<br><br>Erdogan hat mit seinen Wahlreden Stimmung gemacht<br>und seine Rechnung ging auf, so wie von ihm gedacht.<br>Erdbebenopfer seine Versprechen ernst genommen,<br>dass sie wieder H\u00e4user oder Wohnungen bekommen.<br>Egal, ob dieses in der realen Welt dann auch passiert.<br>Hauptsache, Erdogan hat ihre Stimmen \u201eeinkassiert\u201c.<br><br>Die Stimmzettel waren bereits f\u00fcr Erdogan markiert,<br>so Erdogan bei der Stichwahl keine Verluste kassiert<br>Prinzip Aschenputtel: Die Richtigen waren f\u00fcr Erdogan,<br>die falschen Stimmen wurden in den Abfallsack getan.<br>Die T\u00fcrkei wird weiter beherrscht von dem Autokraten,<br>der seine Vorteile sieht und alles andere kann warten.<br><br>Man hat auf die im Ausland lebenden T\u00fcrken gez\u00e4hlt,<br>wo vom Imam befohlen, das man nur Erdogan w\u00e4hlt.<br>Die Imame werden von Erdogans Politik unterst\u00fctzt<br>und es ist doch logisch, dass man diesen Vorteil n\u00fctzt.<br>Die freilaufenden H\u00fchner f\u00fcr die im K\u00e4fig entscheiden<br>und eine solche Pr\u00e4sidentenwahl sollte man vermeiden.<br><br>Die kurdischen B\u00fcrger mussten zur Botschaft zur Wahl,<br>darum dieser Gang zum W\u00e4hlen wurde dann zur Qual.<br>Der Erdogan taktiert f\u00fcr die gl\u00e4ubigen T\u00fcrken geschickt,<br>denn er hat wieder die Politik und die Religion verquickt.<br>Politische Gegner und Pressevertreter werden inhaftiert,<br>denn man will, dass nur Erdogans Meinung interessiert.<br><br>Die Pressefreiheit scheint den t\u00fcrkischen B\u00fcrgern egal!<br>Hauptsache ist, ihr Pr\u00e4sident Erdogan gewinnt die Wahl.<br>Leichtgl\u00e4ubig, wie sie Erdogan und seine Politik verehren.<br>Gegen diese Einf\u00e4ltigkeit, da kann man sich nicht wehren.<br>Die Politik Erdogans ist kalkulierbar und das ist so richtig,<br>aber die Freiheit der Menschen ist doch genauso wichtig!<br><br><strong>\u00a9<\/strong> Rainer Dambroth &#8211; 30.05.2023 &#8211; <strong><a href=\"http:\/\/www.overline-poetry.de\/\">www.overline-poetry.de<\/a><\/strong><\/p>\n","protected":false},"excerpt":{"rendered":"<p>Mit der Wiederwahl von dem Pr\u00e4sidenten Erdogan,haben die T\u00fcrken die Chance der Erneuerung vertan.Mit Wahrscheinlichkeit wurde diese Wahl manipuliert,denn die AKP wollte nicht, dass der Erdogan verliert.Das die t\u00fcrkische Wirtschaft wird weiter geschw\u00e4cht.Hauptsache, Erdogan regiert weiter, egal wie schlecht. Erdogan hat mit seinen Wahlreden Stimmung gemachtund seine Rechnung ging auf, so wie von ihm gedacht.Erdbebenopfer [&hellip;]<\/p>\n","protected":false},"author":3,"featured_media":0,"parent":0,"menu_order":0,"comment_status":"closed","ping_status":"closed","template":"","meta":{"footnotes":""},"class_list":["post-7439","page","type-page","status-publish","hentry"],"jetpack_sharing_enabled":true,"_links":{"self":[{"href":"https:\/\/www.overline-design.de\/poetry\/index.php?rest_route=\/wp\/v2\/pages\/7439","targetHints":{"allow":["GET"]}}],"collection":[{"href":"https:\/\/www.overline-design.de\/poetry\/index.php?rest_route=\/wp\/v2\/pages"}],"about":[{"href":"https:\/\/www.overline-design.de\/poetry\/index.php?rest_route=\/wp\/v2\/types\/page"}],"author":[{"embeddable":true,"href":"https:\/\/www.overline-design.de\/poetry\/index.php?rest_route=\/wp\/v2\/users\/3"}],"replies":[{"embeddable":true,"href":"https:\/\/www.overline-design.de\/poetry\/index.php?rest_route=%2Fwp%2Fv2%2Fcomments&post=7439"}],"version-history":[{"count":3,"href":"https:\/\/www.overline-design.de\/poetry\/index.php?rest_route=\/wp\/v2\/pages\/7439\/revisions"}],"predecessor-version":[{"id":7445,"href":"https:\/\/www.overline-design.de\/poetry\/index.php?rest_route=\/wp\/v2\/pages\/7439\/revisions\/7445"}],"wp:attachment":[{"href":"https:\/\/www.overline-design.de\/poetry\/index.php?rest_route=%2Fwp%2Fv2%2Fmedia&parent=7439"}],"curies":[{"name":"wp","href":"https:\/\/api.w.org\/{rel}","templated":true}]}}