
{"id":7486,"date":"2020-11-07T07:12:00","date_gmt":"2020-11-07T07:12:00","guid":{"rendered":"https:\/\/www.overline-design.de\/poetry\/?page_id=7486"},"modified":"2023-06-27T07:15:50","modified_gmt":"2023-06-27T07:15:50","slug":"der-makler-makelt","status":"publish","type":"page","link":"https:\/\/www.overline-design.de\/poetry\/?page_id=7486","title":{"rendered":"Der Makler makelt"},"content":{"rendered":"\n<p>Der Makler makelt makellose Maklerobjekte<br>und er plant zu vermakelnde Maklerprojekte.<br>F\u00fcr das gemakelte bekommt er eine Provison<br>und f\u00fcrs vermakelte Objekt war es das schon.<br><br>Hat das zu vermakelnde Haus doch einen Makel,<br>beginnt f\u00fcr den Makler dann das gro\u00dfe Debakel.<br>Wer will vom makelnden Makler schon Objekte,<br>wo es nur gibt viele Makel und zu viele Defekte.<br><br>Wenn der Preis f\u00fcr das Makelobjekt auch stimmt,<br>wird es einen K\u00e4ufer geben, der es dann nimmt.<br>Gibt es f\u00fcr das Makelobjekt eine Preisreduktion,<br>sinkt auch f\u00fcr den Makler die Maklerprovision.<br><br><strong>\u00a9<\/strong> Rainer Dambroth &#8211; 07.11.2020 &#8211; <strong><a href=\"https:\/\/www.overline-poetry.de\/\">www.overline-poetry.de<\/a><\/strong><\/p>\n","protected":false},"excerpt":{"rendered":"<p>Der Makler makelt makellose Maklerobjekteund er plant zu vermakelnde Maklerprojekte.F\u00fcr das gemakelte bekommt er eine Provisonund f\u00fcrs vermakelte Objekt war es das schon. Hat das zu vermakelnde Haus doch einen Makel,beginnt f\u00fcr den Makler dann das gro\u00dfe Debakel.Wer will vom makelnden Makler schon Objekte,wo es nur gibt viele Makel und zu viele Defekte. Wenn der [&hellip;]<\/p>\n","protected":false},"author":3,"featured_media":0,"parent":0,"menu_order":0,"comment_status":"closed","ping_status":"closed","template":"","meta":{"footnotes":""},"class_list":["post-7486","page","type-page","status-publish","hentry"],"jetpack_sharing_enabled":true,"_links":{"self":[{"href":"https:\/\/www.overline-design.de\/poetry\/index.php?rest_route=\/wp\/v2\/pages\/7486","targetHints":{"allow":["GET"]}}],"collection":[{"href":"https:\/\/www.overline-design.de\/poetry\/index.php?rest_route=\/wp\/v2\/pages"}],"about":[{"href":"https:\/\/www.overline-design.de\/poetry\/index.php?rest_route=\/wp\/v2\/types\/page"}],"author":[{"embeddable":true,"href":"https:\/\/www.overline-design.de\/poetry\/index.php?rest_route=\/wp\/v2\/users\/3"}],"replies":[{"embeddable":true,"href":"https:\/\/www.overline-design.de\/poetry\/index.php?rest_route=%2Fwp%2Fv2%2Fcomments&post=7486"}],"version-history":[{"count":1,"href":"https:\/\/www.overline-design.de\/poetry\/index.php?rest_route=\/wp\/v2\/pages\/7486\/revisions"}],"predecessor-version":[{"id":7487,"href":"https:\/\/www.overline-design.de\/poetry\/index.php?rest_route=\/wp\/v2\/pages\/7486\/revisions\/7487"}],"wp:attachment":[{"href":"https:\/\/www.overline-design.de\/poetry\/index.php?rest_route=%2Fwp%2Fv2%2Fmedia&parent=7486"}],"curies":[{"name":"wp","href":"https:\/\/api.w.org\/{rel}","templated":true}]}}