
{"id":7490,"date":"2023-06-29T07:44:00","date_gmt":"2023-06-29T07:44:00","guid":{"rendered":"https:\/\/www.overline-design.de\/poetry\/?page_id=7490"},"modified":"2025-05-25T08:14:39","modified_gmt":"2025-05-25T08:14:39","slug":"alternativlos-fuer-deutschland","status":"publish","type":"page","link":"https:\/\/www.overline-design.de\/poetry\/?page_id=7490","title":{"rendered":"Antidemokraten f\u00fcr Deutschland"},"content":{"rendered":"\n<p>Deutschland setzt wieder zu viel \u201eRost\u201c an, wenn es geht zur Wahl<br>und die Aufm\u00e4rsche der <strong>Antidemokraten<\/strong> werden wieder zur Qual.<br>Weil die Politik die Umsetzung von Beschl\u00fcssen zu verkomplizieren<br>und mit den B\u00fcrgern k\u00f6nnen oder wollen nicht klar kommunizieren,<br>f\u00fchlen sich manche B\u00fcrger, gerade im Osten, doch sehr abgeh\u00e4ngt<br>und dadurch man sie ungewollt zu den <strong>Antidemokraten<\/strong> hindr\u00e4ngt.<br><br>\u201eEs sind nicht immer die hellsten Kerzen die am Leuchter brennen\u201c,<br>aber es sind die, die den <strong>Antidemokraten<\/strong> dann hinterher rennen.<br>Sie beschweren sich, das sie in diesem System werden nicht erh\u00f6rt,<br>aber erleben, wie die Partei der <strong>Antidemokraten<\/strong> sie dann \u201ebet\u00f6rt\u201c.<br>Sie lassen sich mit Spr\u00fcchen und staatsfeindlicher Hetze anbinden,<br>weil die <strong>Antidemokraten<\/strong> werden immer ein Opfer f\u00fcr Hetze finden.<br><br>Die Ergebnisse der vergangenen Wahlen haben schon aufgezeigt,<br>dass so manche W\u00e4hler sind den <strong>Antidemokraten<\/strong> sehr zugeneigt.<br>Sie sehen ihr Wahlkreuz als \u201eDenkzettel\u201c und als ein Wahlprotest,<br>wenn die <strong>Antidemokraten<\/strong> gew\u00e4hlt, stellt man seinen Fehler fest.<br>Dann wird den Protestw\u00e4hlern &#8222;das wahre Gesicht&#8220; dann gezeigt<br>und in welche Richtung die <strong>Antidemokraten<\/strong> sind dann hingeneigt.<br><br>Ein \u201eg\u00e4riger Haufen\u201c, so wird von den <strong>Antidemokraten<\/strong> zugegeben,<br>die dann wieder ein nationales Deutschland wollen f\u00fcr sich erleben.<br>Sie haben kein Parteiprogramm und nat\u00fcrlich auch keine Strategie,<br>so wollen die <strong>Antidemokraten<\/strong> regieren, aber sie wissen nicht wie.<br>Die <strong>Antidemokraten<\/strong> zuerst Deutschland von Fl\u00fcchtenden \u201ebefreit\u201c,<br>weil die uns doch \u201elogistische Probleme\u201c bereiten, wie jetzt zur Zeit.<br><br>\u201eDie ich rief, die Geister werd ich nun nicht los\u201c, so der Hilfeschrei,<br>aber wenn erst die <strong>Antidemokraten<\/strong> an der Macht, dann ist vorbei.<br>Die Geschichte in der Vergangenheit wird bestritten oder gesch\u00f6nt<br>und die Orte der Grausamkeiten und auch Opfer werden verh\u00f6hnt.<br>Die Fehler beim W\u00e4hlen, kennt man aus der deutschen Geschichte,<br>aber manche Menschen lernen nie dazu, worauf ich gerne verzichte.<br><br><strong>\u00a9<\/strong> Rainer Dambroth &#8211; 29.06.2023 &#8211; <strong><a href=\"http:\/\/www.overline-poetry.de\/\">www.overline-poetry.de<\/a><\/strong><br><br><em><strong>Antidemokraten sind Menschen, die gegen Demokratie sind, also gegen ein politisches System, in dem die Macht beim Volk liegt und nicht bei einer kleinen Gruppe oder einer einzelnen Person.<\/strong><\/em><br><br><em><strong>Man darf nicht warten, bis aus dem Schneeball eine Lawine geworden ist. Man muss den rollenden Schneeball zertreten. Die Lawine h\u00e4lt keiner mehr auf. Sie ruht erst, wenn sie alles unter sich begraben hat.<br>Erich K\u00e4stner<\/strong><\/em><\/p>\n","protected":false},"excerpt":{"rendered":"<p>Deutschland setzt wieder zu viel \u201eRost\u201c an, wenn es geht zur Wahlund die Aufm\u00e4rsche der Antidemokraten werden wieder zur Qual.Weil die Politik die Umsetzung von Beschl\u00fcssen zu verkomplizierenund mit den B\u00fcrgern k\u00f6nnen oder wollen nicht klar kommunizieren,f\u00fchlen sich manche B\u00fcrger, gerade im Osten, doch sehr abgeh\u00e4ngtund dadurch man sie ungewollt zu den Antidemokraten hindr\u00e4ngt. \u201eEs [&hellip;]<\/p>\n","protected":false},"author":3,"featured_media":0,"parent":0,"menu_order":0,"comment_status":"closed","ping_status":"closed","template":"","meta":{"footnotes":""},"class_list":["post-7490","page","type-page","status-publish","hentry"],"jetpack_sharing_enabled":true,"_links":{"self":[{"href":"https:\/\/www.overline-design.de\/poetry\/index.php?rest_route=\/wp\/v2\/pages\/7490","targetHints":{"allow":["GET"]}}],"collection":[{"href":"https:\/\/www.overline-design.de\/poetry\/index.php?rest_route=\/wp\/v2\/pages"}],"about":[{"href":"https:\/\/www.overline-design.de\/poetry\/index.php?rest_route=\/wp\/v2\/types\/page"}],"author":[{"embeddable":true,"href":"https:\/\/www.overline-design.de\/poetry\/index.php?rest_route=\/wp\/v2\/users\/3"}],"replies":[{"embeddable":true,"href":"https:\/\/www.overline-design.de\/poetry\/index.php?rest_route=%2Fwp%2Fv2%2Fcomments&post=7490"}],"version-history":[{"count":9,"href":"https:\/\/www.overline-design.de\/poetry\/index.php?rest_route=\/wp\/v2\/pages\/7490\/revisions"}],"predecessor-version":[{"id":10303,"href":"https:\/\/www.overline-design.de\/poetry\/index.php?rest_route=\/wp\/v2\/pages\/7490\/revisions\/10303"}],"wp:attachment":[{"href":"https:\/\/www.overline-design.de\/poetry\/index.php?rest_route=%2Fwp%2Fv2%2Fmedia&parent=7490"}],"curies":[{"name":"wp","href":"https:\/\/api.w.org\/{rel}","templated":true}]}}