
{"id":7508,"date":"2023-07-03T04:30:00","date_gmt":"2023-07-03T04:30:00","guid":{"rendered":"https:\/\/www.overline-design.de\/poetry\/?page_id=7508"},"modified":"2023-07-06T16:56:34","modified_gmt":"2023-07-06T16:56:34","slug":"laenger-arbeiten-bei-steuerfreiem-verdienst","status":"publish","type":"page","link":"https:\/\/www.overline-design.de\/poetry\/?page_id=7508","title":{"rendered":"L\u00e4nger arbeiten bei steuerfreiem Verdienst?"},"content":{"rendered":"\n<p>L\u00e4nger arbeiten, diese Aussage von der CDU, Carsten Linnemann,<br>aber arbeiten sollte auch nur der, der dieses auch noch leisten kann.<br>Schneller, ohne Hirnkontrolle, ausgesprochen, als dieses umgesetzt,<br>denn er hat die \u201eLeistungsf\u00e4higkeit\u201c der Arbeitnehmer \u00fcbersch\u00e4tzt.<br><br>Nicht jeder \u00e4ltere Mitarbeiter ist noch in den Betrieben willkommen,<br>auch wenn man es ihnen g\u00f6nnt, das Geld zur Rente mitgenommen.<br>Denn personelle Strukturen haben sich ver\u00e4ndert in den Betrieben<br>und nicht jede Hierarchie kann ver\u00e4ndert werden, nach Belieben.<br><br>Dachdecker, Zimmerer und Mauer sind meist schon \u201everschlissen\u201c<br>und wer will einen \u201eSturz vom Dach\u201c haben, auf seinem Gewissen.<br>Auch im Gesundheitswesen, z.B.: Krankenhaus oder in der Pflege,<br>sind sie auch kr\u00e4ftem\u00e4\u00dfig verbraucht und st\u00e4nden dann im Wege.<br><br>Bestimmt hat er an Manager gedacht, weil diese nicht verbraucht<br>und die sorgen dann steuerfrei, dass ihr Schornstein weiter raucht.<br>Die Manager diese \u201eVertragsverl\u00e4ngerung\u201c freudig entgegensehen,<br>sie k\u00f6nnen noch einige Jahre Entscheidungsfehler weiter begehen.<br><br>Im Staatsdienst blockieren sie nur den anderen die \u201eKarriereleiter\u201c,<br>denn wenn sie wieder im Job, geht es f\u00fcr andere dann nicht weiter.<br>Au\u00dfer wohl in der Politik, da bleiben sie an ihrem Amt dann kleben,<br>denn da l\u00e4sst sich dann ohne Stress und Kr\u00e4fteverschlei\u00df gut leben.<br><br>Die CDU\/CSU hat die sechzehn Jahre im Dornr\u00f6schenschlaf gelebt<br>und sie unausgeschlafen jetzt die Stimme zum Protest dann erhebt.<br>Die \u00c4mter wurden als Ehrung an \u201ealt gediente\u201c Mitglieder vergeben<br>und so konnte man da die \u201eParteien-Kungelei\u201c in Reinkultur erleben.<br><br>Die CDU\/CSU den regierenden Parteien Vers\u00e4umnisse angekreidet,<br>so dass dieses vielen W\u00e4hlern eine Wahl der \u201eAltparteien\u201c verleidet.<br>Man w\u00e4hlt die \u201eAlles Naive f\u00fcr Deutschland\u201c, aber nur aus Protest,<br>aber die halten nur an einem nationalen rechten Deutschland fest.<br><br><strong>\u00a9<\/strong> Rainer Dambroth \u2013 03.07.2023 &#8211; <strong><a href=\"http:\/\/www.overline-poetry.de\/\">www.overline-poetry.de<\/a><\/strong><br><br><\/p>\n","protected":false},"excerpt":{"rendered":"<p>L\u00e4nger arbeiten, diese Aussage von der CDU, Carsten Linnemann,aber arbeiten sollte auch nur der, der dieses auch noch leisten kann.Schneller, ohne Hirnkontrolle, ausgesprochen, als dieses umgesetzt,denn er hat die \u201eLeistungsf\u00e4higkeit\u201c der Arbeitnehmer \u00fcbersch\u00e4tzt. Nicht jeder \u00e4ltere Mitarbeiter ist noch in den Betrieben willkommen,auch wenn man es ihnen g\u00f6nnt, das Geld zur Rente mitgenommen.Denn personelle Strukturen [&hellip;]<\/p>\n","protected":false},"author":3,"featured_media":0,"parent":0,"menu_order":0,"comment_status":"closed","ping_status":"closed","template":"","meta":{"footnotes":""},"class_list":["post-7508","page","type-page","status-publish","hentry"],"jetpack_sharing_enabled":true,"_links":{"self":[{"href":"https:\/\/www.overline-design.de\/poetry\/index.php?rest_route=\/wp\/v2\/pages\/7508","targetHints":{"allow":["GET"]}}],"collection":[{"href":"https:\/\/www.overline-design.de\/poetry\/index.php?rest_route=\/wp\/v2\/pages"}],"about":[{"href":"https:\/\/www.overline-design.de\/poetry\/index.php?rest_route=\/wp\/v2\/types\/page"}],"author":[{"embeddable":true,"href":"https:\/\/www.overline-design.de\/poetry\/index.php?rest_route=\/wp\/v2\/users\/3"}],"replies":[{"embeddable":true,"href":"https:\/\/www.overline-design.de\/poetry\/index.php?rest_route=%2Fwp%2Fv2%2Fcomments&post=7508"}],"version-history":[{"count":5,"href":"https:\/\/www.overline-design.de\/poetry\/index.php?rest_route=\/wp\/v2\/pages\/7508\/revisions"}],"predecessor-version":[{"id":7520,"href":"https:\/\/www.overline-design.de\/poetry\/index.php?rest_route=\/wp\/v2\/pages\/7508\/revisions\/7520"}],"wp:attachment":[{"href":"https:\/\/www.overline-design.de\/poetry\/index.php?rest_route=%2Fwp%2Fv2%2Fmedia&parent=7508"}],"curies":[{"name":"wp","href":"https:\/\/api.w.org\/{rel}","templated":true}]}}