
{"id":7559,"date":"2023-07-17T08:35:26","date_gmt":"2023-07-17T08:35:26","guid":{"rendered":"https:\/\/www.overline-design.de\/poetry\/?page_id=7559"},"modified":"2023-07-18T15:53:14","modified_gmt":"2023-07-18T15:53:14","slug":"toilettenpapier-mit-tierischer-gelatine-hergestellt-macht-keinen-sinn-aber-ist-fuer-den-arsch","status":"publish","type":"page","link":"https:\/\/www.overline-design.de\/poetry\/?page_id=7559","title":{"rendered":"Toilettenpapier mit tierischer Gelatine hergestellt, das \u201eist f\u00fcr den Arsch\u201c!"},"content":{"rendered":"\n<p>Wird Toilettenpapier wird mit tierischer Gelatine hergestellt,<br>dann dieses den Veganern oder den Vegetariern nicht gef\u00e4llt.<br>Ein Veganer will auch nicht bei jedem Toilettengang erleben,<br>dass dann Tiere ihr Leben f\u00fcr Toilettenpapier mussten geben.<br><br>Ich erwarte von Toilettenpapier, dass das Produkt ist \u201evegan\u201c,<br>sonst habe ich mich bei der Produktauswahl doch sehr vertan.<br>Auch das Toilettenpapier herstellt mit den Tierabf\u00e4llen \u201ehalal\u201c,<br>auch das werde ich nicht kaufen und das auch in keinem Fall!<br><br>Auch manche Weichsp\u00fcler werden mit Tierabf\u00e4llen produziert,<br>allein schon der Gedanke, dass f\u00fcr \u201eWeichheit\u201c ein Tier verliert.<br>Die Hersteller sollten die Produktkomponenten kontrollieren,<br>damit sich nicht Schlachtabf\u00e4lle in dem Weichsp\u00fcler verlieren.<br><br>\u00a9 Rainer Dambroth &#8211; 17.07.2023 &#8211; <strong><a href=\"http:\/\/www.overline-poetry.de\/\">www.overline-poetry.de<\/a><\/strong><br><br><strong>Bei der Herstellung von Toilettenpapier wird tierische Gelatine verwendet, um die Fasern zusammenzuhalten.<\/strong><br><br>Information:<br>2019 wurden weltweit 621.000 Tonnen Gelatine verkauft.<br>Etwa 80% der in Europa verwendeten Speisegelatine wird aus Schweineschwarten hergestellt. 15% aus Rinderspalt und 5% aus Schweine- und Rinderknochen sowie Fisch.<br><strong><a href=\"https:\/\/www.google.com\/search?q=wikipedia+gelatine&amp;client=firefox-b-d&amp;ei=D8l5YP9S74H27w_2rrzoAw&amp;oq=wikipedia+gelantine&amp;gs_lcp=Cgdnd3Mtd2l6EAEYADIECAAQDTIICAAQCBANEB4yCAgAEAgQDRAeMggIABAIEA0QHjIICAAQCBANEB4yCAgAEAgQDRAeMggIABAIEA0QHjIICAAQCBANEB4yCAgAEAgQDRAeOgcIABBHELADOgcIABCwAxBDOgUIABCxAzoCCAA6CAgAELEDEIMBOgYIABAWEB46CAgAEBYQChAeUNVOWMdvYLaOAWgBcAJ4AIABmQSIAYAPkgEIMC4xMC41LTGYAQCgAQGqAQdnd3Mtd2l6yAEKwAEB&amp;sclient=gws-wiz\">Wikipedia<\/a><\/strong><\/p>\n","protected":false},"excerpt":{"rendered":"<p>Wird Toilettenpapier wird mit tierischer Gelatine hergestellt,dann dieses den Veganern oder den Vegetariern nicht gef\u00e4llt.Ein Veganer will auch nicht bei jedem Toilettengang erleben,dass dann Tiere ihr Leben f\u00fcr Toilettenpapier mussten geben. Ich erwarte von Toilettenpapier, dass das Produkt ist \u201evegan\u201c,sonst habe ich mich bei der Produktauswahl doch sehr vertan.Auch das Toilettenpapier herstellt mit den Tierabf\u00e4llen [&hellip;]<\/p>\n","protected":false},"author":3,"featured_media":0,"parent":0,"menu_order":0,"comment_status":"closed","ping_status":"closed","template":"","meta":{"footnotes":""},"class_list":["post-7559","page","type-page","status-publish","hentry"],"jetpack_sharing_enabled":true,"_links":{"self":[{"href":"https:\/\/www.overline-design.de\/poetry\/index.php?rest_route=\/wp\/v2\/pages\/7559","targetHints":{"allow":["GET"]}}],"collection":[{"href":"https:\/\/www.overline-design.de\/poetry\/index.php?rest_route=\/wp\/v2\/pages"}],"about":[{"href":"https:\/\/www.overline-design.de\/poetry\/index.php?rest_route=\/wp\/v2\/types\/page"}],"author":[{"embeddable":true,"href":"https:\/\/www.overline-design.de\/poetry\/index.php?rest_route=\/wp\/v2\/users\/3"}],"replies":[{"embeddable":true,"href":"https:\/\/www.overline-design.de\/poetry\/index.php?rest_route=%2Fwp%2Fv2%2Fcomments&post=7559"}],"version-history":[{"count":3,"href":"https:\/\/www.overline-design.de\/poetry\/index.php?rest_route=\/wp\/v2\/pages\/7559\/revisions"}],"predecessor-version":[{"id":7570,"href":"https:\/\/www.overline-design.de\/poetry\/index.php?rest_route=\/wp\/v2\/pages\/7559\/revisions\/7570"}],"wp:attachment":[{"href":"https:\/\/www.overline-design.de\/poetry\/index.php?rest_route=%2Fwp%2Fv2%2Fmedia&parent=7559"}],"curies":[{"name":"wp","href":"https:\/\/api.w.org\/{rel}","templated":true}]}}