
{"id":7591,"date":"2023-07-23T09:39:40","date_gmt":"2023-07-23T09:39:40","guid":{"rendered":"https:\/\/www.overline-design.de\/poetry\/?page_id=7591"},"modified":"2023-07-24T06:57:38","modified_gmt":"2023-07-24T06:57:38","slug":"russische-esskultur","status":"publish","type":"page","link":"https:\/\/www.overline-design.de\/poetry\/?page_id=7591","title":{"rendered":"Russische (Ess)Kultur"},"content":{"rendered":"\n<p>Was wollen die Russen der Welt mit ihrer <strong>(Ess)Kultur<\/strong> beweisen,<br>wenn sie au\u00dferhalb von Russland in andere L\u00e4nder dann verreisen.<br>Aber was Russen von ihrer <strong>Kultur<\/strong> zeigen in den anderen L\u00e4ndern,<br>wird die schon vorgefasste Meinung nicht zum Positiven ver\u00e4ndern.<br>An dem Buffet zeigen doch viele Russen ihr forderndes Benehmen,<br>so dass man sich f\u00fcr deren Fr<strong>(Ess)Kultur<\/strong> kann nur noch sch\u00e4men.<br><br>Wenn Russen buchen ihre fernen Reisen, dann \u201eAll inclusive\u201c nur<br>und in dem Reiseland erkennt sie am Buffet an der <strong>(Ess)Kultur<\/strong>.<br>Die Teller am Buffet dann \u201evollgepackt\u201c mit viel vom dem Essen<br>und nach ein paar Bissen, wollen sie den Teller wieder vergessen.<br>Sie lassen die dann fast \u201evollen\u201c Teller sofort wieder abservieren,<br>weil sich f\u00fcr einen erneuten \u201eBuffetrundgang\u201c dann interessieren.<br><br>Man sollte ihnen von unserer westlichen <strong>(Ess)Kultur<\/strong> erz\u00e4hlen,<br>wenn man zum Buffet geht, um das Essen f\u00fcr sich auszuw\u00e4hlen.<br>Bei einem unbekannten Speiseangebot wird sehr wenig probiert,<br>weil manche der dargebotenen Speisen einem sehr interessiert.<br>Erst wenn einem diese unbekannte Speise dann auch \u201emundet\u201c,<br>auch erst dann, wird diese Speise auf dem Teller \u201eaufgerundet\u201c.<br><br>Das man nur die Menge f\u00fcr sich gew\u00e4hlt, was man essen will,<br>denn zu viel \u201eAufgepacktes\u201c vom Buffet geht dann in den M\u00fcll.<br>Russen zeigen ihren Luxus und schwelgen gerne im \u00dcberfluss,<br>aber was sie von ihrer <strong>(Ess)Kultur<\/strong> zeigen, macht nur Verdruss.<br>\u201eMehr schein als sein\u201c, so von Russen ihre <strong>Kultur<\/strong> dargestellt,<br>aber in einer internationalen &#8222;Zeitgemeinschaft&#8220; es nicht gef\u00e4llt.<br><br>Nach dem Essen geht es in die Bar, wo dann die \u201eKorken knallen\u201c<br>und man h\u00f6rt russische Ges\u00e4nge, weit durch die Anlagen hallen.<br>Nach zu viel getrunkenen Wodka h\u00f6rt man keinen Russen lallen,<br>denn trinkfest in ihrer <strong>Kultur<\/strong>, aber wird so nicht jedem gefallen.<br>Man berichtet davon, die russische Seele sei warm und herzlich,<br>aber die <strong>(Ess)Kultur<\/strong>, die man erlebt, ist schon sehr schmerzlich.<br><br>Auch wurden von den Russen verlassene Kriegsgebiete \u201eenth\u00fcllt\u201c,<br>dass diese verlassen, aber v\u00f6llig verdreckt und auch \u201ezugem\u00fcllt\u201c<br>Ist das die russische <strong>Kultur<\/strong>, die von dem Putin wird so gepriesen,<br>aber mit dem Gesehenem, wird doch eher das Gegenteil bewiesen?<br>Auch das \u201e<strong>Kulturgut<\/strong>\u201c, was sie in \u00fcberfallenen L\u00e4ndern interessiert,<br>ist dieses die russische <strong>Kultur<\/strong>, wovon Putin doch st\u00e4ndig fabuliert?<\/p>\n\n\n\n<p><br><strong>\u00a9<\/strong> Rainer Dambroth \u2013 23.07.2023 &#8211; <strong><a href=\"http:\/\/www.overline-poetry.de\/\">www.overline-poetry.de<\/a><\/strong><\/p>\n","protected":false},"excerpt":{"rendered":"<p>Was wollen die Russen der Welt mit ihrer (Ess)Kultur beweisen,wenn sie au\u00dferhalb von Russland in andere L\u00e4nder dann verreisen.Aber was Russen von ihrer Kultur zeigen in den anderen L\u00e4ndern,wird die schon vorgefasste Meinung nicht zum Positiven ver\u00e4ndern.An dem Buffet zeigen doch viele Russen ihr forderndes Benehmen,so dass man sich f\u00fcr deren Fr(Ess)Kultur kann nur noch [&hellip;]<\/p>\n","protected":false},"author":3,"featured_media":0,"parent":0,"menu_order":0,"comment_status":"closed","ping_status":"closed","template":"","meta":{"footnotes":""},"class_list":["post-7591","page","type-page","status-publish","hentry"],"jetpack_sharing_enabled":true,"_links":{"self":[{"href":"https:\/\/www.overline-design.de\/poetry\/index.php?rest_route=\/wp\/v2\/pages\/7591","targetHints":{"allow":["GET"]}}],"collection":[{"href":"https:\/\/www.overline-design.de\/poetry\/index.php?rest_route=\/wp\/v2\/pages"}],"about":[{"href":"https:\/\/www.overline-design.de\/poetry\/index.php?rest_route=\/wp\/v2\/types\/page"}],"author":[{"embeddable":true,"href":"https:\/\/www.overline-design.de\/poetry\/index.php?rest_route=\/wp\/v2\/users\/3"}],"replies":[{"embeddable":true,"href":"https:\/\/www.overline-design.de\/poetry\/index.php?rest_route=%2Fwp%2Fv2%2Fcomments&post=7591"}],"version-history":[{"count":3,"href":"https:\/\/www.overline-design.de\/poetry\/index.php?rest_route=\/wp\/v2\/pages\/7591\/revisions"}],"predecessor-version":[{"id":7596,"href":"https:\/\/www.overline-design.de\/poetry\/index.php?rest_route=\/wp\/v2\/pages\/7591\/revisions\/7596"}],"wp:attachment":[{"href":"https:\/\/www.overline-design.de\/poetry\/index.php?rest_route=%2Fwp%2Fv2%2Fmedia&parent=7591"}],"curies":[{"name":"wp","href":"https:\/\/api.w.org\/{rel}","templated":true}]}}