
{"id":7598,"date":"2023-07-25T15:25:02","date_gmt":"2023-07-25T15:25:02","guid":{"rendered":"https:\/\/www.overline-design.de\/poetry\/?page_id=7598"},"modified":"2023-11-04T07:46:12","modified_gmt":"2023-11-04T07:46:12","slug":"warum-hast-du-solch-einen-hass","status":"publish","type":"page","link":"https:\/\/www.overline-design.de\/poetry\/?page_id=7598","title":{"rendered":"Warum hast du solch einen Hass?"},"content":{"rendered":"\n<p>Ist das Angst vor dem &#8222;Unbekannten&#8220; in deinem Lebensumfeld,<br>oder weil nur das \u201enational Deutsche\u201c dir in Deutschland gef\u00e4llt.<br>Die Italiener, Griechen und T\u00fcrken wieder aus Deutschland raus?<br>Auch die Syrer, \u00c4gypter und andere &#8222;Exoten&#8220; zur\u00fcck nach Haus?<\/p>\n\n\n\n<p>Den Italiener mit leckerem Eis und Pizzen g\u00e4be es nicht mehr<br>und im griechischen Restaurant  blieben dann die Tische leer.<br>Beim Chinesen und beim T\u00fcrken gingen wieder die Lichter aus,<br>wenn Menschen aus anderen Kulturkreisen m\u00fcssten nach Haus.<br><br>So \u201egr\u00f6len\u201c die rechten Stimmungsmacher ihre hohlen Parolen,<br>dass die \u201eAusl\u00e4nder\u201c haben ihnen doch ihre Arbeit \u201egestohlen\u201c.<br>Haben die \u201erechts\u201c Deutschen auch mal dar\u00fcber nachgedacht,<br>dass doch kein \u201erechts\u201c Deutscher dann diese Arbeiten macht.<br><br>Gerade in der Altenpflege und besonders auch im Krankenhaus,<br>sehe es ohne \u201ediese Ausl\u00e4nder\u201c personell schon recht triste aus.<br>Willst du mit deinen \u201ev\u00f6lkischen Kumpanen\u201c Fleisch auf den Grill,<br>kein \u201erechts\u201c Deutscher die Arbeit im Schlachthof verrichten will.<br><br>Kein \u201erechts\u201c Deutscher will als B\u00e4cker so fr\u00fch dann aufstehen,<br>aber p\u00fcnktlich zum Fr\u00fchst\u00fcck frische Br\u00f6tchen im Verkauf sehen.<br>Auf den Feldern, wo geerntet Spargel, Kohl und auch Erdbeeren,<br>gegen diese Arbeiten werden sich die \u201erechts\u201c Deutschen wehren.<br><br>Die \u201erechts\u201c Deutschen dann durch Stadt und Land marschieren,<br>ihre ausl\u00e4nderfeindlichen Parolen auf Kundgebungen skandieren.<br>Hier sich nun auch die \u201eHoffnungslosen\u201c dem Protest anschlie\u00dfen<br>und die &#8222;F\u00fcrsorge&#8220; durch die \u201erechts\u201c Deutschen dann genie\u00dfen.<br><br>Im Bundestag wird von der Rechtspartei die Hasskultur gepflegt,<br>indem man falsche oder verdrehte Fakten dann zu Grunde legt.<br>Und h\u00f6rt man die \u201erechts\u201c-Kritiker von dem Rednerpult schallen,<br>so dass es den &#8222;nicht hell leuchtenden\u201c Anh\u00e4ngern wird gefallen.<br><br><strong>\u00a9<\/strong> Rainer Dambroth \u2013 25.07.2023 &#8211; <strong><a href=\"http:\/\/www.overline-poetry.de\/\">www.overline-poetry.de<\/a><\/strong><br><br><strong>Netzfund:<\/strong><br><strong>Hass findet sich \u00fcberall<\/strong>!<br><strong>Ursache f\u00fcr dieses Verhalten ist meist ein Mangel an Selbstwertgef\u00fchl und die Angst, dass andere einem etwas wegnehmen<\/strong>.<\/p>\n\n\n\n<p><strong><a href=\"https:\/\/www.overline-design.de\/poetry\/wp-admin\/post.php?post=5670&amp;action=edit\">Der braune Baum<\/a><\/strong><br><strong><a href=\"https:\/\/www.overline-design.de\/poetry\/wp-admin\/post.php?post=6068&amp;action=edit\">Die \u201erechten\u201c Stimmungsmacher<\/a><\/strong><br><strong><a href=\"https:\/\/www.overline-design.de\/poetry\/wp-admin\/post.php?post=3737&amp;action=edit\">Die Partei der Stimmenf\u00e4nger<\/a><\/strong><\/p>\n","protected":false},"excerpt":{"rendered":"<p>Ist das Angst vor dem &#8222;Unbekannten&#8220; in deinem Lebensumfeld,oder weil nur das \u201enational Deutsche\u201c dir in Deutschland gef\u00e4llt.Die Italiener, Griechen und T\u00fcrken wieder aus Deutschland raus?Auch die Syrer, \u00c4gypter und andere &#8222;Exoten&#8220; zur\u00fcck nach Haus? Den Italiener mit leckerem Eis und Pizzen g\u00e4be es nicht mehrund im griechischen Restaurant blieben dann die Tische leer.Beim Chinesen [&hellip;]<\/p>\n","protected":false},"author":3,"featured_media":0,"parent":0,"menu_order":0,"comment_status":"closed","ping_status":"closed","template":"","meta":{"footnotes":""},"class_list":["post-7598","page","type-page","status-publish","hentry"],"jetpack_sharing_enabled":true,"_links":{"self":[{"href":"https:\/\/www.overline-design.de\/poetry\/index.php?rest_route=\/wp\/v2\/pages\/7598","targetHints":{"allow":["GET"]}}],"collection":[{"href":"https:\/\/www.overline-design.de\/poetry\/index.php?rest_route=\/wp\/v2\/pages"}],"about":[{"href":"https:\/\/www.overline-design.de\/poetry\/index.php?rest_route=\/wp\/v2\/types\/page"}],"author":[{"embeddable":true,"href":"https:\/\/www.overline-design.de\/poetry\/index.php?rest_route=\/wp\/v2\/users\/3"}],"replies":[{"embeddable":true,"href":"https:\/\/www.overline-design.de\/poetry\/index.php?rest_route=%2Fwp%2Fv2%2Fcomments&post=7598"}],"version-history":[{"count":15,"href":"https:\/\/www.overline-design.de\/poetry\/index.php?rest_route=\/wp\/v2\/pages\/7598\/revisions"}],"predecessor-version":[{"id":8069,"href":"https:\/\/www.overline-design.de\/poetry\/index.php?rest_route=\/wp\/v2\/pages\/7598\/revisions\/8069"}],"wp:attachment":[{"href":"https:\/\/www.overline-design.de\/poetry\/index.php?rest_route=%2Fwp%2Fv2%2Fmedia&parent=7598"}],"curies":[{"name":"wp","href":"https:\/\/api.w.org\/{rel}","templated":true}]}}