
{"id":7646,"date":"2023-08-13T05:00:00","date_gmt":"2023-08-13T05:00:00","guid":{"rendered":"https:\/\/www.overline-design.de\/poetry\/?page_id=7646"},"modified":"2023-08-08T06:51:23","modified_gmt":"2023-08-08T06:51:23","slug":"tiertransporte-hoellenfahrten","status":"publish","type":"page","link":"https:\/\/www.overline-design.de\/poetry\/?page_id=7646","title":{"rendered":"Tiertransporte (H\u00f6llenfahrten)"},"content":{"rendered":"\n<p>Ein Transport mit Schweinen hat eine Kurve doch sehr untersch\u00e4tzt,<br>der Viehanh\u00e4nger ist umgest\u00fcrzt und die Schweine wurden verletzt.<br>Bei jeder Kurve werden dann die Tiere zur \u201eschwingenden\u201c Fracht.<br>Durch den Zeitdruck und un\u00fcberlegter Fahrweise, es zu oft \u201ekracht\u201c.<br>Tiere werden auch bei extremer Hitze zum Schlachten transportiert<br>und es ist vorhersehbar, dass manches Tiere auf der Fahrt krepiert.<br>Schweine, die den Schlachthof \u201egerade noch so\u201c lebend erreichen,<br>dann in einem Zustand, dass selbst Hartgesottene l\u00e4sst erweichen.<br>Den Schlachthof \u201elebend\u201c erreicht, werden sie in den Tod gequ\u00e4lt,<br>denn hier nur St\u00fcck und Zeitdruck f\u00fcr die Massenschlachtung z\u00e4hlt.<br><br>Eine Dokumentation \u00fcber Transporte von Schlachtl\u00e4mmern gesehen.<br>Dreist\u00f6ckig und vollgepackt, so dass die Tiere kaum konnten stehen.<br>Die Schlachtl\u00e4mmer sind auf einer H\u00f6llenfahrt in ein fremdes Land,<br>wo die Themen Tierschutz und respektvolle Schlachtung unbekannt.<br>Sie erleben dann unbet\u00e4ubt und mit Stricken fixiert den \u201eKehlschnitt\u201c<br>und nachfolgende L\u00e4mmer erleben die Todesqualen dann sehend mit.<br>Brutal ist von den Treibern und Schlachtern der Umgang mit Tieren.<br>Auch werden die L\u00e4mmer privat gekauft, wo sie ihr Leben verlieren.<br>In dem Kofferraum eingepfercht werden die L\u00e4mmer \u201eherumgekarrt\u201c<br>und am Zielort, bleibt ihnen der \u201eSch\u00e4chtekehlschnitt\u201c nicht erspart.<br><br>Erlebt, dass ein \u201eunruhiger\u201c Stier auf dem Viehanh\u00e4nger rebelliert,<br>denn geholt, aus dem Stall oder von der Weide, wirkte er irritiert.<br>Er wollte aus diesem \u201eTransportgef\u00e4ngnis\u201c doch nur wieder heraus<br>und zu seinen \u201eStallgenossen\u201c wieder auf die Weide und nach Haus.<br>Er war allein auf den Wagen und nur noch durch ein Gitter getrennt,<br>denn man wollte wohl nicht, dass er die anderen Rinder \u201e\u00fcberrennt\u201c<br>Der Stier sollte f\u00fcr den Transport zu den anderen Rindern gebracht<br>und man braucht nicht \u00fcberlegen, welchen \u201eStress\u201c er wohl macht.<br>Wenn der Transport au\u00dferhalb der EU, dann die Brutalit\u00e4t anf\u00e4ngt,<br>dann auch die Rinder mit den Beinen au\u00dfen an den LKW geh\u00e4ngt.<br><br>In der Vorweihnachtszeit, wo steigt die Vorfreude bei jedem Kind<br>und es war Jahreszeitbedingt starker Frost zudem ein eisiger Wind,<br>da wurden Puten im offenen Lkw zum Schlachtbetrieb transportiert<br>und so manches Tier durch eisigen Fahrtwind dann Federn verliert.<br>Ich habe erst an Schnee geglaubt, so flogen mir Federn entgegen<br>und mit der \u201eschneienden Fracht\u201c so schnell zu fahren ist verwegen.<br>Eine Schutzplane \u00fcberzuziehen, war wohl zu viel dem Transporteur,<br>aber da er die Tiere in den Tod f\u00e4hrt, war es f\u00fcr ihn kein Malheur.<br>Solange Tiere leben, verdienen sie Sorgfalt und unseren Respekt,<br>auch von den Mitmenschen, denen das \u201etote Fleisch\u201c nur schmeckt.<br><br><strong>\u00a9<\/strong> Rainer Dambroth \u2013 13.08.2023 &#8211; <strong><a href=\"http:\/\/www.overline-poetry.de\/\">www.overline-poetry.de<\/a><\/strong><br><strong><br>Das sind nur ein paar Beispiele f\u00fcr den Umgang mit Tieren,<br>aber warum l\u00e4sst man Tiere so respektlos dahin vegetieren?<\/strong><br><br><strong><a href=\"https:\/\/www.overline-design.de\/poetry\/wp-admin\/post.php?post=1475&amp;action=edit\">Lebendtierexporte<\/a><\/strong><\/p>\n","protected":false},"excerpt":{"rendered":"<p>Ein Transport mit Schweinen hat eine Kurve doch sehr untersch\u00e4tzt,der Viehanh\u00e4nger ist umgest\u00fcrzt und die Schweine wurden verletzt.Bei jeder Kurve werden dann die Tiere zur \u201eschwingenden\u201c Fracht.Durch den Zeitdruck und un\u00fcberlegter Fahrweise, es zu oft \u201ekracht\u201c.Tiere werden auch bei extremer Hitze zum Schlachten transportiertund es ist vorhersehbar, dass manches Tiere auf der Fahrt krepiert.Schweine, die [&hellip;]<\/p>\n","protected":false},"author":3,"featured_media":0,"parent":0,"menu_order":0,"comment_status":"closed","ping_status":"closed","template":"","meta":{"footnotes":""},"class_list":["post-7646","page","type-page","status-publish","hentry"],"jetpack_sharing_enabled":true,"_links":{"self":[{"href":"https:\/\/www.overline-design.de\/poetry\/index.php?rest_route=\/wp\/v2\/pages\/7646","targetHints":{"allow":["GET"]}}],"collection":[{"href":"https:\/\/www.overline-design.de\/poetry\/index.php?rest_route=\/wp\/v2\/pages"}],"about":[{"href":"https:\/\/www.overline-design.de\/poetry\/index.php?rest_route=\/wp\/v2\/types\/page"}],"author":[{"embeddable":true,"href":"https:\/\/www.overline-design.de\/poetry\/index.php?rest_route=\/wp\/v2\/users\/3"}],"replies":[{"embeddable":true,"href":"https:\/\/www.overline-design.de\/poetry\/index.php?rest_route=%2Fwp%2Fv2%2Fcomments&post=7646"}],"version-history":[{"count":3,"href":"https:\/\/www.overline-design.de\/poetry\/index.php?rest_route=\/wp\/v2\/pages\/7646\/revisions"}],"predecessor-version":[{"id":7665,"href":"https:\/\/www.overline-design.de\/poetry\/index.php?rest_route=\/wp\/v2\/pages\/7646\/revisions\/7665"}],"wp:attachment":[{"href":"https:\/\/www.overline-design.de\/poetry\/index.php?rest_route=%2Fwp%2Fv2%2Fmedia&parent=7646"}],"curies":[{"name":"wp","href":"https:\/\/api.w.org\/{rel}","templated":true}]}}