
{"id":7648,"date":"2023-08-07T09:32:50","date_gmt":"2023-08-07T09:32:50","guid":{"rendered":"https:\/\/www.overline-design.de\/poetry\/?page_id=7648"},"modified":"2025-08-26T09:52:58","modified_gmt":"2025-08-26T09:52:58","slug":"csu-ramsauer-und-das-ungeziefer","status":"publish","type":"page","link":"https:\/\/www.overline-design.de\/poetry\/?page_id=7648","title":{"rendered":"CSU Ramsauer und das Ungeziefer"},"content":{"rendered":"\n<p>Ins \u201eKlo gegriffen\u201c mit der Wortwahl hat der Peter Ramsauer von der CSU,<br>wer Fl\u00fcchtlinge als Ungeziefer bezeichnet, der lernte im Leben nichts hinzu.<br>Der rechtspopulistischen AFD wird dieser verbale \u201eKlogriff\u201c doch sehr freuen,<br>aber die CSU wird diese Aussage bei der n\u00e4chsten Wahl in Bayern bereuen.<br><br>Wer sich so respektlos mit solchen Aussagen gegen\u00fcber Fl\u00fcchtenden verh\u00e4lt,<br>nur damit den eigenen Gesinnungsgenossen und den Rechtspopulisten gef\u00e4llt.<br>Diese plakative Aussage ohne jegliche Hirnkontrolle verbal dann raus gelassen<br>und das Ramsauer gezielt Fettn\u00e4pfchen trifft, scheint in Bayern zu verblassen.<br><br>Eine Entschuldigung oder eine Korrektur der Aussage w\u00e4re doch angemessen,<br>oder steht die CSU der AFD so nah, dass sie verbal aus dem selben Topf essen.<br>In der bayrischen Politik herrschen vor, eine \u201epopulistische Bierzeltmentalit\u00e4t\u201c<br>und sie zeigen es den Deutschen, wie der Bayer mit den Gefl\u00fcchteten umgeht.<br><br><strong>\u00a9<\/strong> Rainer Dambroth \u2013 07.08.2023 &#8211; <strong><a href=\"http:\/\/www.overline-poetry.de\/\">www.overline-poetry.de<\/a><\/strong><\/p>\n","protected":false},"excerpt":{"rendered":"<p>Ins \u201eKlo gegriffen\u201c mit der Wortwahl hat der Peter Ramsauer von der CSU,wer Fl\u00fcchtlinge als Ungeziefer bezeichnet, der lernte im Leben nichts hinzu.Der rechtspopulistischen AFD wird dieser verbale \u201eKlogriff\u201c doch sehr freuen,aber die CSU wird diese Aussage bei der n\u00e4chsten Wahl in Bayern bereuen. Wer sich so respektlos mit solchen Aussagen gegen\u00fcber Fl\u00fcchtenden verh\u00e4lt,nur damit [&hellip;]<\/p>\n","protected":false},"author":3,"featured_media":0,"parent":0,"menu_order":0,"comment_status":"closed","ping_status":"closed","template":"","meta":{"footnotes":""},"class_list":["post-7648","page","type-page","status-publish","hentry"],"jetpack_sharing_enabled":true,"_links":{"self":[{"href":"https:\/\/www.overline-design.de\/poetry\/index.php?rest_route=\/wp\/v2\/pages\/7648","targetHints":{"allow":["GET"]}}],"collection":[{"href":"https:\/\/www.overline-design.de\/poetry\/index.php?rest_route=\/wp\/v2\/pages"}],"about":[{"href":"https:\/\/www.overline-design.de\/poetry\/index.php?rest_route=\/wp\/v2\/types\/page"}],"author":[{"embeddable":true,"href":"https:\/\/www.overline-design.de\/poetry\/index.php?rest_route=\/wp\/v2\/users\/3"}],"replies":[{"embeddable":true,"href":"https:\/\/www.overline-design.de\/poetry\/index.php?rest_route=%2Fwp%2Fv2%2Fcomments&post=7648"}],"version-history":[{"count":6,"href":"https:\/\/www.overline-design.de\/poetry\/index.php?rest_route=\/wp\/v2\/pages\/7648\/revisions"}],"predecessor-version":[{"id":10532,"href":"https:\/\/www.overline-design.de\/poetry\/index.php?rest_route=\/wp\/v2\/pages\/7648\/revisions\/10532"}],"wp:attachment":[{"href":"https:\/\/www.overline-design.de\/poetry\/index.php?rest_route=%2Fwp%2Fv2%2Fmedia&parent=7648"}],"curies":[{"name":"wp","href":"https:\/\/api.w.org\/{rel}","templated":true}]}}