
{"id":7676,"date":"2023-08-10T12:15:00","date_gmt":"2023-08-10T12:15:00","guid":{"rendered":"https:\/\/www.overline-design.de\/poetry\/?page_id=7676"},"modified":"2023-08-09T15:09:22","modified_gmt":"2023-08-09T15:09:22","slug":"eine-risikolebensversicherung-fuer-kinder","status":"publish","type":"page","link":"https:\/\/www.overline-design.de\/poetry\/?page_id=7676","title":{"rendered":"Eine Risikolebensversicherung f\u00fcr Kinder?"},"content":{"rendered":"\n<p>Ihre Liebsten, die Kinder, sch\u00fctzen mit einer Risikolebensversicherung?<br>Wof\u00fcr brauchen die Liebsten diese Versicherung, denn sie sind so jung?<br>Wen wollen die Eltern mit dieser Risikolebensversicherung besch\u00fctzen?<br>Die Versicherungssumme beim \u201eAbleben der Kinder\u201c f\u00fcr sich ben\u00fctzen?<br><br>Ist dieses von der Versicherung die so sprichw\u00f6rtliche \u201eList und T\u00fccke\u201c,<br>wo man diese Versicherung hat entdeckt, als eine zu versichernde L\u00fccke?<br>Eine Risikolebensversicherung, die die Kinder dann Lebenslang begleitet.<br>Als \u201ebest\u00e4ndige Einnahme\u201c mit den Kindern dann durchs Leben \u201egleitet\u201c.<br><br>So wird der junge Torwart in der Werbung gegen Verletzungen gesch\u00fctzt,<br>aber der Spielgegner dieses als eine Chance zum Torschuss dann n\u00fctzt.<br>Das Kleinkind in dem flachen Kinderbadepool und damit wirbt man auch,<br>gesichert mit Schwimmfl\u00fcgel an Armen und Schwimmring um den Bauch<br><br>Es wird eine anbahnende Gefahr f\u00fcr die kleinen Kinder hoch beschworen,<br>dazu h\u00f6chst unwahrscheinliche Alltagssituation f\u00fcr Werbung auserkoren.<br>Manchmal sollte man die Versicherten gegen die Versicherer besch\u00fctzen,<br>die alles in unserem Lebensumfeld f\u00fcr Versicherungen wollen ben\u00fctzen.<br><br><strong>\u00a9<\/strong> Rainer Dambroth \u2013 10.08.2023 &#8211; <strong><a href=\"http:\/\/www.overline-poetry.de\/\">www.overline-poetry.de<\/a><\/strong><\/p>\n","protected":false},"excerpt":{"rendered":"<p>Ihre Liebsten, die Kinder, sch\u00fctzen mit einer Risikolebensversicherung?Wof\u00fcr brauchen die Liebsten diese Versicherung, denn sie sind so jung?Wen wollen die Eltern mit dieser Risikolebensversicherung besch\u00fctzen?Die Versicherungssumme beim \u201eAbleben der Kinder\u201c f\u00fcr sich ben\u00fctzen? Ist dieses von der Versicherung die so sprichw\u00f6rtliche \u201eList und T\u00fccke\u201c,wo man diese Versicherung hat entdeckt, als eine zu versichernde L\u00fccke?Eine Risikolebensversicherung, [&hellip;]<\/p>\n","protected":false},"author":3,"featured_media":0,"parent":0,"menu_order":0,"comment_status":"closed","ping_status":"closed","template":"","meta":{"footnotes":""},"class_list":["post-7676","page","type-page","status-publish","hentry"],"jetpack_sharing_enabled":true,"_links":{"self":[{"href":"https:\/\/www.overline-design.de\/poetry\/index.php?rest_route=\/wp\/v2\/pages\/7676","targetHints":{"allow":["GET"]}}],"collection":[{"href":"https:\/\/www.overline-design.de\/poetry\/index.php?rest_route=\/wp\/v2\/pages"}],"about":[{"href":"https:\/\/www.overline-design.de\/poetry\/index.php?rest_route=\/wp\/v2\/types\/page"}],"author":[{"embeddable":true,"href":"https:\/\/www.overline-design.de\/poetry\/index.php?rest_route=\/wp\/v2\/users\/3"}],"replies":[{"embeddable":true,"href":"https:\/\/www.overline-design.de\/poetry\/index.php?rest_route=%2Fwp%2Fv2%2Fcomments&post=7676"}],"version-history":[{"count":1,"href":"https:\/\/www.overline-design.de\/poetry\/index.php?rest_route=\/wp\/v2\/pages\/7676\/revisions"}],"predecessor-version":[{"id":7677,"href":"https:\/\/www.overline-design.de\/poetry\/index.php?rest_route=\/wp\/v2\/pages\/7676\/revisions\/7677"}],"wp:attachment":[{"href":"https:\/\/www.overline-design.de\/poetry\/index.php?rest_route=%2Fwp%2Fv2%2Fmedia&parent=7676"}],"curies":[{"name":"wp","href":"https:\/\/api.w.org\/{rel}","templated":true}]}}