
{"id":7686,"date":"2023-08-15T18:07:46","date_gmt":"2023-08-15T18:07:46","guid":{"rendered":"https:\/\/www.overline-design.de\/poetry\/?page_id=7686"},"modified":"2023-08-17T06:24:13","modified_gmt":"2023-08-17T06:24:13","slug":"walschlachten-auf-den-faeroeer","status":"publish","type":"page","link":"https:\/\/www.overline-design.de\/poetry\/?page_id=7686","title":{"rendered":"Delfin- und Walmassaker auf den F\u00e4r\u00f6er"},"content":{"rendered":"\n<p>Woran ich mich seit vielen Jahren schon st\u00f6r&#8216;,<br>dieses sinnlose \u201eWalmassaker\u201c auf den F\u00e4r\u00f6er.<br>Was die F\u00e4r\u00f6er benennen als ihren Volkssport,<br>bezeichne ich hinterlistig und als Vorsatzmord.<br><br>Die Pflege von dem Brauchtum auch nur z\u00e4hlt,<br>wenn Tiere und Menschen dabei nicht gequ\u00e4lt.<br>Woran k\u00f6nnen sich F\u00e4r\u00f6er zum Spa\u00df erbauen,<br>Tieren beim Leiden und Sterben zuzuschauen?<br><br>Die blutige Delfinjagd aus der alten Tradition,<br>geht zur\u00fcck bis in die Wikingerzeit dann schon.<br>Da die F\u00e4r\u00f6er nicht mehr in ihren H\u00f6hlen leben,<br>sollten sie diese sinnlosen Massaker aufgeben.<br><br><strong>\u00a9<\/strong> Rainer Dambroth \u2013 15.08.2023 &#8211; <strong><a href=\"http:\/\/www.overline-poetry.de\/\">www.overline-poetry.de<\/a><\/strong><br><br><\/p>\n","protected":false},"excerpt":{"rendered":"<p>Woran ich mich seit vielen Jahren schon st\u00f6r&#8216;,dieses sinnlose \u201eWalmassaker\u201c auf den F\u00e4r\u00f6er.Was die F\u00e4r\u00f6er benennen als ihren Volkssport,bezeichne ich hinterlistig und als Vorsatzmord. Die Pflege von dem Brauchtum auch nur z\u00e4hlt,wenn Tiere und Menschen dabei nicht gequ\u00e4lt.Woran k\u00f6nnen sich F\u00e4r\u00f6er zum Spa\u00df erbauen,Tieren beim Leiden und Sterben zuzuschauen? Die blutige Delfinjagd aus der alten [&hellip;]<\/p>\n","protected":false},"author":3,"featured_media":0,"parent":0,"menu_order":0,"comment_status":"closed","ping_status":"closed","template":"","meta":{"footnotes":""},"class_list":["post-7686","page","type-page","status-publish","hentry"],"jetpack_sharing_enabled":true,"_links":{"self":[{"href":"https:\/\/www.overline-design.de\/poetry\/index.php?rest_route=\/wp\/v2\/pages\/7686","targetHints":{"allow":["GET"]}}],"collection":[{"href":"https:\/\/www.overline-design.de\/poetry\/index.php?rest_route=\/wp\/v2\/pages"}],"about":[{"href":"https:\/\/www.overline-design.de\/poetry\/index.php?rest_route=\/wp\/v2\/types\/page"}],"author":[{"embeddable":true,"href":"https:\/\/www.overline-design.de\/poetry\/index.php?rest_route=\/wp\/v2\/users\/3"}],"replies":[{"embeddable":true,"href":"https:\/\/www.overline-design.de\/poetry\/index.php?rest_route=%2Fwp%2Fv2%2Fcomments&post=7686"}],"version-history":[{"count":4,"href":"https:\/\/www.overline-design.de\/poetry\/index.php?rest_route=\/wp\/v2\/pages\/7686\/revisions"}],"predecessor-version":[{"id":7694,"href":"https:\/\/www.overline-design.de\/poetry\/index.php?rest_route=\/wp\/v2\/pages\/7686\/revisions\/7694"}],"wp:attachment":[{"href":"https:\/\/www.overline-design.de\/poetry\/index.php?rest_route=%2Fwp%2Fv2%2Fmedia&parent=7686"}],"curies":[{"name":"wp","href":"https:\/\/api.w.org\/{rel}","templated":true}]}}