
{"id":7810,"date":"2023-10-01T00:01:00","date_gmt":"2023-10-01T00:01:00","guid":{"rendered":"https:\/\/www.overline-design.de\/poetry\/?page_id=7810"},"modified":"2023-09-23T14:51:27","modified_gmt":"2023-09-23T14:51:27","slug":"olivenoele-und-weine-als-europaeische-mischung","status":"publish","type":"page","link":"https:\/\/www.overline-design.de\/poetry\/?page_id=7810","title":{"rendered":"Oliven\u00f6le und Weine als europ\u00e4ische Mischung"},"content":{"rendered":"\n<p>Werden Tanks in den EU-L\u00e4ndern von den Resten befreit,<br>ist man f\u00fcr die Mischung von Wein- oder \u00d6lresten bereit.<br>Als europ\u00e4isches Gemeinschaftsprodukt dieses deklariert,<br>mit Hoffnung, dass dieses Produkt die Kunden interessiert.<br><br>So wird aus verschiedenen Qualit\u00e4ten zusammengemischt<br>und Kunden als europ\u00e4isches Qualit\u00e4tsprodukt aufgetischt.<br>Ich mag die Produkte, wenn nur aus einem Land und \u201erein\u201c,<br>sowohl das Oliven\u00f6l als auch den nicht verpanschten Wein.<br><br>Die Produzenten zufrieden, wenn sie die Reste billig kaufen<br>und ihnen ist es egal, was die Kunden m\u00fcssen da so saufen.<br>Auch der S\u00e4uregehalt bei beiden Produkten mit entscheidet,<br>ob vertr\u00e4glich, oder beim Kauf besser sie dann doch meidet.<br><br>Werden Verunreinigungen in beiden Produkten festgestellt,<br>dann die logische Folge, dass das den Kunden nicht gef\u00e4llt.<br>Aber welches Land bekommt den \u201eschwarzen Peter\u201c dann,<br>denn mit Bestimmtheit man dieses nicht nachweisen kann.<br><br>Werden diese \u201eNeigen\u201c zusammen gepanscht und abgef\u00fcllt<br>dann als europ\u00e4ische Qualit\u00e4tsmischung man sie \u201eenth\u00fcllt\u201c.<br>\u201eNeigen\u201c aus Spanien, Italien, Frankreich und Griechenland<br>und diese Mischung in Flaschen abgef\u00fcllt ist uninteressant.<br><br>So manches Mal vielleicht der Absender doch mal vergisst,<br>dass das Wasser von der Reinigung in dem Tank noch ist.<br>Hauptsache, die Liter werden geliefert vom \u201eAbsenderland\u201c<br>und diese Mischung wird durch das Panschen dann brisant.<br><br>So wei\u00df ich bei dem Mischwein nie \u201ewo mir der Kopf steht\u201c,<br>weil es mir am n\u00e4chsten Tag nicht mehr so gut dann geht.<br>\u201eKopfn\u00fcsse\u201c aus Spanien, Italien, Griechenland, Frankreich,<br>weil ich den Tag darauf nur durch die Gegend \u201eschleich&#8217;\u201c?<br><br><strong>\u00a9<\/strong> Rainer Dambroth &#8211; 01.10.2023 &#8211; <strong><a href=\"http:\/\/www.overline-poetry.de\/\">www.overline-poetry.de<\/a><\/strong><br><br>Neige, Neigen = Getr\u00e4nkereste<br>Panschen = mit Wasser verd\u00fcnnen<br>Verpanschen = verf\u00e4lschen, verl\u00e4ngern<\/p>\n\n\n\n<p><br><br><\/p>\n\n\n\n<p><br><br><\/p>\n","protected":false},"excerpt":{"rendered":"<p>Werden Tanks in den EU-L\u00e4ndern von den Resten befreit,ist man f\u00fcr die Mischung von Wein- oder \u00d6lresten bereit.Als europ\u00e4isches Gemeinschaftsprodukt dieses deklariert,mit Hoffnung, dass dieses Produkt die Kunden interessiert. So wird aus verschiedenen Qualit\u00e4ten zusammengemischtund Kunden als europ\u00e4isches Qualit\u00e4tsprodukt aufgetischt.Ich mag die Produkte, wenn nur aus einem Land und \u201erein\u201c,sowohl das Oliven\u00f6l als auch den [&hellip;]<\/p>\n","protected":false},"author":3,"featured_media":0,"parent":0,"menu_order":0,"comment_status":"closed","ping_status":"closed","template":"","meta":{"footnotes":""},"class_list":["post-7810","page","type-page","status-publish","hentry"],"jetpack_sharing_enabled":true,"_links":{"self":[{"href":"https:\/\/www.overline-design.de\/poetry\/index.php?rest_route=\/wp\/v2\/pages\/7810","targetHints":{"allow":["GET"]}}],"collection":[{"href":"https:\/\/www.overline-design.de\/poetry\/index.php?rest_route=\/wp\/v2\/pages"}],"about":[{"href":"https:\/\/www.overline-design.de\/poetry\/index.php?rest_route=\/wp\/v2\/types\/page"}],"author":[{"embeddable":true,"href":"https:\/\/www.overline-design.de\/poetry\/index.php?rest_route=\/wp\/v2\/users\/3"}],"replies":[{"embeddable":true,"href":"https:\/\/www.overline-design.de\/poetry\/index.php?rest_route=%2Fwp%2Fv2%2Fcomments&post=7810"}],"version-history":[{"count":5,"href":"https:\/\/www.overline-design.de\/poetry\/index.php?rest_route=\/wp\/v2\/pages\/7810\/revisions"}],"predecessor-version":[{"id":7869,"href":"https:\/\/www.overline-design.de\/poetry\/index.php?rest_route=\/wp\/v2\/pages\/7810\/revisions\/7869"}],"wp:attachment":[{"href":"https:\/\/www.overline-design.de\/poetry\/index.php?rest_route=%2Fwp%2Fv2%2Fmedia&parent=7810"}],"curies":[{"name":"wp","href":"https:\/\/api.w.org\/{rel}","templated":true}]}}