
{"id":7837,"date":"2023-09-17T23:00:00","date_gmt":"2023-09-17T23:00:00","guid":{"rendered":"https:\/\/www.overline-design.de\/poetry\/?page_id=7837"},"modified":"2023-10-27T04:04:11","modified_gmt":"2023-10-27T04:04:11","slug":"sarah-wagenknecht-am-17-09-2023-bei-anne-will","status":"publish","type":"page","link":"https:\/\/www.overline-design.de\/poetry\/?page_id=7837","title":{"rendered":"Sahra Wagenknecht am 17.09.2023 bei Anne Will"},"content":{"rendered":"\n<p>Sahra Wagenknecht sich in der Sendung als Weissagerin aufgef\u00fchrt,<br>aber mit ihrer Gesinnung und ihrer Einstellung hat sie sich blamiert.<br>Sie wurde in der Sendung mit ihrer damaligen Aussage konfrontiert:<br>\u201eDas doch der Putin keinen Angriffskrieg gegen die Ukraine riskiert\u201c.<br><br>Sie sprach damals, wie der \u201enaive Halter\u201c von einem bissigen Hund,<br>ein zu gro\u00dfes Misstrauen, Putin gegen\u00fcber, w\u00e4re f\u00fcr alle \u201eungesund\u201c.<br>Putin will nur ein bisschen spielen mit den demokratischen L\u00e4ndern,<br>aber sie glaube nicht, dass er geostrategisch will etwas ver\u00e4ndern.<br><br>Man sp\u00fcrt ihren Hass gegen die Macht der amerikanischen Staaten,<br>gepr\u00e4gt durch die russischen Br\u00fcder der DDR den Ursprung hatten.<br>Amerika will die Weltherrschaft gegen alle Oststaaten durchsetzen,<br>aber sie sollten den \u201efriedensbringenden\u201c Putin nicht untersch\u00e4tzen.<br><br>Amerika will nur in der Ukraine eine Basis gegen Russland errichten<br>und auf solche Nachbarschaft will der Despot Putin doch verzichten.<br>Wenn jemand solange \u201ehinter dem Zaun\u201c durfte die Freiheit erleben,<br>vom dem ist nicht zu erwarten, das eine objektive Sicht ist gegeben.<br><br>Sie sieht vorher, das der Angriffskrieg viele Tote in der Ukraine bringt<br>wie die Ukraine verzweifelt doch gegen das m\u00e4chtige Russland ringt.<br>Man sollte doch nun endlich alle diplomatischen Weg dann anstreben,<br>sonst wird es nur noch mehr unschuldige Tote in der Ukraine geben.<br><br>Hatte sie in der letzten Zeit zu viel von dem Despoten Putin getr\u00e4umt?<br>Putin ist zum Frieden bereit, wenn der \u201eEinmarschweg\u201c frei ger\u00e4umt!<br>Wie t\u00f6nt es doch aus ihrem Munde \u201edas Friedensgl\u00f6ckchen\u201c so leise,<br>sollte sie den Despoten endlich \u201e\u00fcberzeugen\u201c mit einer Kreml-Reise.<br><br><strong>\u00a9<\/strong> Rainer Dambroth &#8211; 17.09.2023 &#8211; <strong><a href=\"http:\/\/www.overline-poetry.de\/\">www.overline-poetry.de<\/a><\/strong><br><br><strong><a href=\"https:\/\/www.overline-design.de\/poetry\/wp-admin\/post.php?post=6132&amp;action=edit\">Warum \u201ekleben\u201c die Ossis so an Russland?<\/a><\/strong><br><strong><a href=\"https:\/\/www.overline-design.de\/poetry\/wp-admin\/post.php?post=7061&amp;action=edit\">Die \u201etauben\u201c Friedenstauben: Sarah Wagenknecht und Alice Schwarzer mit ihrer \u201eFriedensdemo\u201c<\/a><\/strong><\/p>\n\n\n\n<p><br><br><\/p>\n","protected":false},"excerpt":{"rendered":"<p>Sahra Wagenknecht sich in der Sendung als Weissagerin aufgef\u00fchrt,aber mit ihrer Gesinnung und ihrer Einstellung hat sie sich blamiert.Sie wurde in der Sendung mit ihrer damaligen Aussage konfrontiert:\u201eDas doch der Putin keinen Angriffskrieg gegen die Ukraine riskiert\u201c. Sie sprach damals, wie der \u201enaive Halter\u201c von einem bissigen Hund,ein zu gro\u00dfes Misstrauen, Putin gegen\u00fcber, w\u00e4re f\u00fcr [&hellip;]<\/p>\n","protected":false},"author":3,"featured_media":0,"parent":0,"menu_order":0,"comment_status":"closed","ping_status":"closed","template":"","meta":{"footnotes":""},"class_list":["post-7837","page","type-page","status-publish","hentry"],"jetpack_sharing_enabled":true,"_links":{"self":[{"href":"https:\/\/www.overline-design.de\/poetry\/index.php?rest_route=\/wp\/v2\/pages\/7837","targetHints":{"allow":["GET"]}}],"collection":[{"href":"https:\/\/www.overline-design.de\/poetry\/index.php?rest_route=\/wp\/v2\/pages"}],"about":[{"href":"https:\/\/www.overline-design.de\/poetry\/index.php?rest_route=\/wp\/v2\/types\/page"}],"author":[{"embeddable":true,"href":"https:\/\/www.overline-design.de\/poetry\/index.php?rest_route=\/wp\/v2\/users\/3"}],"replies":[{"embeddable":true,"href":"https:\/\/www.overline-design.de\/poetry\/index.php?rest_route=%2Fwp%2Fv2%2Fcomments&post=7837"}],"version-history":[{"count":7,"href":"https:\/\/www.overline-design.de\/poetry\/index.php?rest_route=\/wp\/v2\/pages\/7837\/revisions"}],"predecessor-version":[{"id":8030,"href":"https:\/\/www.overline-design.de\/poetry\/index.php?rest_route=\/wp\/v2\/pages\/7837\/revisions\/8030"}],"wp:attachment":[{"href":"https:\/\/www.overline-design.de\/poetry\/index.php?rest_route=%2Fwp%2Fv2%2Fmedia&parent=7837"}],"curies":[{"name":"wp","href":"https:\/\/api.w.org\/{rel}","templated":true}]}}