
{"id":7861,"date":"2023-09-24T01:00:00","date_gmt":"2023-09-24T01:00:00","guid":{"rendered":"https:\/\/www.overline-design.de\/poetry\/?page_id=7861"},"modified":"2025-10-01T06:14:36","modified_gmt":"2025-10-01T06:14:36","slug":"parteien-fordern-eine-obergrenze-fuer-migranten","status":"publish","type":"page","link":"https:\/\/www.overline-design.de\/poetry\/?page_id=7861","title":{"rendered":"CDU\/CSU fordern eine Obergrenze f\u00fcr Migranten"},"content":{"rendered":"\n<p>Diese sehr plakative und rechtspopulistische Aussage ist sehr gewagt<br>und dieses ist langsamer umgesetzt, als schnell im Bierzelt ausgesagt.<br>Eine Obergrenze f\u00fcr Migranten festsetzen, wie soll das funktionieren?<br>Welches Land bekommt welche Obergrenze, wer soll das kontrollieren?<br><br>Wenn das Soll ist erf\u00fcllt, werden die Schlauchboote \u201ezur\u00fcckgewiesen\u201c,<br>oder FRONTEX wird dann L\u00f6cher in die Schlauchboote hinein schie\u00dfen.<br>Dann ertrinken Menschen, meist Nichtschwimmer, im tiefen Mittelmeer<br>und in unserem n\u00e4chsten Urlaub schwimmen dann die Leichen umher.<br><br>Das in Ungarn wird mit Waffen auf die \u201eGrenz\u00fcbertreter\u201c Jagd gemacht,<br>aber so war eine Sicherung der EU Au\u00dfengrenzen doch nicht angedacht.<br>Warum man den Grenz\u00fcbertretenden mit dieser Brutalit\u00e4t so begegnet,<br>wird sicher von den Kirchen als \u201echristliche N\u00e4chstenliebe\u201c abgesegnet.<br><br>Wir uns der Verpflichtung einer berechtigten Aufnahme nicht verwehren,<br>sonst werden unsere hochgelobten demokratischen Werte nur \u201eentehren\u201c.<br>Jeden ankommende Fl\u00fcchtenden mit einem Kriminellen gleich zusetzen,<br>dadurch st\u00e4rken wir Rechtspopulisten, die dann gegen Migranten hetzen.<br><br>Besser: Die Menschen sich nicht der Gefahren einer \u00dcberfahrt aussetzen<br>und bek\u00e4men in ihrer Heimat das, was sie in Europa so wertsch\u00e4tzen.<br>Eine ausreichend bezahlte Arbeit, um ein sicheren Leben zu finanzieren.<br>Darum sollten die \u201ereichen Nationen\u201c in afrikanische Staaten investieren.<br><br>Au\u00dfer sollte die Weltgemeinschaft gemeinsam doch eine L\u00f6sung finden<br>und um den Kriegsf\u00fcrsten, den Warlords, deren Kriege zu unterbinden.<br>Wenn Menschen mit Not und vor Hunger fliehen aus ihrem Heimatland,<br>weil Despoten regieren, die politische Stimmung \u201eau\u00dfer Rand und Band\u201c.<br><br>Wenn man sich an den Prozenten der Rechtspopulisten wird orientieren,<br>will man mit den rechtspopulistischen Umfragewerten dann konkurrieren<br>Man hofft, rechtspopulistische Reden bringen dann den Prozent Gewinn,<br>aber bereits infizierte W\u00e4hler w\u00e4hlen das Original und dieses ohne Sinn.<br><br>Wer mit rechtspopulistischen Reden, ohne Verstand, auch Hetze betreibt,<br>dann damit den rechtsradikalen Parteien doch nur neue W\u00e4hler zutreibt.<br>Die Rechtsparteien leisten nichts und gewinnen doch die Prozente hinzu,<br>dadurch verlieren demokratische Parteien und kommen so nicht zur Ruh&#8216;.<br><br><strong>\u00a9<\/strong> Rainer Dambroth &#8211; 24.09.2023 &#8211; <strong><a href=\"http:\/\/www.overline-poetry.de\/\">www.overline-poetry.de<\/a><\/strong><\/p>\n","protected":false},"excerpt":{"rendered":"<p>Diese sehr plakative und rechtspopulistische Aussage ist sehr gewagtund dieses ist langsamer umgesetzt, als schnell im Bierzelt ausgesagt.Eine Obergrenze f\u00fcr Migranten festsetzen, wie soll das funktionieren?Welches Land bekommt welche Obergrenze, wer soll das kontrollieren? Wenn das Soll ist erf\u00fcllt, werden die Schlauchboote \u201ezur\u00fcckgewiesen\u201c,oder FRONTEX wird dann L\u00f6cher in die Schlauchboote hinein schie\u00dfen.Dann ertrinken Menschen, meist [&hellip;]<\/p>\n","protected":false},"author":3,"featured_media":0,"parent":0,"menu_order":0,"comment_status":"closed","ping_status":"closed","template":"","meta":{"footnotes":""},"class_list":["post-7861","page","type-page","status-publish","hentry"],"jetpack_sharing_enabled":true,"_links":{"self":[{"href":"https:\/\/www.overline-design.de\/poetry\/index.php?rest_route=\/wp\/v2\/pages\/7861","targetHints":{"allow":["GET"]}}],"collection":[{"href":"https:\/\/www.overline-design.de\/poetry\/index.php?rest_route=\/wp\/v2\/pages"}],"about":[{"href":"https:\/\/www.overline-design.de\/poetry\/index.php?rest_route=\/wp\/v2\/types\/page"}],"author":[{"embeddable":true,"href":"https:\/\/www.overline-design.de\/poetry\/index.php?rest_route=\/wp\/v2\/users\/3"}],"replies":[{"embeddable":true,"href":"https:\/\/www.overline-design.de\/poetry\/index.php?rest_route=%2Fwp%2Fv2%2Fcomments&post=7861"}],"version-history":[{"count":6,"href":"https:\/\/www.overline-design.de\/poetry\/index.php?rest_route=\/wp\/v2\/pages\/7861\/revisions"}],"predecessor-version":[{"id":10577,"href":"https:\/\/www.overline-design.de\/poetry\/index.php?rest_route=\/wp\/v2\/pages\/7861\/revisions\/10577"}],"wp:attachment":[{"href":"https:\/\/www.overline-design.de\/poetry\/index.php?rest_route=%2Fwp%2Fv2%2Fmedia&parent=7861"}],"curies":[{"name":"wp","href":"https:\/\/api.w.org\/{rel}","templated":true}]}}