
{"id":7887,"date":"2023-10-08T00:01:00","date_gmt":"2023-10-08T00:01:00","guid":{"rendered":"https:\/\/www.overline-design.de\/poetry\/?page_id=7887"},"modified":"2024-03-09T05:12:02","modified_gmt":"2024-03-09T05:12:02","slug":"wer-viel-kuhmilch-trinkt-der-sollte-dann-auch-den-zwangsgeborenen-kaelberausschuss-essen","status":"publish","type":"page","link":"https:\/\/www.overline-design.de\/poetry\/?page_id=7887","title":{"rendered":"Wer viel Kuhmilch trinkt, der sollte dann auch den zwangsgeborenen K\u00e4lberausschuss essen!"},"content":{"rendered":"\n<p>Die EU-Milchwirtschaft ist doch Europaweit ein \u201ekaputtes System\u201c<br>und die EU-Agrar-Entscheider macht es sich wieder sehr bequem.<br>Ein &#8222;weiter so&#8220; und das Problem wird politisch dann wieder vertagt,<br>weil man sich nicht an die \u201eMafiosos\u201c der Agrar-Milch-Lobby wagt.<br><br>W\u00e4hrend Gelder werden fast nur an Gro\u00dfgrundbesitzer vergeben,<br>k\u00e4mpfen die kleinen Landwirtschaftsbetriebe nur ums \u00dcberleben.<br>Nur f\u00fcr die Gro\u00dfbetriebe wird sich die EU-Kommission entscheiden,<br>aber mit dieser Einstellung werden Kleinbetriebe darunter leiden.<br><br>Man erwartet vom dem EU-Ressort das dieses Posten vorgesetzt,<br>dass hier haupts\u00e4chlich f\u00fcr das \u201eHeimatland\u201c wird sich eingesetzt.<br>Ich erwarte doch ausgewogene Entscheidungen, eine Neutralit\u00e4t<br>und den Plan, wie es mit der europ\u00e4ischen Agrarpolitik weitergeht.<br><br>Damit man die Milch der Kuh nur an Menschen kann verkaufen,<br>gibt man den K\u00e4lbern anstatt dann nur \u201eAufzugsmilch\u201c zu saufen.<br>Die \u00fcberz\u00e4hligen K\u00e4lber werden in die Nicht-EU-Staaten exportiert,<br>die \u201eEntsorgung\u201c durch Export schon vom Steuerzahler finanziert.<br><br>Wenn man die Kuhmilch dann durch K\u00e4lberlab bringt zum gerinnen,<br>kann man unterschiedliche K\u00e4seprodukte aus der Milch gewinnen.<br>Das Lab kann man nur durch die Schlachtung der K\u00e4lber separieren<br>und es ist wohl klar, dass die K\u00e4lber daf\u00fcr ihr Leben dann verlieren.<br><br>Nur weil die Menschen meinen, sie m\u00fcssen sehr viel Milch &#8222;saufen&#8220;,<br>wird man die K\u00e4lber als Ausschuss billig auf dem Markt verkaufen.<br>Auch der Konsum von Kalbfleisch aus ethischen Gr\u00fcnden stagniert,<br>so werden die K\u00e4lber zum Verzehr in nicht EU-Staaten transportiert.<br><br>Eine Idee: Von den vier Millionen K\u00e4lber, die geboren in jedem Jahr,<br>bekommen je 20 B\u00fcrger j\u00e4hrlich ein Kalb zum Verzehr, ist das klar?<br>Weil diese Idee wird h\u00f6chstwahrscheinlich so nicht funktionieren,<br>wird man die K\u00e4lber weiter in die Nicht-EU-Staaten exportieren.<br><strong><br>\u00a9<\/strong> Rainer Dambroth &#8211; 08.10.2023 &#8211; <strong><a href=\"https:\/\/www.overline-poetry.de\/\">www.overline-poetry.de<\/a><\/strong><\/p>\n\n\n\n<p><strong><a href=\"https:\/\/www.overline-design.de\/poetry\/wp-admin\/post.php?post=2513&amp;action=edit\">Weniger Kuhmilch! = weniger Milchk\u00fche = weniger K\u00e4lber = weniger Lebendtierexporte!<\/a><\/strong><\/p>\n","protected":false},"excerpt":{"rendered":"<p>Die EU-Milchwirtschaft ist doch Europaweit ein \u201ekaputtes System\u201cund die EU-Agrar-Entscheider macht es sich wieder sehr bequem.Ein &#8222;weiter so&#8220; und das Problem wird politisch dann wieder vertagt,weil man sich nicht an die \u201eMafiosos\u201c der Agrar-Milch-Lobby wagt. W\u00e4hrend Gelder werden fast nur an Gro\u00dfgrundbesitzer vergeben,k\u00e4mpfen die kleinen Landwirtschaftsbetriebe nur ums \u00dcberleben.Nur f\u00fcr die Gro\u00dfbetriebe wird sich die [&hellip;]<\/p>\n","protected":false},"author":3,"featured_media":0,"parent":0,"menu_order":0,"comment_status":"closed","ping_status":"closed","template":"","meta":{"footnotes":""},"class_list":["post-7887","page","type-page","status-publish","hentry"],"jetpack_sharing_enabled":true,"_links":{"self":[{"href":"https:\/\/www.overline-design.de\/poetry\/index.php?rest_route=\/wp\/v2\/pages\/7887","targetHints":{"allow":["GET"]}}],"collection":[{"href":"https:\/\/www.overline-design.de\/poetry\/index.php?rest_route=\/wp\/v2\/pages"}],"about":[{"href":"https:\/\/www.overline-design.de\/poetry\/index.php?rest_route=\/wp\/v2\/types\/page"}],"author":[{"embeddable":true,"href":"https:\/\/www.overline-design.de\/poetry\/index.php?rest_route=\/wp\/v2\/users\/3"}],"replies":[{"embeddable":true,"href":"https:\/\/www.overline-design.de\/poetry\/index.php?rest_route=%2Fwp%2Fv2%2Fcomments&post=7887"}],"version-history":[{"count":3,"href":"https:\/\/www.overline-design.de\/poetry\/index.php?rest_route=\/wp\/v2\/pages\/7887\/revisions"}],"predecessor-version":[{"id":8910,"href":"https:\/\/www.overline-design.de\/poetry\/index.php?rest_route=\/wp\/v2\/pages\/7887\/revisions\/8910"}],"wp:attachment":[{"href":"https:\/\/www.overline-design.de\/poetry\/index.php?rest_route=%2Fwp%2Fv2%2Fmedia&parent=7887"}],"curies":[{"name":"wp","href":"https:\/\/api.w.org\/{rel}","templated":true}]}}