
{"id":7892,"date":"2023-10-22T00:01:00","date_gmt":"2023-10-22T00:01:00","guid":{"rendered":"https:\/\/www.overline-design.de\/poetry\/?page_id=7892"},"modified":"2024-04-21T08:47:07","modified_gmt":"2024-04-21T08:47:07","slug":"die-deutsche-bahn-pleiten-pech-und-pannen","status":"publish","type":"page","link":"https:\/\/www.overline-design.de\/poetry\/?page_id=7892","title":{"rendered":"Die Deutsche Bahn &#8211; Pleiten, Pech und Pannen"},"content":{"rendered":"\n<p>Liegt es an dem \u201eagierenden\u201c Management der <strong>Deutschen Bahn<\/strong>,<br>dass man sich auf die <strong>Deutsche Bahn<\/strong> nicht mehr verlassen kann?<br>Planen bei der <strong>Deutschen Bahn<\/strong> nur noch \u201eNieten in Nadelstreifen\u201c,<br>die den Anspruch an einem p\u00fcnktlichen Zugverkehr nicht begreifen?<br><br>Es sollte mit der <strong>Deutschen Bahn<\/strong>, so geplant, seit etlichen Jahren,<br>auf den langen Strecken doch mehr G\u00fcter \u201eauf der Schiene fahren\u201c.<br>Denkbar w\u00e4re, auch Schwertransporte werden auf die Schiene gelegt,<br>aber dazu m\u00fcssten das Gleisnetz f\u00fcr Schwergut vorbereitend gepflegt.<br><br>Die <strong>Deutsche Bahn<\/strong> sollte aufgespalten, so dass es ergibt einen Sinn.<br>Eine Gesellschaft nur f\u00fcrs Schienennetz, ohne Erwartung von Gewinn.<br>Dieser Bereich sollte eigenverantwortlich, aber ausreichend finanziert,<br>so dass nicht durch die Unterversorgung dann die Nutzbarkeit verliert.<br><br>Die <strong>Deutsche Bahn<\/strong> muss zuvor eine Nutzung der Schiene anmieten<br>und kann wie auch die Konkurrenz ihren Bef\u00f6rderungsdienst anbieten.<br>F\u00fcr die Schienenbenutzung wird dann ein Nutzungsgeb\u00fchr abkassiert<br>und damit ist vorgesorgt, dass das Schienennetz nicht wieder verliert.<br><br>So werden gesetzt, bei der <strong>Deutschen Bahn,<\/strong> die falsche Priorit\u00e4ten<br>und weil \u00fcberfordert, wird die <strong>Deutsche Bahn<\/strong> sich weiter versp\u00e4ten.<br>Die Kosten f\u00fcr das marode Schienennetz sich mittlerweile aufgestaut,<br>weil man wegen der hohen Kosten sich nicht an die Erneuerung traut.<br><br>Die <strong>Deutsche Bahn<\/strong> wird falsch gelenkt und Weichen falsch gestellt,<br>der Nahverkehr nicht jedem Nutzer der <strong>Deutschen Bahn<\/strong> so gef\u00e4llt.<br>\u201eVerbindende Strecken\u201c stillgelegt, dadurch das Angebot eingek\u00fcrzt<br>und durch eine un\u00fcbersichtliche Preisgestaltung schlecht \u201egew\u00fcrzt\u201c.<br><br>Nicht \u201elukrativ Erscheinendes\u201c bei der <strong>Deutschen Bahn<\/strong> eingestellt,<br>aber dieses einem \u00f6sterreichisches Unternehmen doch sehr gef\u00e4llt.<br>Die werden dann dieses Angebot f\u00fcr sich weiter profitabel ausbauen<br>und die <strong>Deutsche Bahn<\/strong> wird dann wieder \u201ein die R\u00f6hre schauen\u201c.<br><br>Die \u00d6sterreicher bauen einen Tunnel f\u00fcr den schnellen Bahnverkehr,<br>aber die Planer der <strong>Deutschen Bahn<\/strong> \u201ebremsen\u201c durch ein Nadel\u00f6hr.<br>Den Planern der <strong>Deutschen Bahn<\/strong> fehlt der kooperative \u201eWeitblick\u201c<br>und so \u201eexperimentieren\u201c sie allein, das ohne planerisches Geschick.<br><br>Menschen mit Gehbehinderung sind auf einen Fahrstuhl angewiesen,<br>da fehlt der <strong>Deutschen Bahn<\/strong> der Service, der oft wird angepriesen.<br>Denn ein Zugeinstieg, um in den n\u00e4chsten Ort oder Stadt zu reisen,<br>wird sich als Hindernis, mangels intakten Fahrstuhl, dann erweisen.<br><br><strong>\u00a9<\/strong> Rainer Dambroth &#8211; 22.10.2023 &#8211; <strong><a href=\"http:\/\/www.overline-poetry.de\/\">www.overline-poetry.de<\/a><\/strong><\/p>\n","protected":false},"excerpt":{"rendered":"<p>Liegt es an dem \u201eagierenden\u201c Management der Deutschen Bahn,dass man sich auf die Deutsche Bahn nicht mehr verlassen kann?Planen bei der Deutschen Bahn nur noch \u201eNieten in Nadelstreifen\u201c,die den Anspruch an einem p\u00fcnktlichen Zugverkehr nicht begreifen? Es sollte mit der Deutschen Bahn, so geplant, seit etlichen Jahren,auf den langen Strecken doch mehr G\u00fcter \u201eauf der [&hellip;]<\/p>\n","protected":false},"author":3,"featured_media":0,"parent":0,"menu_order":0,"comment_status":"closed","ping_status":"closed","template":"","meta":{"footnotes":""},"class_list":["post-7892","page","type-page","status-publish","hentry"],"jetpack_sharing_enabled":true,"_links":{"self":[{"href":"https:\/\/www.overline-design.de\/poetry\/index.php?rest_route=\/wp\/v2\/pages\/7892","targetHints":{"allow":["GET"]}}],"collection":[{"href":"https:\/\/www.overline-design.de\/poetry\/index.php?rest_route=\/wp\/v2\/pages"}],"about":[{"href":"https:\/\/www.overline-design.de\/poetry\/index.php?rest_route=\/wp\/v2\/types\/page"}],"author":[{"embeddable":true,"href":"https:\/\/www.overline-design.de\/poetry\/index.php?rest_route=\/wp\/v2\/users\/3"}],"replies":[{"embeddable":true,"href":"https:\/\/www.overline-design.de\/poetry\/index.php?rest_route=%2Fwp%2Fv2%2Fcomments&post=7892"}],"version-history":[{"count":4,"href":"https:\/\/www.overline-design.de\/poetry\/index.php?rest_route=\/wp\/v2\/pages\/7892\/revisions"}],"predecessor-version":[{"id":7962,"href":"https:\/\/www.overline-design.de\/poetry\/index.php?rest_route=\/wp\/v2\/pages\/7892\/revisions\/7962"}],"wp:attachment":[{"href":"https:\/\/www.overline-design.de\/poetry\/index.php?rest_route=%2Fwp%2Fv2%2Fmedia&parent=7892"}],"curies":[{"name":"wp","href":"https:\/\/api.w.org\/{rel}","templated":true}]}}