
{"id":7942,"date":"2023-10-09T09:40:56","date_gmt":"2023-10-09T09:40:56","guid":{"rendered":"https:\/\/www.overline-design.de\/poetry\/?page_id=7942"},"modified":"2023-10-09T09:41:01","modified_gmt":"2023-10-09T09:41:01","slug":"eine-minderheit-darf-nicht-die-mehrheit-blockieren","status":"publish","type":"page","link":"https:\/\/www.overline-design.de\/poetry\/?page_id=7942","title":{"rendered":"Eine Minderheit darf nicht die Mehrheit blockieren"},"content":{"rendered":"\n<p>Dieser Ausspruch wurde doch von Volker Wissing, FDP ausgesagt,<br>aber genau dieses praktiziert die FDP allt\u00e4glich und das ungefragt.<br>Dieser Spruch war f\u00fcr die Aktionen der letzten Generation gedacht,<br>aber die FDP zur Zeit denselben Fehler \u201eeiner Minderheit\u201c macht.<br><br>In der Koalition arbeitet man vertraulich und ohne \u00d6ffentlichkeit,<br>aber die FDP will f\u00fcr sich ein Zeichen setzen und das zu jeder Zeit.<br>So werden alle Internas laut in die \u00d6ffentlichkeit hinaus getragen,<br>wobei sich B\u00fcrger \u00fcber den Sinn dieser \u00d6ffentlichkeitsarbeit fragen.<br><br>Auf jeden Fall nutzt die AFD diese Ver\u00f6ffentlichung f\u00fcr ihre Zwecke<br>und stellt die streitende Koalition als nicht kompetent in die Ecke.<br>Die letzten Landtagswahlen in Bayern und Hessen doch aufgezeigt,<br>wohin die Wahlb\u00fcrger bei sinnlosen Streitigkeiten sind hingeneigt.<br><br><strong>\u00a9<\/strong> Rainer Dambroth &#8211; 09.10.2023 &#8211; <strong><a href=\"http:\/\/www.overline-poetry.de\/\">www.overline-poetry.de<\/a><\/strong><br><br><strong>Vielleicht sollten alle Koalitionsparteien dar\u00fcber einmal nachdenken!<\/strong><br><br><strong><a href=\"https:\/\/www.overline-design.de\/poetry\/wp-admin\/post.php?post=5640&amp;action=edit\">FDP \u2013 Partei der Mitte?<\/a><\/strong><br><strong><a href=\"https:\/\/www.overline-design.de\/poetry\/wp-admin\/post.php?post=7408&amp;action=edit\">FDP \u2013 Frei demontierende Partei mit \u201eR\u00fcckw\u00e4rtssalto\u201c<\/a><\/strong><br><br><\/p>\n","protected":false},"excerpt":{"rendered":"<p>Dieser Ausspruch wurde doch von Volker Wissing, FDP ausgesagt,aber genau dieses praktiziert die FDP allt\u00e4glich und das ungefragt.Dieser Spruch war f\u00fcr die Aktionen der letzten Generation gedacht,aber die FDP zur Zeit denselben Fehler \u201eeiner Minderheit\u201c macht. In der Koalition arbeitet man vertraulich und ohne \u00d6ffentlichkeit,aber die FDP will f\u00fcr sich ein Zeichen setzen und das [&hellip;]<\/p>\n","protected":false},"author":3,"featured_media":0,"parent":0,"menu_order":0,"comment_status":"closed","ping_status":"closed","template":"","meta":{"footnotes":""},"class_list":["post-7942","page","type-page","status-publish","hentry"],"jetpack_sharing_enabled":true,"_links":{"self":[{"href":"https:\/\/www.overline-design.de\/poetry\/index.php?rest_route=\/wp\/v2\/pages\/7942","targetHints":{"allow":["GET"]}}],"collection":[{"href":"https:\/\/www.overline-design.de\/poetry\/index.php?rest_route=\/wp\/v2\/pages"}],"about":[{"href":"https:\/\/www.overline-design.de\/poetry\/index.php?rest_route=\/wp\/v2\/types\/page"}],"author":[{"embeddable":true,"href":"https:\/\/www.overline-design.de\/poetry\/index.php?rest_route=\/wp\/v2\/users\/3"}],"replies":[{"embeddable":true,"href":"https:\/\/www.overline-design.de\/poetry\/index.php?rest_route=%2Fwp%2Fv2%2Fcomments&post=7942"}],"version-history":[{"count":3,"href":"https:\/\/www.overline-design.de\/poetry\/index.php?rest_route=\/wp\/v2\/pages\/7942\/revisions"}],"predecessor-version":[{"id":7945,"href":"https:\/\/www.overline-design.de\/poetry\/index.php?rest_route=\/wp\/v2\/pages\/7942\/revisions\/7945"}],"wp:attachment":[{"href":"https:\/\/www.overline-design.de\/poetry\/index.php?rest_route=%2Fwp%2Fv2%2Fmedia&parent=7942"}],"curies":[{"name":"wp","href":"https:\/\/api.w.org\/{rel}","templated":true}]}}