
{"id":7951,"date":"2023-10-15T00:01:00","date_gmt":"2023-10-15T00:01:00","guid":{"rendered":"https:\/\/www.overline-design.de\/poetry\/?page_id=7951"},"modified":"2023-10-27T04:02:21","modified_gmt":"2023-10-27T04:02:21","slug":"die-gruenen-und-die-erklaerungsversuche-2","status":"publish","type":"page","link":"https:\/\/www.overline-design.de\/poetry\/?page_id=7951","title":{"rendered":"Die Gr\u00fcnen und die Erkl\u00e4rungsversuche"},"content":{"rendered":"\n<p>Die Gr\u00fcnen jede Strategie den B\u00fcrgern \u201eunverst\u00e4ndlich\u201c erkl\u00e4ren,<br>aber dagegen sich die B\u00fcrger und auch die W\u00e4hler dann wehren.<br>Denn was bei den B\u00fcrgern den vorstellbaren Horizont \u00fcbersteigt,<br>dagegen die B\u00fcrger aus Unwissenheit und Angst sind abgeneigt.<br><br>Die Energie-Entscheidungen wirken leider vielfach unausgegoren<br>und werben mit Ideen, wo die B\u00fcrger sich dann glauben verloren.<br>So werden W\u00e4rmepumpen als das \u201eWunderheilmittel\u201c favorisiert<br>und nicht hinterfragt, ob das in der K\u00fcrze der Zeit auch realisiert.<br><br>Einer Medienredaktion wurde dieser Entwurf dann \u201edurchgesteckt\u201c,<br>die den Leser mit unsachlicher Berichterstattung dann erschreckt.<br>In der Regierung sollte ein schl\u00fcssiges Konzept \u201ein Stille\u201c erstellt<br>und erst Gesetz, wenn Finanzen durchgeplant dem B\u00fcrger gef\u00e4llt.<br><br>Die FDP will nur eigene Akzente bei allen Entscheidungen setzen,<br>und sie damit vertragliche Koalitions-Vereinbarungen verletzen.<br>Die Gr\u00fcnen wollen dann st\u00e4ndig mit dem \u201eKopf durch die Wand\u201c.<br>So treibt es die Koalitionsparteien bis an den zumutbaren Rand.<br><br>Dieses sich die Opposition, auch die CDU, dann zu Nutze macht<br>und dabei sind sie doch alle nur auf den eigenen Vorteil bedacht.<br>Wie h\u00e4tten sie denn den B\u00fcrgern den Weg in die Zukunft erkl\u00e4rt,<br>so dass der B\u00fcrger Ver\u00e4nderungen in der Energiepolitik erf\u00e4hrt?<br><br>Hat doch die CDU, seit 2015, mit ihrer Migrationspolitik betrogen<br>und mit aktueller Migrantensituation werden die B\u00fcrger belogen.<br>Ein \u201eweiter so\u201c und vor dem Ukrainekrieg die Augen verschlossen.<br>Hauptsache billige Energie, egal, ob Menschen werden erschossen!<br><br>Die CDU \u201ehangelt\u201c von Wahl zu Wahl, Anspruch: man will regieren<br>und es ist ihnen v\u00f6llig egal, ob die B\u00fcrger am Ende doch verlieren.<br>Man wird f\u00fcr die Industrie auch alles in deren Interesse tolerieren.<br>Es z\u00e4hlt nur das Bruttoinlandsprodukt und das darf nicht verlieren.<br><br>Der AFD interessiert nicht die Politik, sie kochen ihre eigene Suppe<br>und das Wohl der B\u00fcrger ist ihnen dabei doch v\u00f6llig \u201eSchnuppe\u201c.<br>Sie setzen mit Russlands Despot Putin auf gute Zusammenarbeit<br>und sehen nur ein nationales Deutschland, wie zu der alten Zeit.<br><br>Ich verga\u00df bei der Zusammenstellung doch die Partei der Linken.<br>Bei dieser F\u00fchrung, denn der Fisch f\u00e4ngt vom Kopf an zu stinken?<br>H\u00f6re ich Aussagen und \u201elinke\u201c Spr\u00fcche der Sahra Wagenknecht,<br>erfahre ich, dass es um die Zukunft Deutschland steht es schlecht.<br><br><strong>\u00a9<\/strong> Rainer Dambroth &#8211; 22.10.2023 &#8211; <strong><a href=\"https:\/\/www.overline-poetry.de\/\">www.overline-poetry.de<\/a><\/strong><\/p>\n","protected":false},"excerpt":{"rendered":"<p>Die Gr\u00fcnen jede Strategie den B\u00fcrgern \u201eunverst\u00e4ndlich\u201c erkl\u00e4ren,aber dagegen sich die B\u00fcrger und auch die W\u00e4hler dann wehren.Denn was bei den B\u00fcrgern den vorstellbaren Horizont \u00fcbersteigt,dagegen die B\u00fcrger aus Unwissenheit und Angst sind abgeneigt. Die Energie-Entscheidungen wirken leider vielfach unausgegorenund werben mit Ideen, wo die B\u00fcrger sich dann glauben verloren.So werden W\u00e4rmepumpen als das \u201eWunderheilmittel\u201c [&hellip;]<\/p>\n","protected":false},"author":3,"featured_media":0,"parent":0,"menu_order":0,"comment_status":"closed","ping_status":"closed","template":"","meta":{"footnotes":""},"class_list":["post-7951","page","type-page","status-publish","hentry"],"jetpack_sharing_enabled":true,"_links":{"self":[{"href":"https:\/\/www.overline-design.de\/poetry\/index.php?rest_route=\/wp\/v2\/pages\/7951","targetHints":{"allow":["GET"]}}],"collection":[{"href":"https:\/\/www.overline-design.de\/poetry\/index.php?rest_route=\/wp\/v2\/pages"}],"about":[{"href":"https:\/\/www.overline-design.de\/poetry\/index.php?rest_route=\/wp\/v2\/types\/page"}],"author":[{"embeddable":true,"href":"https:\/\/www.overline-design.de\/poetry\/index.php?rest_route=\/wp\/v2\/users\/3"}],"replies":[{"embeddable":true,"href":"https:\/\/www.overline-design.de\/poetry\/index.php?rest_route=%2Fwp%2Fv2%2Fcomments&post=7951"}],"version-history":[{"count":2,"href":"https:\/\/www.overline-design.de\/poetry\/index.php?rest_route=\/wp\/v2\/pages\/7951\/revisions"}],"predecessor-version":[{"id":8029,"href":"https:\/\/www.overline-design.de\/poetry\/index.php?rest_route=\/wp\/v2\/pages\/7951\/revisions\/8029"}],"wp:attachment":[{"href":"https:\/\/www.overline-design.de\/poetry\/index.php?rest_route=%2Fwp%2Fv2%2Fmedia&parent=7951"}],"curies":[{"name":"wp","href":"https:\/\/api.w.org\/{rel}","templated":true}]}}