
{"id":8009,"date":"2023-10-26T05:59:34","date_gmt":"2023-10-26T05:59:34","guid":{"rendered":"https:\/\/www.overline-design.de\/poetry\/?page_id=8009"},"modified":"2023-10-28T05:38:55","modified_gmt":"2023-10-28T05:38:55","slug":"produkt-sarah-wagenknecht-als-mogelpackung","status":"publish","type":"page","link":"https:\/\/www.overline-design.de\/poetry\/?page_id=8009","title":{"rendered":"Produkt Sahra Wagenknecht als Mogelpackung"},"content":{"rendered":"\n<p>Produzentin Sahra Wagenknecht, ist mit einer Mogelpackung dabei,<br>noch weniger Inhalt, aber \u201ejede Menge Luft nach oben\u201c ist noch frei.<br>Nur mit der Verbreitung von \u201ehei\u00dfer Luft\u201c, kann man nicht regieren<br>und wenn man sich als W\u00e4hler \u201eanh\u00e4ngt\u201c, kann man nur verlieren.<br><br>Das \u201eB\u00fcndnis Sahra Wagenknecht\u201c als Mogelpackung in der Politik,<br>beweist Russland-Treue und nur hei\u00dfe Luft als politisches Geschick.<br>Die hohlen Phrasen, die sie ihren m\u00f6glichen Neuw\u00e4hlern pr\u00e4sentiert,<br>die bereits \u201elinks Eingelullten\u201c, aber keinen Demokraten interessiert<br><br>Anerkennung verdient ihre Ausbildung und ihr Doktortitel als Flei\u00df,<br>aber aberkennen ihren Wissensstand und das sie alles besser wei\u00df.<br>Ihre Aussage, die Kriegsbedrohung k\u00e4me von der Nato und Amerika,<br>aber das Russland der potentieller Kriegstreiber, ist bei ihr nicht da.<br><br>Eingeschr\u00e4nkter Meinungskorridor in \u00f6ffentlichen Medien ihre Kritik.<br>Was erwartet sie denn, jeden Abend freie Sendezeit f\u00fcr ihre Politik?<br>Gegen politische \u201eGebetsm\u00fchlen\u201c, die sie in der DDR durfte erleben,<br>werde ich meine Stimme, als freier Westb\u00fcrger, dann laut erheben.<br><br>Die \u201eRatten verlassen das sinkende Schiff\u201c, darum jetzt der Verein?<br>Diese Gleichung k\u00f6nnte bei der Partei \u201eDie Linke\u201c doch stimmig sein.<br>Die Linke verliert bei den W\u00e4hlern doch immer mehr die Akzeptanz,<br>denn die Linke als \u201eDDR-\u00dcberbleibsel\u201c, als eine Partei der Ignoranz.<br><br>\u201eAlter Wein in neuen Schl\u00e4uchen\u201c, was von ihr als \u201eneu\u201c pr\u00e4sentiert<br>und weil die Linke aus der Mode gekommen, ein B\u00fcndnis sie riskiert.<br>Sie will Gerechtigkeit und das die Alten von der Rente k\u00f6nnen leben,<br>aber vorher f\u00fcr ihr B\u00fcndnis spenden, den letzten Cent dann geben.<br><br>Die meisten B\u00fcrger wollen doch einen Frieden f\u00fcr die gesamte Welt<br>und f\u00fcr den Kampf gegen den Hunger, daf\u00fcr das viele \u201eWaffengeld\u201c.<br>Das soll sie doch ihrem Verb\u00fcndeten, den Despoten Putin erz\u00e4hlen,<br>wenn sie Frieden f\u00fcr die Ukraine erreicht, k\u00f6nnte man sie w\u00e4hlen.<br><br>Sie will wohl als Konkurrenz zur AFD als eigenes Produkt versuchen<br>und will f\u00fcr sich, als B\u00fcndnis, nur ein St\u00fcck vom Bundestagskuchen<br>Solange die beiden \u201eParteien\u201c, sich um die W\u00e4hlerprozente streiten,<br>nehmen sie nur \u201eFrustw\u00e4hler\u201c auf, denen die Politik Sorgen bereiten<br><br>Die schlechteste Regierung aller Zeiten, das w\u00e4re wohl die zur Zeit,<br>darum st\u00fcnde sie, als B\u00fcndnis, f\u00fcr eine Gerechtigkeit sofort bereit.<br>Hat sie den Ukrainekrieg, den Russland begonnen, schon verdr\u00e4ngt,<br>weil sie sich noch immer an den russischen Pr\u00e4sidenten Putin h\u00e4ngt<br><br>Die Angriffskriege, aus Putins Machtgier, uns gro\u00dfe Sorgen bereiten<br>und manches nicht perfekt organisiert, dass will ich nicht bestreiten<br>Wir haben uns aber aus \u201erussischer Energie-Abh\u00e4ngigkeit\u201c befreit,<br>aber wir sind nicht, wegen dem Krieg, zu einer Kooperation bereit.<br><br>Sahra Wagenknecht will keine weiteren Waffen f\u00fcr die Ukraine mehr<br>aber wie der Krieg friedlich beendet, dazu bleibt ihre Auskunft leer.<br>Die Ukraine will nicht zu einem \u201erussischen Vasallenstaat\u201c mutieren<br>und diese Entscheidung sollte Russland doch endlich respektieren.<br><br><strong>\u00a9<\/strong> Rainer Dambroth &#8211; 26.10.2023 &#8211; <strong><a href=\"http:\/\/www.overline-poetry.de\/\">www.overline-poetry.de<\/a><\/strong><br><br><strong><a href=\"https:\/\/www.overline-design.de\/poetry\/wp-admin\/post.php?post=6100&amp;action=edit\">Sahra Wagenknecht und Putin<\/a><\/strong><br><strong><a href=\"https:\/\/www.overline-design.de\/poetry\/wp-admin\/post.php?post=7055&amp;action=edit\">Sahra Wagenknecht, Putins Missionarin?!<\/a><\/strong><br><strong><a href=\"https:\/\/www.overline-design.de\/poetry\/wp-admin\/post.php?post=6132&amp;action=edit\">Warum \u201ekleben\u201c die Ossis so an Russland?<\/a><\/strong><br><strong><a href=\"https:\/\/www.overline-design.de\/poetry\/wp-admin\/post.php?post=7578&amp;action=edit\">Zu viele \u201eOssis\u201c suchen F\u00fchrung (oder F\u00fchrer?)!<\/a><\/strong><br><strong><a href=\"https:\/\/www.overline-design.de\/poetry\/wp-admin\/post.php?post=7837&amp;action=edit\">Sahra Wagenknecht am 17.09.2023 bei Anne Will<\/a><\/strong><\/p>\n","protected":false},"excerpt":{"rendered":"<p>Produzentin Sahra Wagenknecht, ist mit einer Mogelpackung dabei,noch weniger Inhalt, aber \u201ejede Menge Luft nach oben\u201c ist noch frei.Nur mit der Verbreitung von \u201ehei\u00dfer Luft\u201c, kann man nicht regierenund wenn man sich als W\u00e4hler \u201eanh\u00e4ngt\u201c, kann man nur verlieren. Das \u201eB\u00fcndnis Sahra Wagenknecht\u201c als Mogelpackung in der Politik,beweist Russland-Treue und nur hei\u00dfe Luft als politisches [&hellip;]<\/p>\n","protected":false},"author":3,"featured_media":0,"parent":0,"menu_order":0,"comment_status":"closed","ping_status":"closed","template":"","meta":{"footnotes":""},"class_list":["post-8009","page","type-page","status-publish","hentry"],"jetpack_sharing_enabled":true,"_links":{"self":[{"href":"https:\/\/www.overline-design.de\/poetry\/index.php?rest_route=\/wp\/v2\/pages\/8009","targetHints":{"allow":["GET"]}}],"collection":[{"href":"https:\/\/www.overline-design.de\/poetry\/index.php?rest_route=\/wp\/v2\/pages"}],"about":[{"href":"https:\/\/www.overline-design.de\/poetry\/index.php?rest_route=\/wp\/v2\/types\/page"}],"author":[{"embeddable":true,"href":"https:\/\/www.overline-design.de\/poetry\/index.php?rest_route=\/wp\/v2\/users\/3"}],"replies":[{"embeddable":true,"href":"https:\/\/www.overline-design.de\/poetry\/index.php?rest_route=%2Fwp%2Fv2%2Fcomments&post=8009"}],"version-history":[{"count":10,"href":"https:\/\/www.overline-design.de\/poetry\/index.php?rest_route=\/wp\/v2\/pages\/8009\/revisions"}],"predecessor-version":[{"id":8039,"href":"https:\/\/www.overline-design.de\/poetry\/index.php?rest_route=\/wp\/v2\/pages\/8009\/revisions\/8039"}],"wp:attachment":[{"href":"https:\/\/www.overline-design.de\/poetry\/index.php?rest_route=%2Fwp%2Fv2%2Fmedia&parent=8009"}],"curies":[{"name":"wp","href":"https:\/\/api.w.org\/{rel}","templated":true}]}}