
{"id":8052,"date":"2023-11-05T00:01:00","date_gmt":"2023-11-05T00:01:00","guid":{"rendered":"https:\/\/www.overline-design.de\/poetry\/?page_id=8052"},"modified":"2023-11-03T15:40:59","modified_gmt":"2023-11-03T15:40:59","slug":"trump-vergleicht-sich-mit-nelson-mandela","status":"publish","type":"page","link":"https:\/\/www.overline-design.de\/poetry\/?page_id=8052","title":{"rendered":"Donald Trump vergleicht sich mit Nelson Mandela"},"content":{"rendered":"\n<p>Der Gr\u00f6\u00dfenwahn ist bei Donald Trump schon lange angekommen,<br>wenn er den Weg durch die Menge zu der Rednerb\u00fchne genommen.<br>Er ist arrogant, \u201eleidend spielen\u201c und nat\u00fcrlich auch selbstverliebt,<br>wenn er seine \u201eShows\u201c beifallheischend auf der Rednerb\u00fchne gibt.<br><br>Du kannst in Amerika als Betr\u00fcger oder sogar Verbrecher agieren,<br>dann kannst du als Pr\u00e4sidentschaftskandidat keine Wahl verlieren.<br>Du wirst auf das Podest als zu verehrende Pers\u00f6nlichkeit gehoben<br>und von den begeisterten W\u00e4hlern ins \u201eOval Office\u201c abgeschoben.<br><br>Trump den Namen Nelson Mandela schon einmal irgendwo geh\u00f6rt.<br>Das Nelson Mandela eine Pers\u00f6nlichkeit des Friedens, nicht gest\u00f6rt.<br>Peinlicher kann sich der amerikanische Pr\u00e4sident nicht pr\u00e4sentieren<br>und auch f\u00fcr die amerikanische Waffenlobby will er vieles riskieren.<br><br>Anstatt den Waffenbesitz zum Schutze des Volkes einzuschr\u00e4nken,<br>will Donald Trump nur an weitere \u201eAufr\u00fcstung\u201c mit Waffen denken.<br>Wenn Amokl\u00e4ufer in Schulen die Sch\u00fcler und die Lehrer bedrohen,<br>scheint der der Umgang mit den Autorit\u00e4tspersonen zu verrohen.<br><br>Trump fordert, bei Lehrern und Sch\u00fclern mehr Waffen einzusetzen,<br>damit k\u00f6nnten sie den Amokl\u00e4ufer dann erschie\u00dfen oder verletzen.<br>Durch gegenseitiges Erschie\u00dfen als wirksame \u201eGeburtenkontrolle\u201c?<br>So sieht er den Waffenbesitz f\u00fcr jeden Mann als eine wichtige Rolle.<br><br>Trump macht seine Wahlveranstaltungen mit intuitivem Geschick,<br>darum bei jeder Redepause kreist in die Publikumsrunde sein Blick.<br>So erkennt er, was die Republikaner von ihm erwarten und wollen,<br>bevor sie mit Begeisterung und Euphorie wieder nach Hause trollen.<br><br>Mit T\u00e4ter-Opfer-Umkehr zeigt er sich W\u00e4hlern als Opfer der Justiz,<br>die als T\u00e4ter ihn vernichten wollen, ohne rechtsverletzendes Indiz.<br>Ist wegen Betrugs- und Finanzdelikten der Ruf von Trump ruiniert,<br>dann will er trotzdem in Amerika regieren und das ganz ungeniert.<br><br>Auch Donald Trump sieht nur die Wei\u00dfen, als die herrschende Rasse<br>und dadurch, gerade in den S\u00fcdstaaten, mobilisiert er so die Masse.<br>Die Kandidaten der Republikaner m\u00fcssen streng gottesf\u00fcrchtig sein,<br>aber wie sich das mit Rassenhass vereinbart, wissen sie nur allein.<br><br><strong>\u00a9<\/strong> Rainer Dambroth &#8211; 05.11.2023 &#8211; <strong><a href=\"http:\/\/www.overline-poetry.de\/\">www.overline-poetry.de<\/a><br><\/strong><br><\/p>\n","protected":false},"excerpt":{"rendered":"<p>Der Gr\u00f6\u00dfenwahn ist bei Donald Trump schon lange angekommen,wenn er den Weg durch die Menge zu der Rednerb\u00fchne genommen.Er ist arrogant, \u201eleidend spielen\u201c und nat\u00fcrlich auch selbstverliebt,wenn er seine \u201eShows\u201c beifallheischend auf der Rednerb\u00fchne gibt. Du kannst in Amerika als Betr\u00fcger oder sogar Verbrecher agieren,dann kannst du als Pr\u00e4sidentschaftskandidat keine Wahl verlieren.Du wirst auf das [&hellip;]<\/p>\n","protected":false},"author":3,"featured_media":0,"parent":0,"menu_order":0,"comment_status":"closed","ping_status":"closed","template":"","meta":{"footnotes":""},"class_list":["post-8052","page","type-page","status-publish","hentry"],"jetpack_sharing_enabled":true,"_links":{"self":[{"href":"https:\/\/www.overline-design.de\/poetry\/index.php?rest_route=\/wp\/v2\/pages\/8052","targetHints":{"allow":["GET"]}}],"collection":[{"href":"https:\/\/www.overline-design.de\/poetry\/index.php?rest_route=\/wp\/v2\/pages"}],"about":[{"href":"https:\/\/www.overline-design.de\/poetry\/index.php?rest_route=\/wp\/v2\/types\/page"}],"author":[{"embeddable":true,"href":"https:\/\/www.overline-design.de\/poetry\/index.php?rest_route=\/wp\/v2\/users\/3"}],"replies":[{"embeddable":true,"href":"https:\/\/www.overline-design.de\/poetry\/index.php?rest_route=%2Fwp%2Fv2%2Fcomments&post=8052"}],"version-history":[{"count":7,"href":"https:\/\/www.overline-design.de\/poetry\/index.php?rest_route=\/wp\/v2\/pages\/8052\/revisions"}],"predecessor-version":[{"id":8067,"href":"https:\/\/www.overline-design.de\/poetry\/index.php?rest_route=\/wp\/v2\/pages\/8052\/revisions\/8067"}],"wp:attachment":[{"href":"https:\/\/www.overline-design.de\/poetry\/index.php?rest_route=%2Fwp%2Fv2%2Fmedia&parent=8052"}],"curies":[{"name":"wp","href":"https:\/\/api.w.org\/{rel}","templated":true}]}}