
{"id":8072,"date":"2023-11-12T00:01:00","date_gmt":"2023-11-12T00:01:00","guid":{"rendered":"https:\/\/www.overline-design.de\/poetry\/?page_id=8072"},"modified":"2024-01-14T08:10:07","modified_gmt":"2024-01-14T08:10:07","slug":"spaltet-das-migrationsproblem-die-politik","status":"publish","type":"page","link":"https:\/\/www.overline-design.de\/poetry\/?page_id=8072","title":{"rendered":"Spaltet das Migrationsproblem die Politik"},"content":{"rendered":"\n<p>Die am lautesten t\u00f6nen, sollten an die vergangenen Zeiten denken,<br>denn nach der \u201eFl\u00fcchtlingswelle\u201c war Zeit, dieses Problem zu lenken.<br>Auch sie konnten rechtzeitig die m\u00f6glichen Stellschrauben justieren,<br>aber sie waren an der Macht und wollten diese wohl nicht verlieren.<br><br>Da hat der Minister Seehofer nur noch an den \u201eRuhestand\u201c gedacht<br>und deshalb mit wichtigen Planungen nichts mehr zu Ende gemacht.<br>Auch im Amt f\u00fcr Digitales von Dorothee B\u00e4r sie die Bez\u00fcge kassierte,<br>aber auch in dieser Funktion nichts von gro\u00dfer Bedeutung passierte.<br><br>Aber es gab auch politische Pferde im Stall, &#8222;die viel Mist machten&#8220;,<br>weil bei Durchsetzung der Maut nicht an m\u00f6gliche Kl\u00e4ger dachten.<br>Mit dem \u00fcbertriebenen Aktionismus vom Verkehrsminister Scheuer,<br>passierte durch die Mautzusage wiederum zu viel und wurde teuer.<br><br>Das gro\u00dfe Problem vom unkontrollierten Zustrom jedoch geblieben,<br>was sich die AFD, als Hetze, dann auf ihre Wahlplakate geschrieben.<br>Denn das ist die gro\u00dfe Angst, die beim deutschen B\u00fcrger \u201eumtreibt\u201c,<br>das eine zu gro\u00dfe Zahl von Asylsuchenden in Deutschland verbleibt.<br><br>Alle Parteien werden vom Stimmenerfolg der rechten AFD getrieben<br>und haben Angst, dass immer mehr W\u00e4hler werden sie nicht lieben,<br>denn der Stimmenzuwachs l\u00e4sst die Parteien an \u201eGewicht\u201c verlieren<br>und eine \u201eStimmlosigkeit\u201c, das wollen die Parteien nicht riskieren.<br><br>\u201eNach der Wahl ist vor der Wahl\u201c, so denkt jeder nur an Wiederwahl.<br>Alle Parteien wollen gewinnen und das mit einer gro\u00dfen Prozentzahl.<br>Denn bei den Pfr\u00fcnden in der Politik, dabei will man nicht versagen,<br>so schiebt man die Schuld den Anderen zu, anstatt sich zu vertragen.<br><br>In der Ampelkoalition nur ein Kr\u00e4ftemessen, was sie zur Zeit f\u00fchren,<br>aber man denke an die Suppe, in der zu viele K\u00f6che wollen r\u00fchren.<br>Wie hei\u00dft doch das Sprichwort: Das viele K\u00f6che den Brei verderben,<br>aber man will die Koalitionspartner bei der n\u00e4chsten Wahl beerben.<br><br>Einige K\u00f6che scheinen auch in den fremden T\u00f6pfen herumzur\u00fchren,<br>wollen durch \u201eRund-herum-Offenheit\u201c m\u00f6gliche W\u00e4hler verf\u00fchren.<br>Auch um W\u00e4hler durch \u201ekontra koalierendes\u201c Agieren zu bekehren<br>und sich somit gegen weitere Stimmenverluste dann zu \u201ewehren\u201c.<br><br><strong>\u00a9<\/strong> Rainer Dambroth &#8211; 12.11.2023 &#8211; <strong><a href=\"http:\/\/www.overline-poetry.de\/\">www.overline-poetry.de<\/a><br><\/strong><br><\/p>\n","protected":false},"excerpt":{"rendered":"<p>Die am lautesten t\u00f6nen, sollten an die vergangenen Zeiten denken,denn nach der \u201eFl\u00fcchtlingswelle\u201c war Zeit, dieses Problem zu lenken.Auch sie konnten rechtzeitig die m\u00f6glichen Stellschrauben justieren,aber sie waren an der Macht und wollten diese wohl nicht verlieren. Da hat der Minister Seehofer nur noch an den \u201eRuhestand\u201c gedachtund deshalb mit wichtigen Planungen nichts mehr zu [&hellip;]<\/p>\n","protected":false},"author":3,"featured_media":0,"parent":0,"menu_order":0,"comment_status":"closed","ping_status":"closed","template":"","meta":{"footnotes":""},"class_list":["post-8072","page","type-page","status-publish","hentry"],"jetpack_sharing_enabled":true,"_links":{"self":[{"href":"https:\/\/www.overline-design.de\/poetry\/index.php?rest_route=\/wp\/v2\/pages\/8072","targetHints":{"allow":["GET"]}}],"collection":[{"href":"https:\/\/www.overline-design.de\/poetry\/index.php?rest_route=\/wp\/v2\/pages"}],"about":[{"href":"https:\/\/www.overline-design.de\/poetry\/index.php?rest_route=\/wp\/v2\/types\/page"}],"author":[{"embeddable":true,"href":"https:\/\/www.overline-design.de\/poetry\/index.php?rest_route=\/wp\/v2\/users\/3"}],"replies":[{"embeddable":true,"href":"https:\/\/www.overline-design.de\/poetry\/index.php?rest_route=%2Fwp%2Fv2%2Fcomments&post=8072"}],"version-history":[{"count":3,"href":"https:\/\/www.overline-design.de\/poetry\/index.php?rest_route=\/wp\/v2\/pages\/8072\/revisions"}],"predecessor-version":[{"id":8285,"href":"https:\/\/www.overline-design.de\/poetry\/index.php?rest_route=\/wp\/v2\/pages\/8072\/revisions\/8285"}],"wp:attachment":[{"href":"https:\/\/www.overline-design.de\/poetry\/index.php?rest_route=%2Fwp%2Fv2%2Fmedia&parent=8072"}],"curies":[{"name":"wp","href":"https:\/\/api.w.org\/{rel}","templated":true}]}}