
{"id":8087,"date":"2023-11-19T00:01:00","date_gmt":"2023-11-19T00:01:00","guid":{"rendered":"https:\/\/www.overline-design.de\/poetry\/?page_id=8087"},"modified":"2024-08-15T17:06:29","modified_gmt":"2024-08-15T17:06:29","slug":"sahra-wagenknecht-und-ihre-methode-rattenfaenger-von-hameln-beim-stimmenfang","status":"publish","type":"page","link":"https:\/\/www.overline-design.de\/poetry\/?page_id=8087","title":{"rendered":"Sahra Wagenknecht und ihre Methode \u201eRattenf\u00e4nger von Hameln\u201c beim Stimmenfang"},"content":{"rendered":"\n<p>Sie von einer doch m\u00f6glichen Beendigung des Ukraine-Krieg spricht,<br>aber die Verantwortlichen wollen h\u00f6ren ihre \u201eFriedensstimme\u201c nicht.<br>\u201eGebetsm\u00fchlenartig\u201c, gleichzusetzen mit des F\u00e4ngers \u201eFl\u00f6tent\u00f6nen\u201c,<br>will sie W\u00e4hler werben, indem sie die aktive Politik wird verh\u00f6hnen.<br><br>Nicht nur sie, denn fast alle Menschen wollen Frieden auf der Welt, <br>all denen die Kriegstreiberei in der Ukraine und im Nahost missf\u00e4llt.<br>Sie bem\u00e4ngelt die fehlende Bereitschaft der westlichen Diplomatie,<br>aber die mangelnde Bereitschaft von Russland, die erw\u00e4hnt sie nie.<br><br>Einen Waffenstillstand kann nur von den Kriegsparteien manifestiert,<br>wenn beide Parteien sind an einem dauerhaften Frieden interessiert.<br>Nur die Waffenlieferungen vom Westen an die Ukraine aufzugeben,<br>wird Russland nicht bewegen, mit der Ukraine in Frieden zu leben.<br><br>Auff\u00e4llig ist, wie die Gr\u00fcnen werden von ihr, als zu unf\u00e4hig kritisiert,<br>aber sie sich ausweichend f\u00fcr die St\u00e4rke der AFD dann interessiert?<br>Alice Weigel von der AFD h\u00e4tte doch eine sehr starke Pers\u00f6nlichkeit,<br>aber mit Robert Habeck von den Gr\u00fcnen, da &#8222;riskiere&#8220; sie nur Streit.<br><br>Bei dem ukrainischen Pr\u00e4sidenten Selenskyj st\u00f6rt die gr\u00fcne Montur?<br>Er hat sein Verm\u00f6gen im Ausland \u201egeparkt\u201c, woher wei\u00df sie das nur?<br>Was hat Kleidung und sein Verm\u00f6gen zu tun mit dem Kriegsverlauf?<br>Keimt bei Sahra Wagenknecht etwa der Neid der \u201eBesitzlosen\u201c auf?<br><br>Wer \u201ehinterm Zaun\u201c nur Russland als Bruderland hat kennengelernt,<br>der hat sich von der realen Weltpolitik doch sehr weit schon entfernt.<br>Wer die demokratischen Staaten nur kennengelernt als Klassenfeind<br>und fest daran glaubt, dass nur der Despot Putin gut mit uns meint.<br><br>Sie sollte sich mehr auf auf die gegenw\u00e4rtigen Probleme besinnen<br>und nicht behaupten, dass alle Parteien, au\u00dfer ihre eigene, spinnen<br>Plakativ fordern, was alle Parteien sich auf die \u201eFahne\u201c geschrieben<br>und glauben, dieses w\u00fcrde reichen, um ihre neue Partei zu lieben.<br><br><strong>\u00a9 Rainer Dambroth &#8211; 19.11.2023 &#8211; <a href=\"http:\/\/www.overline-poetry.de\/\"><strong>www.overline-poetry.de<\/strong><\/a><\/strong><br><br><strong>Dokumentation &amp; Reportage Konfrontation &#8211; Markus Feldenkirchen trifft Sahra Wagenknecht &#8211; 12.11.2023<\/strong><\/p>\n","protected":false},"excerpt":{"rendered":"<p>Sie von einer doch m\u00f6glichen Beendigung des Ukraine-Krieg spricht,aber die Verantwortlichen wollen h\u00f6ren ihre \u201eFriedensstimme\u201c nicht.\u201eGebetsm\u00fchlenartig\u201c, gleichzusetzen mit des F\u00e4ngers \u201eFl\u00f6tent\u00f6nen\u201c,will sie W\u00e4hler werben, indem sie die aktive Politik wird verh\u00f6hnen. Nicht nur sie, denn fast alle Menschen wollen Frieden auf der Welt, all denen die Kriegstreiberei in der Ukraine und im Nahost missf\u00e4llt.Sie bem\u00e4ngelt [&hellip;]<\/p>\n","protected":false},"author":3,"featured_media":0,"parent":0,"menu_order":0,"comment_status":"closed","ping_status":"closed","template":"","meta":{"footnotes":""},"class_list":["post-8087","page","type-page","status-publish","hentry"],"jetpack_sharing_enabled":true,"_links":{"self":[{"href":"https:\/\/www.overline-design.de\/poetry\/index.php?rest_route=\/wp\/v2\/pages\/8087","targetHints":{"allow":["GET"]}}],"collection":[{"href":"https:\/\/www.overline-design.de\/poetry\/index.php?rest_route=\/wp\/v2\/pages"}],"about":[{"href":"https:\/\/www.overline-design.de\/poetry\/index.php?rest_route=\/wp\/v2\/types\/page"}],"author":[{"embeddable":true,"href":"https:\/\/www.overline-design.de\/poetry\/index.php?rest_route=\/wp\/v2\/users\/3"}],"replies":[{"embeddable":true,"href":"https:\/\/www.overline-design.de\/poetry\/index.php?rest_route=%2Fwp%2Fv2%2Fcomments&post=8087"}],"version-history":[{"count":7,"href":"https:\/\/www.overline-design.de\/poetry\/index.php?rest_route=\/wp\/v2\/pages\/8087\/revisions"}],"predecessor-version":[{"id":8947,"href":"https:\/\/www.overline-design.de\/poetry\/index.php?rest_route=\/wp\/v2\/pages\/8087\/revisions\/8947"}],"wp:attachment":[{"href":"https:\/\/www.overline-design.de\/poetry\/index.php?rest_route=%2Fwp%2Fv2%2Fmedia&parent=8087"}],"curies":[{"name":"wp","href":"https:\/\/api.w.org\/{rel}","templated":true}]}}