
{"id":810,"date":"2020-11-08T08:48:25","date_gmt":"2020-11-08T08:48:25","guid":{"rendered":"https:\/\/overline-design.de\/poetry\/?page_id=810"},"modified":"2021-09-13T04:18:43","modified_gmt":"2021-09-13T04:18:43","slug":"trinkwasser","status":"publish","type":"page","link":"https:\/\/www.overline-design.de\/poetry\/?page_id=810","title":{"rendered":"Trinkwasser"},"content":{"rendered":"\n<p>Das Wasser was ich gerade hab getrunken,<br>hat nach G\u00fclle geschmeckt und gestunken.<br>Denn das Wasser was ihr so gerne trinkt,<br>fliesst unterm Acker, der nach G\u00fclle stinkt.<br>Geflossen durch alle Schichten dieser Erde,<br>mit Hoffnung, das es gutes Wasser werde.<br>Aber nicht alles verliert sich dann im Sand,<br>das ist heute Fakt und der Wissensstand.<br>Es wurde gemessen und dabei festgestellt,<br>dass unser Wasser zu viel \u00d6strogen enth\u00e4lt.<br>Wenn beim Manne w\u00e4chst gro\u00df die Brust,<br>und er verliert im Bett die &#8222;gro\u00dfe&#8220; Lust,<br>dann ist es wohl jedem klar, was ist passiert<br>und warum er seine gro\u00dfe Lust verliert.<br>Denn beim Mann, aber ihr wisst es schon<br>ist Testosteron das &#8222;wahre Gl\u00fcckshormon&#8220;.<br>Ein Glas Wasser, gefiltert von Ackererde,<br>hat Vorteile die ich jetzt hier nennen werde.<br>Schmerzen dir morgens Kopf und Glieder,<br>trinke Wasser, denn wird\u00b4s schon wieder.<br>Wirst du krank und es bringt dich fast um,<br>trinke Wasser, es heilt mit Antibiotikum.<br>Den Tieren im Stall hat man es gegeben,<br>damit sie verk\u00e4uflich die Tortur \u00fcberleben.<br>Ausgeschieden vom Tier in die G\u00fclle flie\u00dft,<br>der Landwirt flei\u00dfig damit die \u00c4cker begie\u00dft.<br>Der Kreislauf schlie\u00dft sich, das ist nun klar,<br>trinkt das Wasser, es schmeckt wunderbar.<\/p>\n\n\n\n<p>\u00a9 Rainer Dambroth &#8211; 28.04.2015 &#8211; <a href=\"http:\/\/www.overline-poetry.de\" data-type=\"URL\" data-id=\"http:\/\/www.overline-poetry.de\"><strong>www.overline-poetry.de<\/strong> <\/a><br><br><\/p>\n","protected":false},"excerpt":{"rendered":"<p>Das Wasser was ich gerade hab getrunken,hat nach G\u00fclle geschmeckt und gestunken.Denn das Wasser was ihr so gerne trinkt,fliesst unterm Acker, der nach G\u00fclle stinkt.Geflossen durch alle Schichten dieser Erde,mit Hoffnung, das es gutes Wasser werde.Aber nicht alles verliert sich dann im Sand,das ist heute Fakt und der Wissensstand.Es wurde gemessen und dabei festgestellt,dass unser [&hellip;]<\/p>\n","protected":false},"author":3,"featured_media":0,"parent":0,"menu_order":0,"comment_status":"closed","ping_status":"closed","template":"","meta":{"footnotes":""},"class_list":["post-810","page","type-page","status-publish","hentry"],"jetpack_sharing_enabled":true,"_links":{"self":[{"href":"https:\/\/www.overline-design.de\/poetry\/index.php?rest_route=\/wp\/v2\/pages\/810","targetHints":{"allow":["GET"]}}],"collection":[{"href":"https:\/\/www.overline-design.de\/poetry\/index.php?rest_route=\/wp\/v2\/pages"}],"about":[{"href":"https:\/\/www.overline-design.de\/poetry\/index.php?rest_route=\/wp\/v2\/types\/page"}],"author":[{"embeddable":true,"href":"https:\/\/www.overline-design.de\/poetry\/index.php?rest_route=\/wp\/v2\/users\/3"}],"replies":[{"embeddable":true,"href":"https:\/\/www.overline-design.de\/poetry\/index.php?rest_route=%2Fwp%2Fv2%2Fcomments&post=810"}],"version-history":[{"count":9,"href":"https:\/\/www.overline-design.de\/poetry\/index.php?rest_route=\/wp\/v2\/pages\/810\/revisions"}],"predecessor-version":[{"id":4839,"href":"https:\/\/www.overline-design.de\/poetry\/index.php?rest_route=\/wp\/v2\/pages\/810\/revisions\/4839"}],"wp:attachment":[{"href":"https:\/\/www.overline-design.de\/poetry\/index.php?rest_route=%2Fwp%2Fv2%2Fmedia&parent=810"}],"curies":[{"name":"wp","href":"https:\/\/api.w.org\/{rel}","templated":true}]}}