
{"id":8145,"date":"2023-12-03T00:02:00","date_gmt":"2023-12-03T00:02:00","guid":{"rendered":"https:\/\/www.overline-design.de\/poetry\/?page_id=8145"},"modified":"2023-12-03T05:40:05","modified_gmt":"2023-12-03T05:40:05","slug":"fake-anzeigen-und-betrug-mit-den-namen-von-prominenten","status":"publish","type":"page","link":"https:\/\/www.overline-design.de\/poetry\/?page_id=8145","title":{"rendered":"Fake-Anzeigen und Betrug mit dem Namen von Prominenten"},"content":{"rendered":"\n<p>Jeff Bezos wirbt in Anzeigen f\u00fcr Kapitalanlagen mit seinem Namen.<br>Die offene Frage, ob Kapitalgeber ihre Geldeinlage wiederbekamen?<br>So wird den dann Neugierigen eine sichere Kapitalanlage suggeriert<br>und die hohen Zinsertr\u00e4ge nat\u00fcrlich auch jeden Anleger interessiert.<br>Nat\u00fcrlich ist auch diese Situation geschickt \u201egefakt\u201c und manipuliert.<br>In Gewinnerwartung erkennen viele nicht, dass man hierbei verliert!<br><br>Beim Moderator G\u00fcnter Jauch war das Mikrofon nicht ausgeschaltet,<br>so erf\u00e4hrt man, wie \u201ehochzinsbringend\u201c er sein Verm\u00f6gen verwaltet.<br>Die Sprache und die Szene geschickt \u201egefakt\u201c, die Situation erlogen,<br>so werden interessierte Neuanleger um ihre Einlage dann betrogen.<br>Sie bekommen f\u00fcr das angelegtes Geld schon bald \u201eKontoausz\u00fcge\u201c<br>und so kommt bei dem Anleger kein Verdacht auf, das man betr\u00fcge<br><br>Auch Tom Hanks konnte in dem Werbespot nur \u201ePositives\u201c berichten,<br>aber in der Realit\u00e4t, wird er auf diesen Betrug sehr gerne verzichten!<br>Er versucht in etlichen Gegendarstellungen den Betrug aufzukl\u00e4ren,<br>aber gegen so viel kriminelle Energie, konnte er sich nicht erwehren.<br>Denn auch sein Ruf, als seri\u00f6ser Filmdarsteller, wird darunter leiden<br>und so versucht er Fans zu warnen, das sie diese Betr\u00fcgerei meiden.<br><br>Die Geld\u00fcbertragung von den Betr\u00fcgern perfekt \u201egefakt\u201c inszeniert,<br>so dass weiteres Geld wird von den begeisterten Anlegern investiert.<br>Die Geldanlage wird nat\u00fcrlich an eine sehr lange Laufzeit gebunden,<br>so merkt man zu sp\u00e4t, dass das angelegte Geld ist \u201everschwunden\u201c.<br>Mit \u201egefakten\u201c Salden wird regelm\u00e4\u00dfig der hohe Zinsertrag quittiert,<br>so sch\u00f6pft der Anleger vorzeitig keinen Verdacht, bleibt interessiert.<br><br>Berichte per Mail mit Zinsertr\u00e4gen geben den Anlegern \u201eSicherheit\u201c,<br>denn das Geld wurde doch selbst \u201efest angelegt\u201c, f\u00fcr eine lange Zeit.<br>Wenn Prominente so viel Positives \u00fcber ihre Geldanlage so erz\u00e4hlen,<br>dann ist man sehr \u00fcberzeugt und wird dieses auch weiterempfehlen.<br>Bei einem Bekannten war auch die gro\u00dfe Begeisterung zu erkennen,<br>nach erfolgter Ern\u00fcchterung, durfte man dieses nicht mehr nennen.<br><br><strong>\u00a9 Rainer Dambroth &#8211; 03.12.2023 &#8211; <a href=\"http:\/\/www.overline-poetry.de\/\">www.overline-poetry.de<\/a><\/strong><br><\/p>\n","protected":false},"excerpt":{"rendered":"<p>Jeff Bezos wirbt in Anzeigen f\u00fcr Kapitalanlagen mit seinem Namen.Die offene Frage, ob Kapitalgeber ihre Geldeinlage wiederbekamen?So wird den dann Neugierigen eine sichere Kapitalanlage suggeriertund die hohen Zinsertr\u00e4ge nat\u00fcrlich auch jeden Anleger interessiert.Nat\u00fcrlich ist auch diese Situation geschickt \u201egefakt\u201c und manipuliert.In Gewinnerwartung erkennen viele nicht, dass man hierbei verliert! Beim Moderator G\u00fcnter Jauch war das [&hellip;]<\/p>\n","protected":false},"author":3,"featured_media":0,"parent":0,"menu_order":0,"comment_status":"closed","ping_status":"closed","template":"","meta":{"footnotes":""},"class_list":["post-8145","page","type-page","status-publish","hentry"],"jetpack_sharing_enabled":true,"_links":{"self":[{"href":"https:\/\/www.overline-design.de\/poetry\/index.php?rest_route=\/wp\/v2\/pages\/8145","targetHints":{"allow":["GET"]}}],"collection":[{"href":"https:\/\/www.overline-design.de\/poetry\/index.php?rest_route=\/wp\/v2\/pages"}],"about":[{"href":"https:\/\/www.overline-design.de\/poetry\/index.php?rest_route=\/wp\/v2\/types\/page"}],"author":[{"embeddable":true,"href":"https:\/\/www.overline-design.de\/poetry\/index.php?rest_route=\/wp\/v2\/users\/3"}],"replies":[{"embeddable":true,"href":"https:\/\/www.overline-design.de\/poetry\/index.php?rest_route=%2Fwp%2Fv2%2Fcomments&post=8145"}],"version-history":[{"count":4,"href":"https:\/\/www.overline-design.de\/poetry\/index.php?rest_route=\/wp\/v2\/pages\/8145\/revisions"}],"predecessor-version":[{"id":8159,"href":"https:\/\/www.overline-design.de\/poetry\/index.php?rest_route=\/wp\/v2\/pages\/8145\/revisions\/8159"}],"wp:attachment":[{"href":"https:\/\/www.overline-design.de\/poetry\/index.php?rest_route=%2Fwp%2Fv2%2Fmedia&parent=8145"}],"curies":[{"name":"wp","href":"https:\/\/api.w.org\/{rel}","templated":true}]}}