
{"id":8160,"date":"2023-12-10T00:01:00","date_gmt":"2023-12-10T00:01:00","guid":{"rendered":"https:\/\/www.overline-design.de\/poetry\/?page_id=8160"},"modified":"2023-12-07T06:51:54","modified_gmt":"2023-12-07T06:51:54","slug":"friedrich-merz-der-schaumschlaeger","status":"publish","type":"page","link":"https:\/\/www.overline-design.de\/poetry\/?page_id=8160","title":{"rendered":"Friedrich Merz, der Schaumschl\u00e4ger"},"content":{"rendered":"\n<p>Friedrich Merz will sich mit Schaumschl\u00e4gerei die Macht erk\u00e4mpfen,<br>er sollte sich an Fehler der CDU erinnern und seinen Ton &#8222;d\u00e4mpfen&#8220;.<br>Mit zu viel Schaumschl\u00e4gerei die &#8222;regierende Ampel&#8220; niederzwingen,<br>aber die Schaumblasen an den 16 Jahren CDU-Stillstand zerspringen.<br><br>Er wirft der \u201eregierenden Ampel\u201c ein Versagen beim Regieren vor,<br>mit dieser \u00c4u\u00dferung, f\u00fcr die Vergangenheit der CDU, ein \u201eEigentor\u201c.<br>In 16 Jahren Regierungszeit von der CDU der Stillstand zementiert,<br>nicht verwunderlich, wenn der Standort Deutschland dabei verliert.<br><br>Sechzehn Jahre schwarze Null und Investitionsstau an allen Ecken.<br>Zu viel Positives konnte man bei der Alt-Regierung nicht entdecken.<br>Sie wollen den n\u00e4chsten Generationen keine Schulden hinterlassen,<br>das die Infrastruktur &#8222;kaputt gespart wurde&#8220;, scheint zu verblassen.<br><br>\u00d6ffentliche Geb\u00e4ude, Schulen und Stra\u00dfen im desolaten Zustand<br>und \u00fcberall queren kaputte Br\u00fccken die Fl\u00fcsse und T\u00e4ler im Land<br>Die n\u00e4chste Generation darf sich eines schuldenfreien Erbe freuen,<br>aber Instandsetzung kostet viel Geld, so wird man dieses bereuen.<br><br>Es fehlen Lehrkr\u00e4fte, diese rechtzeitig auszubilden, wurde vers\u00e4umt,<br>denn die Finanzminister haben nur die &#8222;schwarze Null&#8220; einger\u00e4umt.<br>Der Unterricht f\u00e4llt aus und wegen Lehrermangel uns \u201eauf die F\u00fc\u00dfe\u201c<br>Etwas mehr Langzeitplanung, seitens der Politik, ich sehr begr\u00fc\u00dfe.<br><br>Der \u201eDorn im Auge\u201c, das ist die Meinung der CSU zum B\u00fcrgergeld.<br>Das Arbeiten muss sich lohnen, darum die Meinung negativ ausf\u00e4llt.<br>Aber das jemand, der arbeitet, sein \u201eEinkommen\u201c aufstocken muss,<br>dar\u00fcber sollte die CSU nachdenken, denn so schaffen sie Verdruss.<br><br>Beklagt wird durch die CDU\/CSU doch die zu hohe Arbeitslosigkeit,<br>denn bei vielen Betrieben fehle doch Personal, gerade jetzt zur Zeit.<br>Hier wird an der Wahrheit mit der Arbeitslosigkeit vorbei diskutiert<br>und mit Darstellung von Friedrich Merz, nur der Arbeitslose verliert.<br><br>Wenn die Ampel-Koalitition und die Opposition sich st\u00e4ndig streiten,<br>der AFD, als \u201elachenden Dritten\u201c, Stimmengewinn und Weg bereiten.<br>Ich spreche nicht von Sahra Wagenknecht oder von der linken Partei,<br>denn eine ernstzunehmende Gefahr f\u00fcr die Demokratie nicht dabei.<br><br><strong>\u00a9<\/strong> Rainer Dambroth &#8211; 10.12.2023 &#8211; <strong><a href=\"https:\/\/www.overline-poetry.de\/\">www.overline-poetry.de<\/a><\/strong><br><br><\/p>\n","protected":false},"excerpt":{"rendered":"<p>Friedrich Merz will sich mit Schaumschl\u00e4gerei die Macht erk\u00e4mpfen,er sollte sich an Fehler der CDU erinnern und seinen Ton &#8222;d\u00e4mpfen&#8220;.Mit zu viel Schaumschl\u00e4gerei die &#8222;regierende Ampel&#8220; niederzwingen,aber die Schaumblasen an den 16 Jahren CDU-Stillstand zerspringen. Er wirft der \u201eregierenden Ampel\u201c ein Versagen beim Regieren vor,mit dieser \u00c4u\u00dferung, f\u00fcr die Vergangenheit der CDU, ein \u201eEigentor\u201c.In 16 [&hellip;]<\/p>\n","protected":false},"author":3,"featured_media":0,"parent":0,"menu_order":0,"comment_status":"closed","ping_status":"closed","template":"","meta":{"footnotes":""},"class_list":["post-8160","page","type-page","status-publish","hentry"],"jetpack_sharing_enabled":true,"_links":{"self":[{"href":"https:\/\/www.overline-design.de\/poetry\/index.php?rest_route=\/wp\/v2\/pages\/8160","targetHints":{"allow":["GET"]}}],"collection":[{"href":"https:\/\/www.overline-design.de\/poetry\/index.php?rest_route=\/wp\/v2\/pages"}],"about":[{"href":"https:\/\/www.overline-design.de\/poetry\/index.php?rest_route=\/wp\/v2\/types\/page"}],"author":[{"embeddable":true,"href":"https:\/\/www.overline-design.de\/poetry\/index.php?rest_route=\/wp\/v2\/users\/3"}],"replies":[{"embeddable":true,"href":"https:\/\/www.overline-design.de\/poetry\/index.php?rest_route=%2Fwp%2Fv2%2Fcomments&post=8160"}],"version-history":[{"count":15,"href":"https:\/\/www.overline-design.de\/poetry\/index.php?rest_route=\/wp\/v2\/pages\/8160\/revisions"}],"predecessor-version":[{"id":8179,"href":"https:\/\/www.overline-design.de\/poetry\/index.php?rest_route=\/wp\/v2\/pages\/8160\/revisions\/8179"}],"wp:attachment":[{"href":"https:\/\/www.overline-design.de\/poetry\/index.php?rest_route=%2Fwp%2Fv2%2Fmedia&parent=8160"}],"curies":[{"name":"wp","href":"https:\/\/api.w.org\/{rel}","templated":true}]}}